{"id":3573,"date":"2023-08-23T14:33:08","date_gmt":"2023-08-23T17:33:08","guid":{"rendered":"https:\/\/peper.com.ar\/tienda\/?post_type=product&#038;p=3573"},"modified":"2023-12-14T13:57:41","modified_gmt":"2023-12-14T16:57:41","slug":"1760-16","status":"publish","type":"product","link":"https:\/\/peper.com.ar\/tienda\/producto\/1760-16\/","title":{"rendered":"VOG 2VOICE  &#8211; VOG 5W"},"content":{"rendered":"","protected":false},"excerpt":{"rendered":"<p><b>Para la instalaci\u00f3n in-out,<\/b><b> NO <\/b><b>es necesario el adaptador de impedancia 1750\/50<\/b><\/p>\n<ul>\n<li style=\"font-weight: 400;\" aria-level=\"1\"><span style=\"font-weight: 400;\">Pantalla de 5\u00bb 800 x 480 p\u00edxeles<\/span><\/li>\n<li style=\"font-weight: 400;\" aria-level=\"1\"><span style=\"font-weight: 400;\">Frente de vidrio (hoja \u00fanica, sin juntas)<\/span><\/li>\n<li style=\"font-weight: 400;\" aria-level=\"1\"><span style=\"font-weight: 400;\">Montaje en encimera (o tablero de mesa con adaptador 1760\/52)<\/span><\/li>\n<li style=\"font-weight: 400;\" aria-level=\"1\"><span style=\"font-weight: 400;\">Micr\u00f3fono y altavoz no visibles<\/span><\/li>\n<li style=\"font-weight: 400;\" aria-level=\"1\"><span style=\"font-weight: 400;\">MEN\u00da gr\u00e1fico navegable<\/span><\/li>\n<li style=\"font-weight: 400;\" aria-level=\"1\"><span style=\"font-weight: 400;\">Ajustes de audio y video OSD<\/span><\/li>\n<li style=\"font-weight: 400;\" aria-level=\"1\"><span style=\"font-weight: 400;\">Se\u00f1al de llamada con iconos<\/span><\/li>\n<li style=\"font-weight: 400;\" aria-level=\"1\"><span style=\"font-weight: 400;\">Ayuda para personas con discapacidad auditiva (ILA)<\/span><\/li>\n<li style=\"font-weight: 400;\" aria-level=\"1\"><span style=\"font-weight: 400;\">Modo manos libres o pulsar-para-hablar<\/span><\/li>\n<li style=\"font-weight: 400;\" aria-level=\"1\"><span style=\"font-weight: 400;\">32 llamadas de intercomunicaci\u00f3n con directorio<\/span><\/li>\n<li style=\"font-weight: 400;\" aria-level=\"1\"><span style=\"font-weight: 400;\">32 activaciones con directorio<\/span><\/li>\n<li style=\"font-weight: 400;\" aria-level=\"1\"><span style=\"font-weight: 400;\">8 radiomandos Yokis<\/span><\/li>\n<li style=\"font-weight: 400;\" aria-level=\"1\"><span style=\"font-weight: 400;\">Melod\u00edas y vol\u00famenes seleccionables<\/span><\/li>\n<li style=\"font-weight: 400;\" aria-level=\"1\"><span style=\"font-weight: 400;\">Entrada de llamada de P\u00c1NICO<\/span><\/li>\n<li style=\"font-weight: 400;\" aria-level=\"1\"><span style=\"font-weight: 400;\">Salida de repetici\u00f3n de llamada<\/span><\/li>\n<li style=\"font-weight: 400;\" aria-level=\"1\"><span style=\"font-weight: 400;\">Entrada de llamada de piso<\/span><\/li>\n<li style=\"font-weight: 400;\" aria-level=\"1\"><span style=\"font-weight: 400;\">Desv\u00edo de llamadas a smartphone o videoportero con memorizaci\u00f3n de llamadas perdidas<\/span><\/li>\n<li style=\"font-weight: 400;\" aria-level=\"1\"><span style=\"font-weight: 400;\">Ranura para tarjetas SD\u00a0\u00a0<\/span><\/li>\n<li style=\"font-weight: 400;\" aria-level=\"1\"><span style=\"font-weight: 400;\">Botones para funciones inmediatas:<br \/>\n<\/span>apertura de entrada<br \/>\n2 comandos YOKIS<br \/>\nTLC de encendido autom\u00e1tico y c\u00edclico<br \/>\nactivaci\u00f3n preferida<br \/>\nllamada de intercom. preferida<br \/>\nnavegaci\u00f3n en los men\u00fas<br \/>\n<span style=\"font-weight: 400;\">llamada a centralita<\/span><\/li>\n<li style=\"font-weight: 400;\" aria-level=\"1\"><span style=\"font-weight: 400;\">Compatible con AMAZON ALEXA<\/span><\/li>\n<li aria-level=\"1\"><span style=\"font-weight: 400;\">Los botones soft touch en la parte inferior solo son visibles cuando se necesitan, lo que garantiza una mayor limpieza gr\u00e1fica y facilidad de uso.<\/span><\/li>\n<li aria-level=\"1\"><span style=\"font-weight: 400;\">Hay 3 modos de funcionamiento disponibles para el MUTE:<\/span><br \/>\n<span style=\"font-weight: 400;\">&#8211; ENCENDIDO \/ APAGADO manual<br \/>\n<\/span><span style=\"font-weight: 400;\">&#8211; restablecimiento autom\u00e1tico del tono de llamada despu\u00e9s de 8 horaS<br \/>\n<\/span><span style=\"font-weight: 400;\">&#8211; programaci\u00f3n diaria \/ semanal<\/span><\/li>\n<li aria-level=\"1\">Y muchas m\u00e1s funciones..<\/li>\n<\/ul>\n","protected":false},"featured_media":3574,"comment_status":"open","ping_status":"closed","template":"","meta":[],"product_cat":[160,154],"product_tag":[145],"yoast_head":"<!-- This site is optimized with the Yoast SEO plugin v21.1 - https:\/\/yoast.com\/wordpress\/plugins\/seo\/ -->\n<title>VOG 2VOICE - VOG 5W - Peper<\/title>\n<meta name=\"robots\" content=\"index, follow, max-snippet:-1, max-image-preview:large, max-video-preview:-1\" \/>\n<link rel=\"canonical\" href=\"https:\/\/peper.com.ar\/tienda\/producto\/1760-16\/\" \/>\n<meta property=\"og:locale\" content=\"es_ES\" \/>\n<meta property=\"og:type\" content=\"article\" \/>\n<meta property=\"og:title\" content=\"VOG 2VOICE - VOG 5W - Peper\" \/>\n<meta property=\"og:description\" content=\"Para la instalaci\u00f3n in-out, NO es necesario el adaptador de impedancia 1750\/50   Pantalla de 5&#039;&#039; 800 x 480 p\u00edxeles  Frente de vidrio (hoja \u00fanica, sin juntas)  Montaje en encimera (o tablero de mesa con adaptador 1760\/52)  Micr\u00f3fono y altavoz no visibles  MEN\u00da gr\u00e1fico navegable  Ajustes de audio y video OSD  Se\u00f1al de llamada con iconos  Ayuda para personas con discapacidad auditiva (ILA)  Modo manos libres o pulsar-para-hablar  32 llamadas de intercomunicaci\u00f3n con directorio  32 activaciones con directorio  8 radiomandos Yokis  Melod\u00edas y vol\u00famenes seleccionables  Entrada de llamada de P\u00c1NICO  Salida de repetici\u00f3n de llamada  Entrada de llamada de piso  Desv\u00edo de llamadas a smartphone o videoportero con memorizaci\u00f3n de llamadas perdidas  Ranura para tarjetas SD\u00a0\u00a0  Botones para funciones inmediatas: apertura de entrada 2 comandos YOKIS TLC de encendido autom\u00e1tico y c\u00edclico activaci\u00f3n preferida llamada de intercom. preferida navegaci\u00f3n en los men\u00fas llamada a centralita  Compatible con AMAZON ALEXA  Los botones soft touch en la parte inferior solo son visibles cuando se necesitan, lo que garantiza una mayor limpieza gr\u00e1fica y facilidad de uso.  Hay 3 modos de funcionamiento disponibles para el MUTE: - ENCENDIDO \/ APAGADO manual - restablecimiento autom\u00e1tico del tono de llamada despu\u00e9s de 8 horaS - programaci\u00f3n diaria \/ semanal  Y muchas m\u00e1s funciones..\" \/>\n<meta property=\"og:url\" content=\"https:\/\/peper.com.ar\/tienda\/producto\/1760-16\/\" \/>\n<meta property=\"og:site_name\" content=\"Peper\" \/>\n<meta property=\"article:modified_time\" content=\"2023-12-14T16:57:41+00:00\" \/>\n<meta property=\"og:image\" content=\"https:\/\/peper.com.ar\/tienda\/wp-content\/uploads\/ph_1760-16_01_buttons_display-on-scaled.webp\" \/>\n\t<meta property=\"og:image:width\" content=\"1707\" \/>\n\t<meta property=\"og:image:height\" content=\"2560\" \/>\n\t<meta property=\"og:image:type\" content=\"image\/webp\" \/>\n<meta name=\"twitter:card\" content=\"summary_large_image\" \/>\n<script type=\"application\/ld+json\" class=\"yoast-schema-graph\">{\"@context\":\"https:\/\/schema.org\",\"@graph\":[{\"@type\":\"WebPage\",\"@id\":\"https:\/\/peper.com.ar\/tienda\/producto\/1760-16\/\",\"url\":\"https:\/\/peper.com.ar\/tienda\/producto\/1760-16\/\",\"name\":\"VOG 2VOICE - VOG 5W - Peper\",\"isPartOf\":{\"@id\":\"https:\/\/peper.com.ar\/tienda\/#website\"},\"datePublished\":\"2023-08-23T17:33:08+00:00\",\"dateModified\":\"2023-12-14T16:57:41+00:00\",\"breadcrumb\":{\"@id\":\"https:\/\/peper.com.ar\/tienda\/producto\/1760-16\/#breadcrumb\"},\"inLanguage\":\"es\",\"potentialAction\":[{\"@type\":\"ReadAction\",\"target\":[\"https:\/\/peper.com.ar\/tienda\/producto\/1760-16\/\"]}]},{\"@type\":\"BreadcrumbList\",\"@id\":\"https:\/\/peper.com.ar\/tienda\/producto\/1760-16\/#breadcrumb\",\"itemListElement\":[{\"@type\":\"ListItem\",\"position\":1,\"name\":\"Portada\",\"item\":\"https:\/\/peper.com.ar\/tienda\/\"},{\"@type\":\"ListItem\",\"position\":2,\"name\":\"Productos\",\"item\":\"https:\/\/peper.com.ar\/tienda\/productos\/\"},{\"@type\":\"ListItem\",\"position\":3,\"name\":\"VOG 2VOICE &#8211; VOG 5W\"}]},{\"@type\":\"WebSite\",\"@id\":\"https:\/\/peper.com.ar\/tienda\/#website\",\"url\":\"https:\/\/peper.com.ar\/tienda\/\",\"name\":\"Peper\",\"description\":\"Tecnolog\u00eda que abre puertas\",\"potentialAction\":[{\"@type\":\"SearchAction\",\"target\":{\"@type\":\"EntryPoint\",\"urlTemplate\":\"https:\/\/peper.com.ar\/tienda\/?s={search_term_string}\"},\"query-input\":\"required name=search_term_string\"}],\"inLanguage\":\"es\"}]}<\/script>\n<!-- \/ Yoast SEO plugin. -->","yoast_head_json":{"title":"VOG 2VOICE - VOG 5W - Peper","robots":{"index":"index","follow":"follow","max-snippet":"max-snippet:-1","max-image-preview":"max-image-preview:large","max-video-preview":"max-video-preview:-1"},"canonical":"https:\/\/peper.com.ar\/tienda\/producto\/1760-16\/","og_locale":"es_ES","og_type":"article","og_title":"VOG 2VOICE - VOG 5W - Peper","og_description":"Para la instalaci\u00f3n in-out, NO es necesario el adaptador de impedancia 1750\/50   Pantalla de 5'' 800 x 480 p\u00edxeles  Frente de vidrio (hoja \u00fanica, sin juntas)  Montaje en encimera (o tablero de mesa con adaptador 1760\/52)  Micr\u00f3fono y altavoz no visibles  MEN\u00da gr\u00e1fico navegable  Ajustes de audio y video OSD  Se\u00f1al de llamada con iconos  Ayuda para personas con discapacidad auditiva (ILA)  Modo manos libres o pulsar-para-hablar  32 llamadas de intercomunicaci\u00f3n con directorio  32 activaciones con directorio  8 radiomandos Yokis  Melod\u00edas y vol\u00famenes seleccionables  Entrada de llamada de P\u00c1NICO  Salida de repetici\u00f3n de llamada  Entrada de llamada de piso  Desv\u00edo de llamadas a smartphone o videoportero con memorizaci\u00f3n de llamadas perdidas  Ranura para tarjetas SD\u00a0\u00a0  Botones para funciones inmediatas: apertura de entrada 2 comandos YOKIS TLC de encendido autom\u00e1tico y c\u00edclico activaci\u00f3n preferida llamada de intercom. preferida navegaci\u00f3n en los men\u00fas llamada a centralita  Compatible con AMAZON ALEXA  Los botones soft touch en la parte inferior solo son visibles cuando se necesitan, lo que garantiza una mayor limpieza gr\u00e1fica y facilidad de uso.  Hay 3 modos de funcionamiento disponibles para el MUTE: - ENCENDIDO \/ APAGADO manual - restablecimiento autom\u00e1tico del tono de llamada despu\u00e9s de 8 horaS - programaci\u00f3n diaria \/ semanal  Y muchas m\u00e1s funciones..","og_url":"https:\/\/peper.com.ar\/tienda\/producto\/1760-16\/","og_site_name":"Peper","article_modified_time":"2023-12-14T16:57:41+00:00","og_image":[{"width":1707,"height":2560,"url":"https:\/\/peper.com.ar\/tienda\/wp-content\/uploads\/ph_1760-16_01_buttons_display-on-scaled.webp","type":"image\/webp"}],"twitter_card":"summary_large_image","schema":{"@context":"https:\/\/schema.org","@graph":[{"@type":"WebPage","@id":"https:\/\/peper.com.ar\/tienda\/producto\/1760-16\/","url":"https:\/\/peper.com.ar\/tienda\/producto\/1760-16\/","name":"VOG 2VOICE - VOG 5W - Peper","isPartOf":{"@id":"https:\/\/peper.com.ar\/tienda\/#website"},"datePublished":"2023-08-23T17:33:08+00:00","dateModified":"2023-12-14T16:57:41+00:00","breadcrumb":{"@id":"https:\/\/peper.com.ar\/tienda\/producto\/1760-16\/#breadcrumb"},"inLanguage":"es","potentialAction":[{"@type":"ReadAction","target":["https:\/\/peper.com.ar\/tienda\/producto\/1760-16\/"]}]},{"@type":"BreadcrumbList","@id":"https:\/\/peper.com.ar\/tienda\/producto\/1760-16\/#breadcrumb","itemListElement":[{"@type":"ListItem","position":1,"name":"Portada","item":"https:\/\/peper.com.ar\/tienda\/"},{"@type":"ListItem","position":2,"name":"Productos","item":"https:\/\/peper.com.ar\/tienda\/productos\/"},{"@type":"ListItem","position":3,"name":"VOG 2VOICE &#8211; VOG 5W"}]},{"@type":"WebSite","@id":"https:\/\/peper.com.ar\/tienda\/#website","url":"https:\/\/peper.com.ar\/tienda\/","name":"Peper","description":"Tecnolog\u00eda que abre puertas","potentialAction":[{"@type":"SearchAction","target":{"@type":"EntryPoint","urlTemplate":"https:\/\/peper.com.ar\/tienda\/?s={search_term_string}"},"query-input":"required name=search_term_string"}],"inLanguage":"es"}]}},"_links":{"self":[{"href":"https:\/\/peper.com.ar\/tienda\/wp-json\/wp\/v2\/product\/3573"}],"collection":[{"href":"https:\/\/peper.com.ar\/tienda\/wp-json\/wp\/v2\/product"}],"about":[{"href":"https:\/\/peper.com.ar\/tienda\/wp-json\/wp\/v2\/types\/product"}],"replies":[{"embeddable":true,"href":"https:\/\/peper.com.ar\/tienda\/wp-json\/wp\/v2\/comments?post=3573"}],"wp:featuredmedia":[{"embeddable":true,"href":"https:\/\/peper.com.ar\/tienda\/wp-json\/wp\/v2\/media\/3574"}],"wp:attachment":[{"href":"https:\/\/peper.com.ar\/tienda\/wp-json\/wp\/v2\/media?parent=3573"}],"wp:term":[{"taxonomy":"product_cat","embeddable":true,"href":"https:\/\/peper.com.ar\/tienda\/wp-json\/wp\/v2\/product_cat?post=3573"},{"taxonomy":"product_tag","embeddable":true,"href":"https:\/\/peper.com.ar\/tienda\/wp-json\/wp\/v2\/product_tag?post=3573"}],"curies":[{"name":"wp","href":"https:\/\/api.w.org\/{rel}","templated":true}]}}