{"id":3564,"date":"2023-08-23T14:03:45","date_gmt":"2023-08-23T17:03:45","guid":{"rendered":"https:\/\/peper.com.ar\/tienda\/?post_type=product&#038;p=3564"},"modified":"2023-12-21T10:25:56","modified_gmt":"2023-12-21T13:25:56","slug":"1760-6","status":"publish","type":"product","link":"https:\/\/peper.com.ar\/tienda\/producto\/1760-6\/","title":{"rendered":"VOG 2VOICE  &#8211; VOG 5"},"content":{"rendered":"<p>Para la conexi\u00f3n en in\/out se necesita el adaptador de impedancia 1750\/50 que se debe colocar en la ranura trasera (como para el 1750\/6)<\/p>\n<p>&nbsp;<\/p>\n<p><a href=\"https:\/\/www.urmet.com\/Portals\/0\/U_ST_VOG5-1760-6_EN_low.pdf\" target=\"_blank\" rel=\"noopener noreferrer\"><strong>VER HOJA DE DATOS<\/strong><\/a><\/p>\n<p><a href=\"https:\/\/peper.com.ar\/wp-content\/uploads\/1760_6-Manual-usuario-completo.pdf\" target=\"_blank\" rel=\"noopener noreferrer\"><strong>DESCARGAR MANUAL<\/strong><\/a><\/p>\n","protected":false},"excerpt":{"rendered":"<p><b>Principales caracter\u00edsticas:<\/b><\/p>\n<ul>\n<li style=\"font-weight: 400;\" aria-level=\"1\"><span style=\"font-weight: 400;\">Pantalla LCD de 5\u00bb<\/span><\/li>\n<li>Dimensiones: 160 x 130 x 26 mm (altura x ancho x profundidad)<\/li>\n<li style=\"font-weight: 400;\" aria-level=\"1\"><span style=\"font-weight: 400;\">Montaje sobre pared (o tablero de mesa con kit 1760\/52)<\/span><\/li>\n<li style=\"font-weight: 400;\" aria-level=\"1\"><span style=\"font-weight: 400;\">Micr\u00f3fono y altavoz no visibles<\/span><\/li>\n<li style=\"font-weight: 400;\" aria-level=\"1\"><span style=\"font-weight: 400;\">Modo manos libres o pulsar para hablar<\/span><\/li>\n<li><span style=\"font-weight: 400;\">Botones suaves al tacto. Sin botones f\u00edsicos<\/span>\n<ul>\n<li style=\"font-weight: 400;\" aria-level=\"1\">Apertura de entrada principal y secundaria<\/li>\n<li style=\"font-weight: 400;\" aria-level=\"1\">Activaci\u00f3n de rel\u00e9 2Voice<\/li>\n<li style=\"font-weight: 400;\" aria-level=\"1\">TLC de encendido autom\u00e1tico y c\u00edclico<\/li>\n<li style=\"font-weight: 400;\" aria-level=\"1\"><span style=\"font-weight: 400;\">Llamada a conserjer\u00eda<\/span><\/li>\n<li aria-level=\"1\">Hasta 3 llamadas de intercomunicaci\u00f3n a otros monitores o tel\u00e9fonos<\/li>\n<\/ul>\n<\/li>\n<li style=\"font-weight: 400;\" aria-level=\"1\"><span style=\"font-weight: 400;\">Salida de timbre repetidor<\/span><\/li>\n<li style=\"font-weight: 400;\" aria-level=\"1\"><span style=\"font-weight: 400;\">Entrada de pulsador de timbre de puerta<\/span><\/li>\n<li style=\"font-weight: 400;\" aria-level=\"1\"><span style=\"font-weight: 400;\">Ajustes OSD para:<\/span>\n<ul>\n<li style=\"font-weight: 400;\" aria-level=\"1\">brillo<\/li>\n<li style=\"font-weight: 400;\" aria-level=\"1\">contraste<\/li>\n<li style=\"font-weight: 400;\" aria-level=\"1\"><span style=\"font-weight: 400;\">color<\/span><\/li>\n<\/ul>\n<\/li>\n<li aria-level=\"1\"><span style=\"font-weight: 400;\">Bot\u00f3n de voz y abrepuertas identificable por personas con discapacidad visual<\/span><\/li>\n<li aria-level=\"1\"><span style=\"font-weight: 400;\">MUTE con doble funcionalidad:<\/span>\n<ul>\n<li style=\"font-weight: 400;\" aria-level=\"1\"><span style=\"font-weight: 400;\">ENCENDIDO \/ APAGADO manual\u00a0\u00a0\u00a0\u00a0\u00a0\u00a0\u00a0<\/span><\/li>\n<li style=\"font-weight: 400;\" aria-level=\"1\"><span style=\"font-weight: 400;\">Reinicio autom\u00e1tico del timbre despu\u00e9s de 8 h<\/span><\/li>\n<\/ul>\n<\/li>\n<li style=\"font-weight: 400;\" aria-level=\"1\"><span style=\"font-weight: 400;\">Funci\u00f3n de apertura de puerta autom\u00e1tica<\/span><\/li>\n<li style=\"font-weight: 400;\" aria-level=\"1\"><span style=\"font-weight: 400;\">Ajuste del volumen del tono de llamada en 3 niveles<\/span><\/li>\n<li>5 selecciones posibles para el tono de llamada<\/li>\n<li style=\"font-weight: 400;\" aria-level=\"1\"><span style=\"font-weight: 400;\">Se\u00f1al de puerta abierta<\/span><\/li>\n<li style=\"font-weight: 400;\" aria-level=\"1\"><span style=\"font-weight: 400;\">Funci\u00f3n ILA para personas con discapacidad auditiva<\/span><\/li>\n<li style=\"font-weight: 400;\" aria-level=\"1\"><span style=\"font-weight: 400;\">Funci\u00f3n de limpieza de pantalla<\/span><\/li>\n<li style=\"font-weight: 400;\" aria-level=\"1\"><span style=\"font-weight: 400;\">Sensor IR y gestos<\/span><\/li>\n<\/ul>\n","protected":false},"featured_media":3580,"comment_status":"open","ping_status":"closed","template":"","meta":[],"product_cat":[160,154],"product_tag":[145],"yoast_head":"<!-- This site is optimized with the Yoast SEO plugin v21.1 - https:\/\/yoast.com\/wordpress\/plugins\/seo\/ -->\n<title>VOG 2VOICE - VOG 5 - Peper<\/title>\n<meta name=\"robots\" content=\"index, follow, max-snippet:-1, max-image-preview:large, max-video-preview:-1\" \/>\n<link rel=\"canonical\" href=\"https:\/\/peper.com.ar\/tienda\/producto\/1760-6\/\" \/>\n<meta property=\"og:locale\" content=\"es_ES\" \/>\n<meta property=\"og:type\" content=\"article\" \/>\n<meta property=\"og:title\" content=\"VOG 2VOICE - VOG 5 - Peper\" \/>\n<meta property=\"og:description\" content=\"Principales caracter\u00edsticas:   Pantalla LCD de 5&#039;&#039;  Dimensiones: 160 x 130 x 26 mm (altura x ancho x profundidad)  Montaje sobre pared (o tablero de mesa con kit 1760\/52)  Micr\u00f3fono y altavoz no visibles  Modo manos libres o pulsar para hablar  Botones suaves al tacto. Sin botones f\u00edsicos   Apertura de entrada principal y secundaria  Activaci\u00f3n de rel\u00e9 2Voice  TLC de encendido autom\u00e1tico y c\u00edclico  Llamada a conserjer\u00eda  Hasta 3 llamadas de intercomunicaci\u00f3n a otros monitores o tel\u00e9fonos    Salida de timbre repetidor  Entrada de pulsador de timbre de puerta  Ajustes OSD para:   brillo  contraste  color    Bot\u00f3n de voz y abrepuertas identificable por personas con discapacidad visual  MUTE con doble funcionalidad:   ENCENDIDO \/ APAGADO manual\u00a0\u00a0\u00a0\u00a0\u00a0\u00a0\u00a0  Reinicio autom\u00e1tico del timbre despu\u00e9s de 8 h    Funci\u00f3n de apertura de puerta autom\u00e1tica  Ajuste del volumen del tono de llamada en 3 niveles  5 selecciones posibles para el tono de llamada  Se\u00f1al de puerta abierta  Funci\u00f3n ILA para personas con discapacidad auditiva  Funci\u00f3n de limpieza de pantalla  Sensor IR y gestos\" \/>\n<meta property=\"og:url\" content=\"https:\/\/peper.com.ar\/tienda\/producto\/1760-6\/\" \/>\n<meta property=\"og:site_name\" content=\"Peper\" \/>\n<meta property=\"article:modified_time\" content=\"2023-12-21T13:25:56+00:00\" \/>\n<meta property=\"og:image\" content=\"https:\/\/peper.com.ar\/tienda\/wp-content\/uploads\/1760-6_1.png\" \/>\n\t<meta property=\"og:image:width\" content=\"1080\" \/>\n\t<meta property=\"og:image:height\" content=\"1080\" \/>\n\t<meta property=\"og:image:type\" content=\"image\/png\" \/>\n<meta name=\"twitter:card\" content=\"summary_large_image\" \/>\n<meta name=\"twitter:label1\" content=\"Tiempo de lectura\" \/>\n\t<meta name=\"twitter:data1\" content=\"1 minuto\" \/>\n<script type=\"application\/ld+json\" class=\"yoast-schema-graph\">{\"@context\":\"https:\/\/schema.org\",\"@graph\":[{\"@type\":\"WebPage\",\"@id\":\"https:\/\/peper.com.ar\/tienda\/producto\/1760-6\/\",\"url\":\"https:\/\/peper.com.ar\/tienda\/producto\/1760-6\/\",\"name\":\"VOG 2VOICE - VOG 5 - Peper\",\"isPartOf\":{\"@id\":\"https:\/\/peper.com.ar\/tienda\/#website\"},\"datePublished\":\"2023-08-23T17:03:45+00:00\",\"dateModified\":\"2023-12-21T13:25:56+00:00\",\"breadcrumb\":{\"@id\":\"https:\/\/peper.com.ar\/tienda\/producto\/1760-6\/#breadcrumb\"},\"inLanguage\":\"es\",\"potentialAction\":[{\"@type\":\"ReadAction\",\"target\":[\"https:\/\/peper.com.ar\/tienda\/producto\/1760-6\/\"]}]},{\"@type\":\"BreadcrumbList\",\"@id\":\"https:\/\/peper.com.ar\/tienda\/producto\/1760-6\/#breadcrumb\",\"itemListElement\":[{\"@type\":\"ListItem\",\"position\":1,\"name\":\"Portada\",\"item\":\"https:\/\/peper.com.ar\/tienda\/\"},{\"@type\":\"ListItem\",\"position\":2,\"name\":\"Productos\",\"item\":\"https:\/\/peper.com.ar\/tienda\/productos\/\"},{\"@type\":\"ListItem\",\"position\":3,\"name\":\"VOG 2VOICE &#8211; VOG 5\"}]},{\"@type\":\"WebSite\",\"@id\":\"https:\/\/peper.com.ar\/tienda\/#website\",\"url\":\"https:\/\/peper.com.ar\/tienda\/\",\"name\":\"Peper\",\"description\":\"Tecnolog\u00eda que abre puertas\",\"potentialAction\":[{\"@type\":\"SearchAction\",\"target\":{\"@type\":\"EntryPoint\",\"urlTemplate\":\"https:\/\/peper.com.ar\/tienda\/?s={search_term_string}\"},\"query-input\":\"required name=search_term_string\"}],\"inLanguage\":\"es\"}]}<\/script>\n<!-- \/ Yoast SEO plugin. -->","yoast_head_json":{"title":"VOG 2VOICE - VOG 5 - Peper","robots":{"index":"index","follow":"follow","max-snippet":"max-snippet:-1","max-image-preview":"max-image-preview:large","max-video-preview":"max-video-preview:-1"},"canonical":"https:\/\/peper.com.ar\/tienda\/producto\/1760-6\/","og_locale":"es_ES","og_type":"article","og_title":"VOG 2VOICE - VOG 5 - Peper","og_description":"Principales caracter\u00edsticas:   Pantalla LCD de 5''  Dimensiones: 160 x 130 x 26 mm (altura x ancho x profundidad)  Montaje sobre pared (o tablero de mesa con kit 1760\/52)  Micr\u00f3fono y altavoz no visibles  Modo manos libres o pulsar para hablar  Botones suaves al tacto. Sin botones f\u00edsicos   Apertura de entrada principal y secundaria  Activaci\u00f3n de rel\u00e9 2Voice  TLC de encendido autom\u00e1tico y c\u00edclico  Llamada a conserjer\u00eda  Hasta 3 llamadas de intercomunicaci\u00f3n a otros monitores o tel\u00e9fonos    Salida de timbre repetidor  Entrada de pulsador de timbre de puerta  Ajustes OSD para:   brillo  contraste  color    Bot\u00f3n de voz y abrepuertas identificable por personas con discapacidad visual  MUTE con doble funcionalidad:   ENCENDIDO \/ APAGADO manual\u00a0\u00a0\u00a0\u00a0\u00a0\u00a0\u00a0  Reinicio autom\u00e1tico del timbre despu\u00e9s de 8 h    Funci\u00f3n de apertura de puerta autom\u00e1tica  Ajuste del volumen del tono de llamada en 3 niveles  5 selecciones posibles para el tono de llamada  Se\u00f1al de puerta abierta  Funci\u00f3n ILA para personas con discapacidad auditiva  Funci\u00f3n de limpieza de pantalla  Sensor IR y gestos","og_url":"https:\/\/peper.com.ar\/tienda\/producto\/1760-6\/","og_site_name":"Peper","article_modified_time":"2023-12-21T13:25:56+00:00","og_image":[{"width":1080,"height":1080,"url":"https:\/\/peper.com.ar\/tienda\/wp-content\/uploads\/1760-6_1.png","type":"image\/png"}],"twitter_card":"summary_large_image","twitter_misc":{"Tiempo de lectura":"1 minuto"},"schema":{"@context":"https:\/\/schema.org","@graph":[{"@type":"WebPage","@id":"https:\/\/peper.com.ar\/tienda\/producto\/1760-6\/","url":"https:\/\/peper.com.ar\/tienda\/producto\/1760-6\/","name":"VOG 2VOICE - VOG 5 - Peper","isPartOf":{"@id":"https:\/\/peper.com.ar\/tienda\/#website"},"datePublished":"2023-08-23T17:03:45+00:00","dateModified":"2023-12-21T13:25:56+00:00","breadcrumb":{"@id":"https:\/\/peper.com.ar\/tienda\/producto\/1760-6\/#breadcrumb"},"inLanguage":"es","potentialAction":[{"@type":"ReadAction","target":["https:\/\/peper.com.ar\/tienda\/producto\/1760-6\/"]}]},{"@type":"BreadcrumbList","@id":"https:\/\/peper.com.ar\/tienda\/producto\/1760-6\/#breadcrumb","itemListElement":[{"@type":"ListItem","position":1,"name":"Portada","item":"https:\/\/peper.com.ar\/tienda\/"},{"@type":"ListItem","position":2,"name":"Productos","item":"https:\/\/peper.com.ar\/tienda\/productos\/"},{"@type":"ListItem","position":3,"name":"VOG 2VOICE &#8211; VOG 5"}]},{"@type":"WebSite","@id":"https:\/\/peper.com.ar\/tienda\/#website","url":"https:\/\/peper.com.ar\/tienda\/","name":"Peper","description":"Tecnolog\u00eda que abre puertas","potentialAction":[{"@type":"SearchAction","target":{"@type":"EntryPoint","urlTemplate":"https:\/\/peper.com.ar\/tienda\/?s={search_term_string}"},"query-input":"required name=search_term_string"}],"inLanguage":"es"}]}},"_links":{"self":[{"href":"https:\/\/peper.com.ar\/tienda\/wp-json\/wp\/v2\/product\/3564"}],"collection":[{"href":"https:\/\/peper.com.ar\/tienda\/wp-json\/wp\/v2\/product"}],"about":[{"href":"https:\/\/peper.com.ar\/tienda\/wp-json\/wp\/v2\/types\/product"}],"replies":[{"embeddable":true,"href":"https:\/\/peper.com.ar\/tienda\/wp-json\/wp\/v2\/comments?post=3564"}],"wp:featuredmedia":[{"embeddable":true,"href":"https:\/\/peper.com.ar\/tienda\/wp-json\/wp\/v2\/media\/3580"}],"wp:attachment":[{"href":"https:\/\/peper.com.ar\/tienda\/wp-json\/wp\/v2\/media?parent=3564"}],"wp:term":[{"taxonomy":"product_cat","embeddable":true,"href":"https:\/\/peper.com.ar\/tienda\/wp-json\/wp\/v2\/product_cat?post=3564"},{"taxonomy":"product_tag","embeddable":true,"href":"https:\/\/peper.com.ar\/tienda\/wp-json\/wp\/v2\/product_tag?post=3564"}],"curies":[{"name":"wp","href":"https:\/\/api.w.org\/{rel}","templated":true}]}}