{"id":3457,"date":"2022-06-02T17:01:23","date_gmt":"2022-06-02T17:01:23","guid":{"rendered":"https:\/\/peper.com.ar\/tienda\/?post_type=product&#038;p=3457"},"modified":"2023-01-18T17:49:43","modified_gmt":"2023-01-18T17:49:43","slug":"1730-65","status":"publish","type":"product","link":"https:\/\/peper.com.ar\/tienda\/producto\/1730-65\/","title":{"rendered":"M\u00f3dulo lector de llaves para Kit Familiar Expandible"},"content":{"rendered":"","protected":false},"excerpt":{"rendered":"<p><strong><em>Una inversi\u00f3n para la seguridad de tu hogar.<\/em><\/strong><\/p>\n<p><span style=\"font-weight: 400;\">Sistema de videoportero familiar, que brinda<strong> seguridad y control de acceso<\/strong> a tu hogar, con el dise\u00f1o y la calidad de los productos <strong>Urmet.<\/strong><\/span><\/p>\n<p><strong>\u00bfQu\u00e9 incluye este producto?<\/strong><\/p>\n<ul>\n<li><span style=\"font-weight: 400;\">M\u00f3dulo lector de llaves magn\u00e9ticas para control de acceso<\/span><\/li>\n<li>3 llaves magn\u00e9ticas<\/li>\n<li>2 llaves de gesti\u00f3n (permiten dar de alta o baja a las otras 3)<\/li>\n<\/ul>\n<p>El producto se inserta dentro del frente de calle, no ocupa espacio adicional.<\/p>\n<p><strong>\u00bfQuer\u00e9s saber m\u00e1s sobre este producto?<\/strong><\/p>\n<h5><a href=\"https:\/\/peper.com.ar\/wp-content\/uploads\/Kit-Familiar-Expantible-videoportero-para-hogares-PEPER-URMET.pdf\">DESCARG\u00c1 EL CAT\u00c1LOGO AQU\u00cd<\/a><\/h5>\n","protected":false},"featured_media":3458,"comment_status":"open","ping_status":"closed","template":"","meta":[],"product_cat":[151,153],"product_tag":[],"yoast_head":"<!-- This site is optimized with the Yoast SEO plugin v21.1 - https:\/\/yoast.com\/wordpress\/plugins\/seo\/ -->\n<title>M\u00f3dulo lector de llaves para Kit Familiar Expandible - Peper<\/title>\n<meta name=\"robots\" content=\"index, follow, max-snippet:-1, max-image-preview:large, max-video-preview:-1\" \/>\n<link rel=\"canonical\" href=\"https:\/\/peper.com.ar\/tienda\/producto\/1730-65\/\" \/>\n<meta property=\"og:locale\" content=\"es_ES\" \/>\n<meta property=\"og:type\" content=\"article\" \/>\n<meta property=\"og:title\" content=\"M\u00f3dulo lector de llaves para Kit Familiar Expandible - Peper\" \/>\n<meta property=\"og:description\" content=\"Una inversi\u00f3n para la seguridad de tu hogar.  Sistema de videoportero familiar, que brinda seguridad y control de acceso a tu hogar, con el dise\u00f1o y la calidad de los productos Urmet.  \u00bfQu\u00e9 incluye este producto?   M\u00f3dulo lector de llaves magn\u00e9ticas para control de acceso  3 llaves magn\u00e9ticas  2 llaves de gesti\u00f3n (permiten dar de alta o baja a las otras 3)  El producto se inserta dentro del frente de calle, no ocupa espacio adicional.  \u00bfQuer\u00e9s saber m\u00e1s sobre este producto? DESCARG\u00c1 EL CAT\u00c1LOGO AQU\u00cd\" \/>\n<meta property=\"og:url\" content=\"https:\/\/peper.com.ar\/tienda\/producto\/1730-65\/\" \/>\n<meta property=\"og:site_name\" content=\"Peper\" \/>\n<meta property=\"article:modified_time\" content=\"2023-01-18T17:49:43+00:00\" \/>\n<meta property=\"og:image\" content=\"https:\/\/peper.com.ar\/tienda\/wp-content\/uploads\/1730-65.jpg\" \/>\n\t<meta property=\"og:image:width\" content=\"1080\" \/>\n\t<meta property=\"og:image:height\" content=\"1080\" \/>\n\t<meta property=\"og:image:type\" content=\"image\/jpeg\" \/>\n<meta name=\"twitter:card\" content=\"summary_large_image\" \/>\n<script type=\"application\/ld+json\" class=\"yoast-schema-graph\">{\"@context\":\"https:\/\/schema.org\",\"@graph\":[{\"@type\":\"WebPage\",\"@id\":\"https:\/\/peper.com.ar\/tienda\/producto\/1730-65\/\",\"url\":\"https:\/\/peper.com.ar\/tienda\/producto\/1730-65\/\",\"name\":\"M\u00f3dulo lector de llaves para Kit Familiar Expandible - Peper\",\"isPartOf\":{\"@id\":\"https:\/\/peper.com.ar\/tienda\/#website\"},\"datePublished\":\"2022-06-02T17:01:23+00:00\",\"dateModified\":\"2023-01-18T17:49:43+00:00\",\"breadcrumb\":{\"@id\":\"https:\/\/peper.com.ar\/tienda\/producto\/1730-65\/#breadcrumb\"},\"inLanguage\":\"es\",\"potentialAction\":[{\"@type\":\"ReadAction\",\"target\":[\"https:\/\/peper.com.ar\/tienda\/producto\/1730-65\/\"]}]},{\"@type\":\"BreadcrumbList\",\"@id\":\"https:\/\/peper.com.ar\/tienda\/producto\/1730-65\/#breadcrumb\",\"itemListElement\":[{\"@type\":\"ListItem\",\"position\":1,\"name\":\"Portada\",\"item\":\"https:\/\/peper.com.ar\/tienda\/\"},{\"@type\":\"ListItem\",\"position\":2,\"name\":\"Productos\",\"item\":\"https:\/\/peper.com.ar\/tienda\/productos\/\"},{\"@type\":\"ListItem\",\"position\":3,\"name\":\"M\u00f3dulo lector de llaves para Kit Familiar Expandible\"}]},{\"@type\":\"WebSite\",\"@id\":\"https:\/\/peper.com.ar\/tienda\/#website\",\"url\":\"https:\/\/peper.com.ar\/tienda\/\",\"name\":\"Peper\",\"description\":\"Tecnolog\u00eda que abre puertas\",\"potentialAction\":[{\"@type\":\"SearchAction\",\"target\":{\"@type\":\"EntryPoint\",\"urlTemplate\":\"https:\/\/peper.com.ar\/tienda\/?s={search_term_string}\"},\"query-input\":\"required name=search_term_string\"}],\"inLanguage\":\"es\"}]}<\/script>\n<!-- \/ Yoast SEO plugin. -->","yoast_head_json":{"title":"M\u00f3dulo lector de llaves para Kit Familiar Expandible - Peper","robots":{"index":"index","follow":"follow","max-snippet":"max-snippet:-1","max-image-preview":"max-image-preview:large","max-video-preview":"max-video-preview:-1"},"canonical":"https:\/\/peper.com.ar\/tienda\/producto\/1730-65\/","og_locale":"es_ES","og_type":"article","og_title":"M\u00f3dulo lector de llaves para Kit Familiar Expandible - Peper","og_description":"Una inversi\u00f3n para la seguridad de tu hogar.  Sistema de videoportero familiar, que brinda seguridad y control de acceso a tu hogar, con el dise\u00f1o y la calidad de los productos Urmet.  \u00bfQu\u00e9 incluye este producto?   M\u00f3dulo lector de llaves magn\u00e9ticas para control de acceso  3 llaves magn\u00e9ticas  2 llaves de gesti\u00f3n (permiten dar de alta o baja a las otras 3)  El producto se inserta dentro del frente de calle, no ocupa espacio adicional.  \u00bfQuer\u00e9s saber m\u00e1s sobre este producto? DESCARG\u00c1 EL CAT\u00c1LOGO AQU\u00cd","og_url":"https:\/\/peper.com.ar\/tienda\/producto\/1730-65\/","og_site_name":"Peper","article_modified_time":"2023-01-18T17:49:43+00:00","og_image":[{"width":1080,"height":1080,"url":"https:\/\/peper.com.ar\/tienda\/wp-content\/uploads\/1730-65.jpg","type":"image\/jpeg"}],"twitter_card":"summary_large_image","schema":{"@context":"https:\/\/schema.org","@graph":[{"@type":"WebPage","@id":"https:\/\/peper.com.ar\/tienda\/producto\/1730-65\/","url":"https:\/\/peper.com.ar\/tienda\/producto\/1730-65\/","name":"M\u00f3dulo lector de llaves para Kit Familiar Expandible - Peper","isPartOf":{"@id":"https:\/\/peper.com.ar\/tienda\/#website"},"datePublished":"2022-06-02T17:01:23+00:00","dateModified":"2023-01-18T17:49:43+00:00","breadcrumb":{"@id":"https:\/\/peper.com.ar\/tienda\/producto\/1730-65\/#breadcrumb"},"inLanguage":"es","potentialAction":[{"@type":"ReadAction","target":["https:\/\/peper.com.ar\/tienda\/producto\/1730-65\/"]}]},{"@type":"BreadcrumbList","@id":"https:\/\/peper.com.ar\/tienda\/producto\/1730-65\/#breadcrumb","itemListElement":[{"@type":"ListItem","position":1,"name":"Portada","item":"https:\/\/peper.com.ar\/tienda\/"},{"@type":"ListItem","position":2,"name":"Productos","item":"https:\/\/peper.com.ar\/tienda\/productos\/"},{"@type":"ListItem","position":3,"name":"M\u00f3dulo lector de llaves para Kit Familiar Expandible"}]},{"@type":"WebSite","@id":"https:\/\/peper.com.ar\/tienda\/#website","url":"https:\/\/peper.com.ar\/tienda\/","name":"Peper","description":"Tecnolog\u00eda que abre puertas","potentialAction":[{"@type":"SearchAction","target":{"@type":"EntryPoint","urlTemplate":"https:\/\/peper.com.ar\/tienda\/?s={search_term_string}"},"query-input":"required name=search_term_string"}],"inLanguage":"es"}]}},"_links":{"self":[{"href":"https:\/\/peper.com.ar\/tienda\/wp-json\/wp\/v2\/product\/3457"}],"collection":[{"href":"https:\/\/peper.com.ar\/tienda\/wp-json\/wp\/v2\/product"}],"about":[{"href":"https:\/\/peper.com.ar\/tienda\/wp-json\/wp\/v2\/types\/product"}],"replies":[{"embeddable":true,"href":"https:\/\/peper.com.ar\/tienda\/wp-json\/wp\/v2\/comments?post=3457"}],"wp:featuredmedia":[{"embeddable":true,"href":"https:\/\/peper.com.ar\/tienda\/wp-json\/wp\/v2\/media\/3458"}],"wp:attachment":[{"href":"https:\/\/peper.com.ar\/tienda\/wp-json\/wp\/v2\/media?parent=3457"}],"wp:term":[{"taxonomy":"product_cat","embeddable":true,"href":"https:\/\/peper.com.ar\/tienda\/wp-json\/wp\/v2\/product_cat?post=3457"},{"taxonomy":"product_tag","embeddable":true,"href":"https:\/\/peper.com.ar\/tienda\/wp-json\/wp\/v2\/product_tag?post=3457"}],"curies":[{"name":"wp","href":"https:\/\/api.w.org\/{rel}","templated":true}]}}