{"id":3448,"date":"2022-05-19T15:34:09","date_gmt":"2022-05-19T15:34:09","guid":{"rendered":"https:\/\/peper.com.ar\/tienda\/?post_type=product&#038;p=3448"},"modified":"2023-01-18T17:46:08","modified_gmt":"2023-01-18T17:46:08","slug":"1083-50","status":"publish","type":"product","link":"https:\/\/peper.com.ar\/tienda\/producto\/1083-50\/","title":{"rendered":"Interfaz de columna \u2013 Sistema 2Voice"},"content":{"rendered":"","protected":false},"excerpt":{"rendered":"<ul>\n<li>Tensi\u00f3n de alimentaci\u00f3n (LINE IN): 36 \u2013 48 Vcc<\/li>\n<li>Tensi\u00f3n de alimentaci\u00f3n (POWER): 36 \u2013 48 Vcc<\/li>\n<li>Consumo en descanso (LINE IN): 25 mA max<\/li>\n<li>Consumo m\u00e1x (LINE IN): 70 mA max<\/li>\n<li>Consumo en descanso (POWER): 30 mA max<\/li>\n<li>Consumo m\u00e1x (POWER): 100 mA max<\/li>\n<li>Temperatura de funcionamiento: \u2013 5 \u00f7 + 45 \u00b0C<\/li>\n<\/ul>\n<p>El interfaz de columna Ref. 1083\/50 es dedicado para el sistema 2Voice y es utilizado para subdividir una columna en m\u00e1s dorsales o para conectar m\u00e1s columnas (m\u00e1x 32) independientes en el sistema. Puede conectar una columna y al m\u00e1ximo 2 posiciones de llamada conectadas en la misma.<\/p>\n<p><strong><a href=\"https:\/\/peper.com.ar\/wp-content\/uploads\/Manual-2Voice-Fuente-Interfaz-de-columna-1083-50.pdf\" target=\"_blank\" rel=\"noopener noreferrer\">DESCARGAR MANUAL<\/a><\/strong><\/p>\n","protected":false},"featured_media":2865,"comment_status":"open","ping_status":"closed","template":"","meta":[],"product_cat":[162],"product_tag":[145],"yoast_head":"<!-- This site is optimized with the Yoast SEO plugin v21.1 - https:\/\/yoast.com\/wordpress\/plugins\/seo\/ -->\n<title>Interfaz de columna \u2013 Sistema 2Voice - Peper<\/title>\n<meta name=\"robots\" content=\"index, follow, max-snippet:-1, max-image-preview:large, max-video-preview:-1\" \/>\n<link rel=\"canonical\" href=\"https:\/\/peper.com.ar\/tienda\/producto\/1083-50\/\" \/>\n<meta property=\"og:locale\" content=\"es_ES\" \/>\n<meta property=\"og:type\" content=\"article\" \/>\n<meta property=\"og:title\" content=\"Interfaz de columna \u2013 Sistema 2Voice - Peper\" \/>\n<meta property=\"og:description\" content=\"Tensi\u00f3n de alimentaci\u00f3n (LINE IN): 36 \u2013 48 Vcc  Tensi\u00f3n de alimentaci\u00f3n (POWER): 36 \u2013 48 Vcc  Consumo en descanso (LINE IN): 25 mA max  Consumo m\u00e1x (LINE IN): 70 mA max  Consumo en descanso (POWER): 30 mA max  Consumo m\u00e1x (POWER): 100 mA max  Temperatura de funcionamiento: \u2013 5 \u00f7 + 45 \u00b0C  El interfaz de columna Ref. 1083\/50 es dedicado para el sistema 2Voice y es utilizado para subdividir una columna en m\u00e1s dorsales o para conectar m\u00e1s columnas (m\u00e1x 32) independientes en el sistema. Puede conectar una columna y al m\u00e1ximo 2 posiciones de llamada conectadas en la misma.  DESCARGAR MANUAL\" \/>\n<meta property=\"og:url\" content=\"https:\/\/peper.com.ar\/tienda\/producto\/1083-50\/\" \/>\n<meta property=\"og:site_name\" content=\"Peper\" \/>\n<meta property=\"article:modified_time\" content=\"2023-01-18T17:46:08+00:00\" \/>\n<meta property=\"og:image\" content=\"https:\/\/peper.com.ar\/tienda\/wp-content\/uploads\/1083-50_peper.jpg\" \/>\n\t<meta property=\"og:image:width\" content=\"1080\" \/>\n\t<meta property=\"og:image:height\" content=\"1080\" \/>\n\t<meta property=\"og:image:type\" content=\"image\/jpeg\" \/>\n<meta name=\"twitter:card\" content=\"summary_large_image\" \/>\n<script type=\"application\/ld+json\" class=\"yoast-schema-graph\">{\"@context\":\"https:\/\/schema.org\",\"@graph\":[{\"@type\":\"WebPage\",\"@id\":\"https:\/\/peper.com.ar\/tienda\/producto\/1083-50\/\",\"url\":\"https:\/\/peper.com.ar\/tienda\/producto\/1083-50\/\",\"name\":\"Interfaz de columna \u2013 Sistema 2Voice - Peper\",\"isPartOf\":{\"@id\":\"https:\/\/peper.com.ar\/tienda\/#website\"},\"datePublished\":\"2022-05-19T15:34:09+00:00\",\"dateModified\":\"2023-01-18T17:46:08+00:00\",\"breadcrumb\":{\"@id\":\"https:\/\/peper.com.ar\/tienda\/producto\/1083-50\/#breadcrumb\"},\"inLanguage\":\"es\",\"potentialAction\":[{\"@type\":\"ReadAction\",\"target\":[\"https:\/\/peper.com.ar\/tienda\/producto\/1083-50\/\"]}]},{\"@type\":\"BreadcrumbList\",\"@id\":\"https:\/\/peper.com.ar\/tienda\/producto\/1083-50\/#breadcrumb\",\"itemListElement\":[{\"@type\":\"ListItem\",\"position\":1,\"name\":\"Portada\",\"item\":\"https:\/\/peper.com.ar\/tienda\/\"},{\"@type\":\"ListItem\",\"position\":2,\"name\":\"Productos\",\"item\":\"https:\/\/peper.com.ar\/tienda\/productos\/\"},{\"@type\":\"ListItem\",\"position\":3,\"name\":\"Interfaz de columna \u2013 Sistema 2Voice\"}]},{\"@type\":\"WebSite\",\"@id\":\"https:\/\/peper.com.ar\/tienda\/#website\",\"url\":\"https:\/\/peper.com.ar\/tienda\/\",\"name\":\"Peper\",\"description\":\"Tecnolog\u00eda que abre puertas\",\"potentialAction\":[{\"@type\":\"SearchAction\",\"target\":{\"@type\":\"EntryPoint\",\"urlTemplate\":\"https:\/\/peper.com.ar\/tienda\/?s={search_term_string}\"},\"query-input\":\"required name=search_term_string\"}],\"inLanguage\":\"es\"}]}<\/script>\n<!-- \/ Yoast SEO plugin. -->","yoast_head_json":{"title":"Interfaz de columna \u2013 Sistema 2Voice - Peper","robots":{"index":"index","follow":"follow","max-snippet":"max-snippet:-1","max-image-preview":"max-image-preview:large","max-video-preview":"max-video-preview:-1"},"canonical":"https:\/\/peper.com.ar\/tienda\/producto\/1083-50\/","og_locale":"es_ES","og_type":"article","og_title":"Interfaz de columna \u2013 Sistema 2Voice - Peper","og_description":"Tensi\u00f3n de alimentaci\u00f3n (LINE IN): 36 \u2013 48 Vcc  Tensi\u00f3n de alimentaci\u00f3n (POWER): 36 \u2013 48 Vcc  Consumo en descanso (LINE IN): 25 mA max  Consumo m\u00e1x (LINE IN): 70 mA max  Consumo en descanso (POWER): 30 mA max  Consumo m\u00e1x (POWER): 100 mA max  Temperatura de funcionamiento: \u2013 5 \u00f7 + 45 \u00b0C  El interfaz de columna Ref. 1083\/50 es dedicado para el sistema 2Voice y es utilizado para subdividir una columna en m\u00e1s dorsales o para conectar m\u00e1s columnas (m\u00e1x 32) independientes en el sistema. Puede conectar una columna y al m\u00e1ximo 2 posiciones de llamada conectadas en la misma.  DESCARGAR MANUAL","og_url":"https:\/\/peper.com.ar\/tienda\/producto\/1083-50\/","og_site_name":"Peper","article_modified_time":"2023-01-18T17:46:08+00:00","og_image":[{"width":1080,"height":1080,"url":"https:\/\/peper.com.ar\/tienda\/wp-content\/uploads\/1083-50_peper.jpg","type":"image\/jpeg"}],"twitter_card":"summary_large_image","schema":{"@context":"https:\/\/schema.org","@graph":[{"@type":"WebPage","@id":"https:\/\/peper.com.ar\/tienda\/producto\/1083-50\/","url":"https:\/\/peper.com.ar\/tienda\/producto\/1083-50\/","name":"Interfaz de columna \u2013 Sistema 2Voice - Peper","isPartOf":{"@id":"https:\/\/peper.com.ar\/tienda\/#website"},"datePublished":"2022-05-19T15:34:09+00:00","dateModified":"2023-01-18T17:46:08+00:00","breadcrumb":{"@id":"https:\/\/peper.com.ar\/tienda\/producto\/1083-50\/#breadcrumb"},"inLanguage":"es","potentialAction":[{"@type":"ReadAction","target":["https:\/\/peper.com.ar\/tienda\/producto\/1083-50\/"]}]},{"@type":"BreadcrumbList","@id":"https:\/\/peper.com.ar\/tienda\/producto\/1083-50\/#breadcrumb","itemListElement":[{"@type":"ListItem","position":1,"name":"Portada","item":"https:\/\/peper.com.ar\/tienda\/"},{"@type":"ListItem","position":2,"name":"Productos","item":"https:\/\/peper.com.ar\/tienda\/productos\/"},{"@type":"ListItem","position":3,"name":"Interfaz de columna \u2013 Sistema 2Voice"}]},{"@type":"WebSite","@id":"https:\/\/peper.com.ar\/tienda\/#website","url":"https:\/\/peper.com.ar\/tienda\/","name":"Peper","description":"Tecnolog\u00eda que abre puertas","potentialAction":[{"@type":"SearchAction","target":{"@type":"EntryPoint","urlTemplate":"https:\/\/peper.com.ar\/tienda\/?s={search_term_string}"},"query-input":"required name=search_term_string"}],"inLanguage":"es"}]}},"_links":{"self":[{"href":"https:\/\/peper.com.ar\/tienda\/wp-json\/wp\/v2\/product\/3448"}],"collection":[{"href":"https:\/\/peper.com.ar\/tienda\/wp-json\/wp\/v2\/product"}],"about":[{"href":"https:\/\/peper.com.ar\/tienda\/wp-json\/wp\/v2\/types\/product"}],"replies":[{"embeddable":true,"href":"https:\/\/peper.com.ar\/tienda\/wp-json\/wp\/v2\/comments?post=3448"}],"wp:featuredmedia":[{"embeddable":true,"href":"https:\/\/peper.com.ar\/tienda\/wp-json\/wp\/v2\/media\/2865"}],"wp:attachment":[{"href":"https:\/\/peper.com.ar\/tienda\/wp-json\/wp\/v2\/media?parent=3448"}],"wp:term":[{"taxonomy":"product_cat","embeddable":true,"href":"https:\/\/peper.com.ar\/tienda\/wp-json\/wp\/v2\/product_cat?post=3448"},{"taxonomy":"product_tag","embeddable":true,"href":"https:\/\/peper.com.ar\/tienda\/wp-json\/wp\/v2\/product_tag?post=3448"}],"curies":[{"name":"wp","href":"https:\/\/api.w.org\/{rel}","templated":true}]}}