{"id":3401,"date":"2022-01-18T16:17:26","date_gmt":"2022-01-18T16:17:26","guid":{"rendered":"https:\/\/peper.com.ar\/tienda\/?post_type=product&#038;p=3401"},"modified":"2023-01-18T17:46:01","modified_gmt":"2023-01-18T17:46:01","slug":"1083-41a","status":"publish","type":"product","link":"https:\/\/peper.com.ar\/tienda\/producto\/1083-41a\/","title":{"rendered":"Central de Conserjer\u00eda &#8211; Sistema 2Voice"},"content":{"rendered":"<p>La centralita de porter\u00eda Ref. 1083\/41 est\u00e1 dise\u00f1ada exclusivamente para el sistema 2Voice para realizar:<\/p>\n<ul>\n<li>Comunicaci\u00f3n desde y hacia los puestos interiores, con la posibilidad de memorizar hasta 50 llamadas perdidas<\/li>\n<li>Servicio de conserjer\u00eda con o sin interceptaci\u00f3n de las llamadas procedentes de los puestos exteriores y dirigidas hacia los aparatos interiores (funcionamiento en modo d\u00eda o noche)<\/li>\n<li>Video visor incorporado en su pantalla t\u00e1ctil LED de 10\u201d<\/li>\n<li>Instalaci\u00f3n de sobremesa<\/li>\n<li>Programable desde una PC por conexi\u00f3n USB con el software Urmet 2Voice PC<\/li>\n<\/ul>\n<p>&nbsp;<\/p>\n","protected":false},"excerpt":{"rendered":"<h3>Principales Caracter\u00edsticas<\/h3>\n<ul>\n<li>Pantalla t\u00e1ctil LCD de 10\u201d<\/li>\n<li>Video visor incorporado<\/li>\n<li>Funci\u00f3n d\u00eda\/noche: posibilidad de interceptar los llamados desde la placa de calle al departamento<\/li>\n<li>Registro de hasta 50 llamadas perdidas<\/li>\n<li>Directorio de viviendas<\/li>\n<li>Indicaci\u00f3n de puerta abierta en pantalla<\/li>\n<li>Desv\u00edo de llamadas a tel\u00e9fono inal\u00e1mbrico a trav\u00e9s del uso de la interfaz telef\u00f3nica 1083\/67.<\/li>\n<\/ul>\n<p><strong><a href=\"https:\/\/peper.com.ar\/wp-content\/uploads\/1083-41.pdf\" target=\"_blank\" rel=\"noopener noreferrer\">DESCARGAR MANUAL<\/a><\/strong><\/p>\n","protected":false},"featured_media":3418,"comment_status":"open","ping_status":"closed","template":"","meta":[],"product_cat":[150],"product_tag":[145],"yoast_head":"<!-- This site is optimized with the Yoast SEO plugin v21.1 - https:\/\/yoast.com\/wordpress\/plugins\/seo\/ -->\n<title>Central de Conserjer\u00eda - Sistema 2Voice - Peper<\/title>\n<meta name=\"robots\" content=\"index, follow, max-snippet:-1, max-image-preview:large, max-video-preview:-1\" \/>\n<link rel=\"canonical\" href=\"https:\/\/peper.com.ar\/tienda\/producto\/1083-41a\/\" \/>\n<meta property=\"og:locale\" content=\"es_ES\" \/>\n<meta property=\"og:type\" content=\"article\" \/>\n<meta property=\"og:title\" content=\"Central de Conserjer\u00eda - Sistema 2Voice - Peper\" \/>\n<meta property=\"og:description\" content=\"Principales Caracter\u00edsticas   Pantalla t\u00e1ctil LCD de 10\u201d  Video visor incorporado  Funci\u00f3n d\u00eda\/noche: posibilidad de interceptar los llamados desde la placa de calle al departamento  Registro de hasta 50 llamadas perdidas  Directorio de viviendas  Indicaci\u00f3n de puerta abierta en pantalla  Desv\u00edo de llamadas a tel\u00e9fono inal\u00e1mbrico a trav\u00e9s del uso de la interfaz telef\u00f3nica 1083\/67.  DESCARGAR MANUAL\" \/>\n<meta property=\"og:url\" content=\"https:\/\/peper.com.ar\/tienda\/producto\/1083-41a\/\" \/>\n<meta property=\"og:site_name\" content=\"Peper\" \/>\n<meta property=\"article:modified_time\" content=\"2023-01-18T17:46:01+00:00\" \/>\n<meta property=\"og:image\" content=\"https:\/\/peper.com.ar\/tienda\/wp-content\/uploads\/1083-41_02.jpg\" \/>\n\t<meta property=\"og:image:width\" content=\"1080\" \/>\n\t<meta property=\"og:image:height\" content=\"1080\" \/>\n\t<meta property=\"og:image:type\" content=\"image\/jpeg\" \/>\n<meta name=\"twitter:card\" content=\"summary_large_image\" \/>\n<meta name=\"twitter:label1\" content=\"Tiempo de lectura\" \/>\n\t<meta name=\"twitter:data1\" content=\"1 minuto\" \/>\n<script type=\"application\/ld+json\" class=\"yoast-schema-graph\">{\"@context\":\"https:\/\/schema.org\",\"@graph\":[{\"@type\":\"WebPage\",\"@id\":\"https:\/\/peper.com.ar\/tienda\/producto\/1083-41a\/\",\"url\":\"https:\/\/peper.com.ar\/tienda\/producto\/1083-41a\/\",\"name\":\"Central de Conserjer\u00eda - Sistema 2Voice - Peper\",\"isPartOf\":{\"@id\":\"https:\/\/peper.com.ar\/tienda\/#website\"},\"datePublished\":\"2022-01-18T16:17:26+00:00\",\"dateModified\":\"2023-01-18T17:46:01+00:00\",\"breadcrumb\":{\"@id\":\"https:\/\/peper.com.ar\/tienda\/producto\/1083-41a\/#breadcrumb\"},\"inLanguage\":\"es\",\"potentialAction\":[{\"@type\":\"ReadAction\",\"target\":[\"https:\/\/peper.com.ar\/tienda\/producto\/1083-41a\/\"]}]},{\"@type\":\"BreadcrumbList\",\"@id\":\"https:\/\/peper.com.ar\/tienda\/producto\/1083-41a\/#breadcrumb\",\"itemListElement\":[{\"@type\":\"ListItem\",\"position\":1,\"name\":\"Portada\",\"item\":\"https:\/\/peper.com.ar\/tienda\/\"},{\"@type\":\"ListItem\",\"position\":2,\"name\":\"Productos\",\"item\":\"https:\/\/peper.com.ar\/tienda\/productos\/\"},{\"@type\":\"ListItem\",\"position\":3,\"name\":\"Central de Conserjer\u00eda &#8211; Sistema 2Voice\"}]},{\"@type\":\"WebSite\",\"@id\":\"https:\/\/peper.com.ar\/tienda\/#website\",\"url\":\"https:\/\/peper.com.ar\/tienda\/\",\"name\":\"Peper\",\"description\":\"Tecnolog\u00eda que abre puertas\",\"potentialAction\":[{\"@type\":\"SearchAction\",\"target\":{\"@type\":\"EntryPoint\",\"urlTemplate\":\"https:\/\/peper.com.ar\/tienda\/?s={search_term_string}\"},\"query-input\":\"required name=search_term_string\"}],\"inLanguage\":\"es\"}]}<\/script>\n<!-- \/ Yoast SEO plugin. -->","yoast_head_json":{"title":"Central de Conserjer\u00eda - Sistema 2Voice - Peper","robots":{"index":"index","follow":"follow","max-snippet":"max-snippet:-1","max-image-preview":"max-image-preview:large","max-video-preview":"max-video-preview:-1"},"canonical":"https:\/\/peper.com.ar\/tienda\/producto\/1083-41a\/","og_locale":"es_ES","og_type":"article","og_title":"Central de Conserjer\u00eda - Sistema 2Voice - Peper","og_description":"Principales Caracter\u00edsticas   Pantalla t\u00e1ctil LCD de 10\u201d  Video visor incorporado  Funci\u00f3n d\u00eda\/noche: posibilidad de interceptar los llamados desde la placa de calle al departamento  Registro de hasta 50 llamadas perdidas  Directorio de viviendas  Indicaci\u00f3n de puerta abierta en pantalla  Desv\u00edo de llamadas a tel\u00e9fono inal\u00e1mbrico a trav\u00e9s del uso de la interfaz telef\u00f3nica 1083\/67.  DESCARGAR MANUAL","og_url":"https:\/\/peper.com.ar\/tienda\/producto\/1083-41a\/","og_site_name":"Peper","article_modified_time":"2023-01-18T17:46:01+00:00","og_image":[{"width":1080,"height":1080,"url":"https:\/\/peper.com.ar\/tienda\/wp-content\/uploads\/1083-41_02.jpg","type":"image\/jpeg"}],"twitter_card":"summary_large_image","twitter_misc":{"Tiempo de lectura":"1 minuto"},"schema":{"@context":"https:\/\/schema.org","@graph":[{"@type":"WebPage","@id":"https:\/\/peper.com.ar\/tienda\/producto\/1083-41a\/","url":"https:\/\/peper.com.ar\/tienda\/producto\/1083-41a\/","name":"Central de Conserjer\u00eda - Sistema 2Voice - Peper","isPartOf":{"@id":"https:\/\/peper.com.ar\/tienda\/#website"},"datePublished":"2022-01-18T16:17:26+00:00","dateModified":"2023-01-18T17:46:01+00:00","breadcrumb":{"@id":"https:\/\/peper.com.ar\/tienda\/producto\/1083-41a\/#breadcrumb"},"inLanguage":"es","potentialAction":[{"@type":"ReadAction","target":["https:\/\/peper.com.ar\/tienda\/producto\/1083-41a\/"]}]},{"@type":"BreadcrumbList","@id":"https:\/\/peper.com.ar\/tienda\/producto\/1083-41a\/#breadcrumb","itemListElement":[{"@type":"ListItem","position":1,"name":"Portada","item":"https:\/\/peper.com.ar\/tienda\/"},{"@type":"ListItem","position":2,"name":"Productos","item":"https:\/\/peper.com.ar\/tienda\/productos\/"},{"@type":"ListItem","position":3,"name":"Central de Conserjer\u00eda &#8211; Sistema 2Voice"}]},{"@type":"WebSite","@id":"https:\/\/peper.com.ar\/tienda\/#website","url":"https:\/\/peper.com.ar\/tienda\/","name":"Peper","description":"Tecnolog\u00eda que abre puertas","potentialAction":[{"@type":"SearchAction","target":{"@type":"EntryPoint","urlTemplate":"https:\/\/peper.com.ar\/tienda\/?s={search_term_string}"},"query-input":"required name=search_term_string"}],"inLanguage":"es"}]}},"_links":{"self":[{"href":"https:\/\/peper.com.ar\/tienda\/wp-json\/wp\/v2\/product\/3401"}],"collection":[{"href":"https:\/\/peper.com.ar\/tienda\/wp-json\/wp\/v2\/product"}],"about":[{"href":"https:\/\/peper.com.ar\/tienda\/wp-json\/wp\/v2\/types\/product"}],"replies":[{"embeddable":true,"href":"https:\/\/peper.com.ar\/tienda\/wp-json\/wp\/v2\/comments?post=3401"}],"wp:featuredmedia":[{"embeddable":true,"href":"https:\/\/peper.com.ar\/tienda\/wp-json\/wp\/v2\/media\/3418"}],"wp:attachment":[{"href":"https:\/\/peper.com.ar\/tienda\/wp-json\/wp\/v2\/media?parent=3401"}],"wp:term":[{"taxonomy":"product_cat","embeddable":true,"href":"https:\/\/peper.com.ar\/tienda\/wp-json\/wp\/v2\/product_cat?post=3401"},{"taxonomy":"product_tag","embeddable":true,"href":"https:\/\/peper.com.ar\/tienda\/wp-json\/wp\/v2\/product_tag?post=3401"}],"curies":[{"name":"wp","href":"https:\/\/api.w.org\/{rel}","templated":true}]}}