{"id":3196,"date":"2021-08-30T16:29:53","date_gmt":"2021-08-30T16:29:53","guid":{"rendered":"https:\/\/peper.com.ar\/tienda\/?post_type=product&#038;p=3196"},"modified":"2023-01-18T17:46:20","modified_gmt":"2023-01-18T17:46:20","slug":"1083-83","status":"publish","type":"product","link":"https:\/\/peper.com.ar\/tienda\/producto\/1083-83\/","title":{"rendered":"CallMe multiusuario &#8211; Sistema 2Voice"},"content":{"rendered":"<p>El sistema de transferencia de llamada CallMe, es la nueva propuesta de Urmet que permite atender el videoportero desde tu celular o tablet, y abrir puertas\/portones sin tener que<br \/>\nestar en casa.<br \/>\nEl dispositivo de conexi\u00f3n se instala en el sistema de videoportero y con solo descargar la aplicaci\u00f3n gratuita Urmet CallMe podr\u00e1s acceder desde tu celular.<\/p>\n<p><strong>Principales Caracter\u00edsticas:<\/strong><\/p>\n<ol>\n<li>Compatible con cualquier dispositivo Urmet de la gama 2Voice.<\/li>\n<li>No requiere la sustituci\u00f3n del viejo videoportero.<\/li>\n<li>Permite la transferencia de llamada.<\/li>\n<li>Est\u00e1 equipado con un puerto RJ45 para la conexi\u00f3n de cable y cuenta tambi\u00e9n con conexi\u00f3n inal\u00e1mbrica.<\/li>\n<li>Permite las llamadas de intercomunicaci\u00f3n hacia el dispositivo m\u00f3vil.<\/li>\n<li>No requiere alimentaci\u00f3n hasta 12 estaciones internas.<\/li>\n<\/ol>\n<p>&nbsp;<\/p>\n<ul>\n<li><strong>Comodidad<\/strong><\/li>\n<\/ul>\n<p>Atend\u00e9 el portero sin tener que levantarte, est\u00e9s donde est\u00e9s.<\/p>\n<ul>\n<li><strong>Funcionalidad<\/strong><\/li>\n<\/ul>\n<p>Pod\u00e9s controlar con tu smartphone qui\u00e9n llama a tu puerta cuando no est\u00e1s en casa.<\/p>\n<ul>\n<li><strong>Seguridad<\/strong><\/li>\n<\/ul>\n<p>Pod\u00e9s hablar a trav\u00e9s de tu smartphone con cualquier persona que toque el videoportero.<\/p>\n<ul>\n<li><strong>Posibilidades<\/strong><\/li>\n<\/ul>\n<p>Pod\u00e9s controlar qui\u00e9n llama a tu puerta y podr\u00e1n llamarte a tu smartphone presionando una tecla en el portero.<\/p>\n<p>&nbsp;<\/p>\n<p><a href=\"https:\/\/peper.com.ar\/wp-content\/uploads\/Sistema-de-transferencia-de-llamada-CallMe-Urmet-Peper-sa.pdf\">DESCARGAR CAT\u00c1LOGO<\/a><\/p>\n","protected":false},"excerpt":{"rendered":"<p><span style=\"font-weight: 400;\">CallMe es el <\/span><b>sistema de transferencia de llamada<\/b><span style=\"font-weight: 400;\">, que permite utilizar el smartphone o la tablet para contestar al videoportero y abrir puertas \/ portones, sin tener que estar en casa.\u00a0<\/span><\/p>\n<p><b>El sistema no es inal\u00e1mbrico<\/b><span style=\"font-weight: 400;\">, ya que se conecta mediante cableado, incorpor\u00e1ndose al sistema de videoportero. Esto nos da la posibilidad de atender desde su tel\u00e9fono celular.<\/span><\/p>\n<p><span style=\"font-weight: 400;\">El dispositivo se instala en el sistema de videoportero. Luego lo que usted tiene que hacer es <\/span><i><span style=\"font-weight: 400;\">descargar la aplicaci\u00f3n gratuita Urmet CallMe en su smartphone<\/span><\/i><span style=\"font-weight: 400;\">, y cuando le suene el portero, podr\u00e1 atender desde su celular y ver a la persona que se encuentre en su puerta.<\/span><\/p>\n<p><span style=\"font-weight: 400;\">Aclaraci\u00f3n, este producto es aplicable s\u00f3lo en sistemas de la marca URMET.<\/span><\/p>\n<h3><strong><a href=\"https:\/\/peper.com.ar\/wp-content\/uploads\/Sistema-de-transferencia-de-llamada-CallMe-Urmet-Peper-sa.pdf\" target=\"_blank\" rel=\"noopener noreferrer\">DESCARGAR FOLLETO<\/a><\/strong><\/h3>\n","protected":false},"featured_media":3050,"comment_status":"open","ping_status":"closed","template":"","meta":[],"product_cat":[149],"product_tag":[145],"yoast_head":"<!-- This site is optimized with the Yoast SEO plugin v21.1 - https:\/\/yoast.com\/wordpress\/plugins\/seo\/ -->\n<title>CallMe multiusuario - Sistema 2Voice - Peper<\/title>\n<meta name=\"description\" content=\"El sistema de transferencia de llamada CallMe es la nueva propuesta de Urmet, y permite atender el videoportero desde tu celular o tablet, y abrir puertas y portones sin tener que estar en casa. El dispositivo de conexi\u00f3n se instala en el sistema de videoportero Urmet y con solo descargar la aplicaci\u00f3n gratuita &quot;Urmet CallMe}&quot; podr\u00e1s acceder desde tu celular.\" \/>\n<meta name=\"robots\" content=\"index, follow, max-snippet:-1, max-image-preview:large, max-video-preview:-1\" \/>\n<link rel=\"canonical\" href=\"https:\/\/peper.com.ar\/tienda\/producto\/1083-83\/\" \/>\n<meta property=\"og:locale\" content=\"es_ES\" \/>\n<meta property=\"og:type\" content=\"article\" \/>\n<meta property=\"og:title\" content=\"CallMe multiusuario - Sistema 2Voice - Peper\" \/>\n<meta property=\"og:description\" content=\"El sistema de transferencia de llamada CallMe es la nueva propuesta de Urmet, y permite atender el videoportero desde tu celular o tablet, y abrir puertas y portones sin tener que estar en casa. El dispositivo de conexi\u00f3n se instala en el sistema de videoportero Urmet y con solo descargar la aplicaci\u00f3n gratuita &quot;Urmet CallMe}&quot; podr\u00e1s acceder desde tu celular.\" \/>\n<meta property=\"og:url\" content=\"https:\/\/peper.com.ar\/tienda\/producto\/1083-83\/\" \/>\n<meta property=\"og:site_name\" content=\"Peper\" \/>\n<meta property=\"article:modified_time\" content=\"2023-01-18T17:46:20+00:00\" \/>\n<meta property=\"og:image\" content=\"https:\/\/peper.com.ar\/tienda\/wp-content\/uploads\/Sistema-de-transferencia-de-llamada-CallMe-Urmet-2-1024x1024.png\" \/>\n\t<meta property=\"og:image:width\" content=\"1024\" \/>\n\t<meta property=\"og:image:height\" content=\"1024\" \/>\n\t<meta property=\"og:image:type\" content=\"image\/png\" \/>\n<meta name=\"twitter:card\" content=\"summary_large_image\" \/>\n<meta name=\"twitter:label1\" content=\"Tiempo de lectura\" \/>\n\t<meta name=\"twitter:data1\" content=\"1 minuto\" \/>\n<script type=\"application\/ld+json\" class=\"yoast-schema-graph\">{\"@context\":\"https:\/\/schema.org\",\"@graph\":[{\"@type\":\"WebPage\",\"@id\":\"https:\/\/peper.com.ar\/tienda\/producto\/1083-83\/\",\"url\":\"https:\/\/peper.com.ar\/tienda\/producto\/1083-83\/\",\"name\":\"CallMe multiusuario - Sistema 2Voice - Peper\",\"isPartOf\":{\"@id\":\"https:\/\/peper.com.ar\/tienda\/#website\"},\"datePublished\":\"2021-08-30T16:29:53+00:00\",\"dateModified\":\"2023-01-18T17:46:20+00:00\",\"description\":\"El sistema de transferencia de llamada CallMe es la nueva propuesta de Urmet, y permite atender el videoportero desde tu celular o tablet, y abrir puertas y portones sin tener que estar en casa. El dispositivo de conexi\u00f3n se instala en el sistema de videoportero Urmet y con solo descargar la aplicaci\u00f3n gratuita \\\"Urmet CallMe}\\\" podr\u00e1s acceder desde tu celular.\",\"breadcrumb\":{\"@id\":\"https:\/\/peper.com.ar\/tienda\/producto\/1083-83\/#breadcrumb\"},\"inLanguage\":\"es\",\"potentialAction\":[{\"@type\":\"ReadAction\",\"target\":[\"https:\/\/peper.com.ar\/tienda\/producto\/1083-83\/\"]}]},{\"@type\":\"BreadcrumbList\",\"@id\":\"https:\/\/peper.com.ar\/tienda\/producto\/1083-83\/#breadcrumb\",\"itemListElement\":[{\"@type\":\"ListItem\",\"position\":1,\"name\":\"Portada\",\"item\":\"https:\/\/peper.com.ar\/tienda\/\"},{\"@type\":\"ListItem\",\"position\":2,\"name\":\"Productos\",\"item\":\"https:\/\/peper.com.ar\/tienda\/productos\/\"},{\"@type\":\"ListItem\",\"position\":3,\"name\":\"CallMe multiusuario &#8211; Sistema 2Voice\"}]},{\"@type\":\"WebSite\",\"@id\":\"https:\/\/peper.com.ar\/tienda\/#website\",\"url\":\"https:\/\/peper.com.ar\/tienda\/\",\"name\":\"Peper\",\"description\":\"Tecnolog\u00eda que abre puertas\",\"potentialAction\":[{\"@type\":\"SearchAction\",\"target\":{\"@type\":\"EntryPoint\",\"urlTemplate\":\"https:\/\/peper.com.ar\/tienda\/?s={search_term_string}\"},\"query-input\":\"required name=search_term_string\"}],\"inLanguage\":\"es\"}]}<\/script>\n<!-- \/ Yoast SEO plugin. -->","yoast_head_json":{"title":"CallMe multiusuario - Sistema 2Voice - Peper","description":"El sistema de transferencia de llamada CallMe es la nueva propuesta de Urmet, y permite atender el videoportero desde tu celular o tablet, y abrir puertas y portones sin tener que estar en casa. El dispositivo de conexi\u00f3n se instala en el sistema de videoportero Urmet y con solo descargar la aplicaci\u00f3n gratuita \"Urmet CallMe}\" podr\u00e1s acceder desde tu celular.","robots":{"index":"index","follow":"follow","max-snippet":"max-snippet:-1","max-image-preview":"max-image-preview:large","max-video-preview":"max-video-preview:-1"},"canonical":"https:\/\/peper.com.ar\/tienda\/producto\/1083-83\/","og_locale":"es_ES","og_type":"article","og_title":"CallMe multiusuario - Sistema 2Voice - Peper","og_description":"El sistema de transferencia de llamada CallMe es la nueva propuesta de Urmet, y permite atender el videoportero desde tu celular o tablet, y abrir puertas y portones sin tener que estar en casa. El dispositivo de conexi\u00f3n se instala en el sistema de videoportero Urmet y con solo descargar la aplicaci\u00f3n gratuita \"Urmet CallMe}\" podr\u00e1s acceder desde tu celular.","og_url":"https:\/\/peper.com.ar\/tienda\/producto\/1083-83\/","og_site_name":"Peper","article_modified_time":"2023-01-18T17:46:20+00:00","og_image":[{"width":1024,"height":1024,"url":"https:\/\/peper.com.ar\/tienda\/wp-content\/uploads\/Sistema-de-transferencia-de-llamada-CallMe-Urmet-2-1024x1024.png","type":"image\/png"}],"twitter_card":"summary_large_image","twitter_misc":{"Tiempo de lectura":"1 minuto"},"schema":{"@context":"https:\/\/schema.org","@graph":[{"@type":"WebPage","@id":"https:\/\/peper.com.ar\/tienda\/producto\/1083-83\/","url":"https:\/\/peper.com.ar\/tienda\/producto\/1083-83\/","name":"CallMe multiusuario - Sistema 2Voice - Peper","isPartOf":{"@id":"https:\/\/peper.com.ar\/tienda\/#website"},"datePublished":"2021-08-30T16:29:53+00:00","dateModified":"2023-01-18T17:46:20+00:00","description":"El sistema de transferencia de llamada CallMe es la nueva propuesta de Urmet, y permite atender el videoportero desde tu celular o tablet, y abrir puertas y portones sin tener que estar en casa. El dispositivo de conexi\u00f3n se instala en el sistema de videoportero Urmet y con solo descargar la aplicaci\u00f3n gratuita \"Urmet CallMe}\" podr\u00e1s acceder desde tu celular.","breadcrumb":{"@id":"https:\/\/peper.com.ar\/tienda\/producto\/1083-83\/#breadcrumb"},"inLanguage":"es","potentialAction":[{"@type":"ReadAction","target":["https:\/\/peper.com.ar\/tienda\/producto\/1083-83\/"]}]},{"@type":"BreadcrumbList","@id":"https:\/\/peper.com.ar\/tienda\/producto\/1083-83\/#breadcrumb","itemListElement":[{"@type":"ListItem","position":1,"name":"Portada","item":"https:\/\/peper.com.ar\/tienda\/"},{"@type":"ListItem","position":2,"name":"Productos","item":"https:\/\/peper.com.ar\/tienda\/productos\/"},{"@type":"ListItem","position":3,"name":"CallMe multiusuario &#8211; Sistema 2Voice"}]},{"@type":"WebSite","@id":"https:\/\/peper.com.ar\/tienda\/#website","url":"https:\/\/peper.com.ar\/tienda\/","name":"Peper","description":"Tecnolog\u00eda que abre puertas","potentialAction":[{"@type":"SearchAction","target":{"@type":"EntryPoint","urlTemplate":"https:\/\/peper.com.ar\/tienda\/?s={search_term_string}"},"query-input":"required name=search_term_string"}],"inLanguage":"es"}]}},"_links":{"self":[{"href":"https:\/\/peper.com.ar\/tienda\/wp-json\/wp\/v2\/product\/3196"}],"collection":[{"href":"https:\/\/peper.com.ar\/tienda\/wp-json\/wp\/v2\/product"}],"about":[{"href":"https:\/\/peper.com.ar\/tienda\/wp-json\/wp\/v2\/types\/product"}],"replies":[{"embeddable":true,"href":"https:\/\/peper.com.ar\/tienda\/wp-json\/wp\/v2\/comments?post=3196"}],"wp:featuredmedia":[{"embeddable":true,"href":"https:\/\/peper.com.ar\/tienda\/wp-json\/wp\/v2\/media\/3050"}],"wp:attachment":[{"href":"https:\/\/peper.com.ar\/tienda\/wp-json\/wp\/v2\/media?parent=3196"}],"wp:term":[{"taxonomy":"product_cat","embeddable":true,"href":"https:\/\/peper.com.ar\/tienda\/wp-json\/wp\/v2\/product_cat?post=3196"},{"taxonomy":"product_tag","embeddable":true,"href":"https:\/\/peper.com.ar\/tienda\/wp-json\/wp\/v2\/product_tag?post=3196"}],"curies":[{"name":"wp","href":"https:\/\/api.w.org\/{rel}","templated":true}]}}