{"id":2709,"date":"2020-09-21T14:14:53","date_gmt":"2020-09-21T14:14:53","guid":{"rendered":"https:\/\/peper.com.ar\/tienda\/?post_type=product&#038;p=2709"},"modified":"2023-01-18T17:48:48","modified_gmt":"2023-01-18T17:48:48","slug":"1703-1","status":"publish","type":"product","link":"https:\/\/peper.com.ar\/tienda\/producto\/1703-1\/","title":{"rendered":"Monitor Utopia"},"content":{"rendered":"<p>El videoportero Utopia fue dise\u00f1ado por el arquitecto De Lucchi y cuenta con una llamada de altavoz, un auricular de tel\u00e9fono con enchufe, tel\u00e9fono y un ajuste del volumen de llamada en 3 niveles (alto-bajo-mudo). En modo mute (llamado excluido) es posible encender un LED verde que aparece a la derecha de la pantalla.<\/p>\n<p>El bot\u00f3n de color verde retroiluminado del abrepuertas permanece iluminado todo el tiempo que la pantalla est\u00e9 encendida.<\/p>\n<p>Un segundo LED rojo en la parte superior derecha de la pantalla indica \u00abpuerta abierta\u00bb.<\/p>\n<p>Utopia est\u00e1 dotado de otros 3 botones para servicios adicionales, y ajuste el color y el brillo con los controles deslizantes.<\/p>\n<p>&nbsp;<\/p>\n","protected":false},"excerpt":{"rendered":"<ul>\n<li>Dimensiones: (ancho x alto x profundo) 180 x 228 x 55 mm<\/li>\n<li>Tensi\u00f3n de alimentaci\u00f3n de 16 &#8211; 18vdc<\/li>\n<li>Consumo de energ\u00eda en funcionamiento: 6,5 W<\/li>\n<li>Frecuencia vertical: 50Hz \u00b1 2%<\/li>\n<li>Frecuencia horizontal: 15625 \u00b1 300 Hz<\/li>\n<li>Se\u00f1al de video 1 Vpp 75\u03a9 nominal<\/li>\n<li>Pantalla LCD retroiluminada de 4&#8243;<\/li>\n<li>Tama\u00f1o de pantalla: (ancho x alto) 81 x 59 mm<\/li>\n<li>Temperatura de funcionamiento -5 \u00b0   50 \u00b0 C<\/li>\n<\/ul>\n<p>&nbsp;<\/p>\n","protected":false},"featured_media":3158,"comment_status":"open","ping_status":"closed","template":"","meta":[],"product_cat":[160,154],"product_tag":[143],"yoast_head":"<!-- This site is optimized with the Yoast SEO plugin v21.1 - https:\/\/yoast.com\/wordpress\/plugins\/seo\/ -->\n<title>Monitor Utopia - Peper<\/title>\n<meta name=\"robots\" content=\"index, follow, max-snippet:-1, max-image-preview:large, max-video-preview:-1\" \/>\n<link rel=\"canonical\" href=\"https:\/\/peper.com.ar\/tienda\/producto\/1703-1\/\" \/>\n<meta property=\"og:locale\" content=\"es_ES\" \/>\n<meta property=\"og:type\" content=\"article\" \/>\n<meta property=\"og:title\" content=\"Monitor Utopia - Peper\" \/>\n<meta property=\"og:description\" content=\"Dimensiones: (ancho x alto x profundo) 180 x 228 x 55 mm  Tensi\u00f3n de alimentaci\u00f3n de 16 - 18vdc  Consumo de energ\u00eda en funcionamiento: 6,5 W  Frecuencia vertical: 50Hz \u00b1 2%  Frecuencia horizontal: 15625 \u00b1 300 Hz  Se\u00f1al de video 1 Vpp 75\u03a9 nominal  Pantalla LCD retroiluminada de 4&quot;  Tama\u00f1o de pantalla: (ancho x alto) 81 x 59 mm  Temperatura de funcionamiento -5 \u00b0  50 \u00b0 C  &nbsp;\" \/>\n<meta property=\"og:url\" content=\"https:\/\/peper.com.ar\/tienda\/producto\/1703-1\/\" \/>\n<meta property=\"og:site_name\" content=\"Peper\" \/>\n<meta property=\"article:modified_time\" content=\"2023-01-18T17:48:48+00:00\" \/>\n<meta property=\"og:image\" content=\"https:\/\/peper.com.ar\/tienda\/wp-content\/uploads\/1703-1_peper-1.jpg\" \/>\n\t<meta property=\"og:image:width\" content=\"640\" \/>\n\t<meta property=\"og:image:height\" content=\"640\" \/>\n\t<meta property=\"og:image:type\" content=\"image\/jpeg\" \/>\n<meta name=\"twitter:card\" content=\"summary_large_image\" \/>\n<meta name=\"twitter:label1\" content=\"Tiempo de lectura\" \/>\n\t<meta name=\"twitter:data1\" content=\"1 minuto\" \/>\n<script type=\"application\/ld+json\" class=\"yoast-schema-graph\">{\"@context\":\"https:\/\/schema.org\",\"@graph\":[{\"@type\":\"WebPage\",\"@id\":\"https:\/\/peper.com.ar\/tienda\/producto\/1703-1\/\",\"url\":\"https:\/\/peper.com.ar\/tienda\/producto\/1703-1\/\",\"name\":\"Monitor Utopia - Peper\",\"isPartOf\":{\"@id\":\"https:\/\/peper.com.ar\/tienda\/#website\"},\"datePublished\":\"2020-09-21T14:14:53+00:00\",\"dateModified\":\"2023-01-18T17:48:48+00:00\",\"breadcrumb\":{\"@id\":\"https:\/\/peper.com.ar\/tienda\/producto\/1703-1\/#breadcrumb\"},\"inLanguage\":\"es\",\"potentialAction\":[{\"@type\":\"ReadAction\",\"target\":[\"https:\/\/peper.com.ar\/tienda\/producto\/1703-1\/\"]}]},{\"@type\":\"BreadcrumbList\",\"@id\":\"https:\/\/peper.com.ar\/tienda\/producto\/1703-1\/#breadcrumb\",\"itemListElement\":[{\"@type\":\"ListItem\",\"position\":1,\"name\":\"Portada\",\"item\":\"https:\/\/peper.com.ar\/tienda\/\"},{\"@type\":\"ListItem\",\"position\":2,\"name\":\"Productos\",\"item\":\"https:\/\/peper.com.ar\/tienda\/productos\/\"},{\"@type\":\"ListItem\",\"position\":3,\"name\":\"Monitor Utopia\"}]},{\"@type\":\"WebSite\",\"@id\":\"https:\/\/peper.com.ar\/tienda\/#website\",\"url\":\"https:\/\/peper.com.ar\/tienda\/\",\"name\":\"Peper\",\"description\":\"Tecnolog\u00eda que abre puertas\",\"potentialAction\":[{\"@type\":\"SearchAction\",\"target\":{\"@type\":\"EntryPoint\",\"urlTemplate\":\"https:\/\/peper.com.ar\/tienda\/?s={search_term_string}\"},\"query-input\":\"required name=search_term_string\"}],\"inLanguage\":\"es\"}]}<\/script>\n<!-- \/ Yoast SEO plugin. -->","yoast_head_json":{"title":"Monitor Utopia - Peper","robots":{"index":"index","follow":"follow","max-snippet":"max-snippet:-1","max-image-preview":"max-image-preview:large","max-video-preview":"max-video-preview:-1"},"canonical":"https:\/\/peper.com.ar\/tienda\/producto\/1703-1\/","og_locale":"es_ES","og_type":"article","og_title":"Monitor Utopia - Peper","og_description":"Dimensiones: (ancho x alto x profundo) 180 x 228 x 55 mm  Tensi\u00f3n de alimentaci\u00f3n de 16 - 18vdc  Consumo de energ\u00eda en funcionamiento: 6,5 W  Frecuencia vertical: 50Hz \u00b1 2%  Frecuencia horizontal: 15625 \u00b1 300 Hz  Se\u00f1al de video 1 Vpp 75\u03a9 nominal  Pantalla LCD retroiluminada de 4\"  Tama\u00f1o de pantalla: (ancho x alto) 81 x 59 mm  Temperatura de funcionamiento -5 \u00b0  50 \u00b0 C  &nbsp;","og_url":"https:\/\/peper.com.ar\/tienda\/producto\/1703-1\/","og_site_name":"Peper","article_modified_time":"2023-01-18T17:48:48+00:00","og_image":[{"width":640,"height":640,"url":"https:\/\/peper.com.ar\/tienda\/wp-content\/uploads\/1703-1_peper-1.jpg","type":"image\/jpeg"}],"twitter_card":"summary_large_image","twitter_misc":{"Tiempo de lectura":"1 minuto"},"schema":{"@context":"https:\/\/schema.org","@graph":[{"@type":"WebPage","@id":"https:\/\/peper.com.ar\/tienda\/producto\/1703-1\/","url":"https:\/\/peper.com.ar\/tienda\/producto\/1703-1\/","name":"Monitor Utopia - Peper","isPartOf":{"@id":"https:\/\/peper.com.ar\/tienda\/#website"},"datePublished":"2020-09-21T14:14:53+00:00","dateModified":"2023-01-18T17:48:48+00:00","breadcrumb":{"@id":"https:\/\/peper.com.ar\/tienda\/producto\/1703-1\/#breadcrumb"},"inLanguage":"es","potentialAction":[{"@type":"ReadAction","target":["https:\/\/peper.com.ar\/tienda\/producto\/1703-1\/"]}]},{"@type":"BreadcrumbList","@id":"https:\/\/peper.com.ar\/tienda\/producto\/1703-1\/#breadcrumb","itemListElement":[{"@type":"ListItem","position":1,"name":"Portada","item":"https:\/\/peper.com.ar\/tienda\/"},{"@type":"ListItem","position":2,"name":"Productos","item":"https:\/\/peper.com.ar\/tienda\/productos\/"},{"@type":"ListItem","position":3,"name":"Monitor Utopia"}]},{"@type":"WebSite","@id":"https:\/\/peper.com.ar\/tienda\/#website","url":"https:\/\/peper.com.ar\/tienda\/","name":"Peper","description":"Tecnolog\u00eda que abre puertas","potentialAction":[{"@type":"SearchAction","target":{"@type":"EntryPoint","urlTemplate":"https:\/\/peper.com.ar\/tienda\/?s={search_term_string}"},"query-input":"required name=search_term_string"}],"inLanguage":"es"}]}},"_links":{"self":[{"href":"https:\/\/peper.com.ar\/tienda\/wp-json\/wp\/v2\/product\/2709"}],"collection":[{"href":"https:\/\/peper.com.ar\/tienda\/wp-json\/wp\/v2\/product"}],"about":[{"href":"https:\/\/peper.com.ar\/tienda\/wp-json\/wp\/v2\/types\/product"}],"replies":[{"embeddable":true,"href":"https:\/\/peper.com.ar\/tienda\/wp-json\/wp\/v2\/comments?post=2709"}],"wp:featuredmedia":[{"embeddable":true,"href":"https:\/\/peper.com.ar\/tienda\/wp-json\/wp\/v2\/media\/3158"}],"wp:attachment":[{"href":"https:\/\/peper.com.ar\/tienda\/wp-json\/wp\/v2\/media?parent=2709"}],"wp:term":[{"taxonomy":"product_cat","embeddable":true,"href":"https:\/\/peper.com.ar\/tienda\/wp-json\/wp\/v2\/product_cat?post=2709"},{"taxonomy":"product_tag","embeddable":true,"href":"https:\/\/peper.com.ar\/tienda\/wp-json\/wp\/v2\/product_tag?post=2709"}],"curies":[{"name":"wp","href":"https:\/\/api.w.org\/{rel}","templated":true}]}}