{"id":2586,"date":"2020-07-21T20:44:49","date_gmt":"2020-07-21T20:44:49","guid":{"rendered":"https:\/\/peper.com.ar\/tienda\/?post_type=product&#038;p=2586"},"modified":"2023-01-18T17:51:16","modified_gmt":"2023-01-18T17:51:16","slug":"786-11","status":"publish","type":"product","link":"https:\/\/peper.com.ar\/tienda\/producto\/786-11\/","title":{"rendered":"Fuente de audio &#8211; Sistema anal\u00f3gico"},"content":{"rendered":"","protected":false},"excerpt":{"rendered":"<ul>\n<li style=\"font-weight: 400\"><span style=\"font-weight: 400\">Alimentaci\u00f3n: 230 V~ 50-60 Hz para Ref. 786\/11 110 V~ 50-60 Hz para Ref. 786\/12<\/span><\/li>\n<li style=\"font-weight: 400\"><span style=\"font-weight: 400\">Potencia: 35W m\u00e1x.<\/span><\/li>\n<li style=\"font-weight: 400\"><span style=\"font-weight: 400\">Protecci\u00f3n: PTC en primario transformador y en secundario 9 V~<\/span><\/li>\n<li style=\"font-weight: 400\"><span style=\"font-weight: 400\">Secundarios:  6: 6 V \u00b1 0,5 V 0,12 A\u00a0<\/span><\/li>\n<li style=\"font-weight: 400\"><span style=\"font-weight: 400\">&#8211; J: 3,5 \u00f7 6,5 V 0,12 A\u00a0<\/span><\/li>\n<li style=\"font-weight: 400\"><span style=\"font-weight: 400\">~12: 9 \u00f7 12 V~ con 2,4 A (intermitente, s\u00f3lo con cerradura el\u00e9ctrica activa)<\/span><\/li>\n<li style=\"font-weight: 400\"><span style=\"font-weight: 400\">11,5 \u00f7 15 V~ avec 0,4 A<\/span><\/li>\n<li style=\"font-weight: 400\"><span style=\"font-weight: 400\">Salida PS: 8,0 Vpp min. de 1 a 4 altavoces 45 \u03a9 en paralelo protecci\u00f3n electr\u00f3nica contra cortocircuito<\/span><\/li>\n<li style=\"font-weight: 400\"><span style=\"font-weight: 400\">Dimensiones: 54 x 89 x 61mm <\/span><\/li>\n<\/ul>\n<p><span style=\"font-weight: 400\">La alimentaci\u00f3n Ref. 786\/11 puede emplearse s\u00f3lo en las instalaciones de portero con sistema de 4 n (5 hilos). El dispositivo es apto para montaje sobre barra DIN y a pared por medio de tornillos y espaciadores y tiene que ser montado en lugares secos y reparados. La tensi\u00f3n de alimentaci\u00f3n es \u00fanica de 230V~ seg\u00fan las nuevas normas Europeas.<\/span><\/p>\n<p>&nbsp;<\/p>\n<p><a href=\"https:\/\/peper.com.ar\/wp-content\/uploads\/Manual-Analogo-Fuente-audio-786-11.pdf\" target=\"_blank\" rel=\"noopener noreferrer\"><strong>DESCARGAR MANUAL<\/strong><\/a><\/p>\n","protected":false},"featured_media":3134,"comment_status":"open","ping_status":"closed","template":"","meta":[],"product_cat":[162],"product_tag":[143],"yoast_head":"<!-- This site is optimized with the Yoast SEO plugin v21.1 - https:\/\/yoast.com\/wordpress\/plugins\/seo\/ -->\n<title>Fuente de audio - Sistema anal\u00f3gico - Peper<\/title>\n<meta name=\"robots\" content=\"index, follow, max-snippet:-1, max-image-preview:large, max-video-preview:-1\" \/>\n<link rel=\"canonical\" href=\"https:\/\/peper.com.ar\/tienda\/producto\/786-11\/\" \/>\n<meta property=\"og:locale\" content=\"es_ES\" \/>\n<meta property=\"og:type\" content=\"article\" \/>\n<meta property=\"og:title\" content=\"Fuente de audio - Sistema anal\u00f3gico - Peper\" \/>\n<meta property=\"og:description\" content=\"Alimentaci\u00f3n: 230 V~ 50-60 Hz para Ref. 786\/11 110 V~ 50-60 Hz para Ref. 786\/12  Potencia: 35W m\u00e1x.  Protecci\u00f3n: PTC en primario transformador y en secundario 9 V~  Secundarios: 6: 6 V \u00b1 0,5 V 0,12 A\u00a0  - J: 3,5 \u00f7 6,5 V 0,12 A\u00a0  ~12: 9 \u00f7 12 V~ con 2,4 A (intermitente, s\u00f3lo con cerradura el\u00e9ctrica activa)  11,5 \u00f7 15 V~ avec 0,4 A  Salida PS: 8,0 Vpp min. de 1 a 4 altavoces 45 \u03a9 en paralelo protecci\u00f3n electr\u00f3nica contra cortocircuito  Dimensiones: 54 x 89 x 61mm   La alimentaci\u00f3n Ref. 786\/11 puede emplearse s\u00f3lo en las instalaciones de portero con sistema de 4 n (5 hilos). El dispositivo es apto para montaje sobre barra DIN y a pared por medio de tornillos y espaciadores y tiene que ser montado en lugares secos y reparados. La tensi\u00f3n de alimentaci\u00f3n es \u00fanica de 230V~ seg\u00fan las nuevas normas Europeas.  &nbsp;  DESCARGAR MANUAL\" \/>\n<meta property=\"og:url\" content=\"https:\/\/peper.com.ar\/tienda\/producto\/786-11\/\" \/>\n<meta property=\"og:site_name\" content=\"Peper\" \/>\n<meta property=\"article:modified_time\" content=\"2023-01-18T17:51:16+00:00\" \/>\n<meta property=\"og:image\" content=\"https:\/\/peper.com.ar\/tienda\/wp-content\/uploads\/786-11_peper-1.jpg\" \/>\n\t<meta property=\"og:image:width\" content=\"1080\" \/>\n\t<meta property=\"og:image:height\" content=\"1080\" \/>\n\t<meta property=\"og:image:type\" content=\"image\/jpeg\" \/>\n<meta name=\"twitter:card\" content=\"summary_large_image\" \/>\n<script type=\"application\/ld+json\" class=\"yoast-schema-graph\">{\"@context\":\"https:\/\/schema.org\",\"@graph\":[{\"@type\":\"WebPage\",\"@id\":\"https:\/\/peper.com.ar\/tienda\/producto\/786-11\/\",\"url\":\"https:\/\/peper.com.ar\/tienda\/producto\/786-11\/\",\"name\":\"Fuente de audio - Sistema anal\u00f3gico - Peper\",\"isPartOf\":{\"@id\":\"https:\/\/peper.com.ar\/tienda\/#website\"},\"datePublished\":\"2020-07-21T20:44:49+00:00\",\"dateModified\":\"2023-01-18T17:51:16+00:00\",\"breadcrumb\":{\"@id\":\"https:\/\/peper.com.ar\/tienda\/producto\/786-11\/#breadcrumb\"},\"inLanguage\":\"es\",\"potentialAction\":[{\"@type\":\"ReadAction\",\"target\":[\"https:\/\/peper.com.ar\/tienda\/producto\/786-11\/\"]}]},{\"@type\":\"BreadcrumbList\",\"@id\":\"https:\/\/peper.com.ar\/tienda\/producto\/786-11\/#breadcrumb\",\"itemListElement\":[{\"@type\":\"ListItem\",\"position\":1,\"name\":\"Portada\",\"item\":\"https:\/\/peper.com.ar\/tienda\/\"},{\"@type\":\"ListItem\",\"position\":2,\"name\":\"Productos\",\"item\":\"https:\/\/peper.com.ar\/tienda\/productos\/\"},{\"@type\":\"ListItem\",\"position\":3,\"name\":\"Fuente de audio &#8211; Sistema anal\u00f3gico\"}]},{\"@type\":\"WebSite\",\"@id\":\"https:\/\/peper.com.ar\/tienda\/#website\",\"url\":\"https:\/\/peper.com.ar\/tienda\/\",\"name\":\"Peper\",\"description\":\"Tecnolog\u00eda que abre puertas\",\"potentialAction\":[{\"@type\":\"SearchAction\",\"target\":{\"@type\":\"EntryPoint\",\"urlTemplate\":\"https:\/\/peper.com.ar\/tienda\/?s={search_term_string}\"},\"query-input\":\"required name=search_term_string\"}],\"inLanguage\":\"es\"}]}<\/script>\n<!-- \/ Yoast SEO plugin. -->","yoast_head_json":{"title":"Fuente de audio - Sistema anal\u00f3gico - Peper","robots":{"index":"index","follow":"follow","max-snippet":"max-snippet:-1","max-image-preview":"max-image-preview:large","max-video-preview":"max-video-preview:-1"},"canonical":"https:\/\/peper.com.ar\/tienda\/producto\/786-11\/","og_locale":"es_ES","og_type":"article","og_title":"Fuente de audio - Sistema anal\u00f3gico - Peper","og_description":"Alimentaci\u00f3n: 230 V~ 50-60 Hz para Ref. 786\/11 110 V~ 50-60 Hz para Ref. 786\/12  Potencia: 35W m\u00e1x.  Protecci\u00f3n: PTC en primario transformador y en secundario 9 V~  Secundarios: 6: 6 V \u00b1 0,5 V 0,12 A\u00a0  - J: 3,5 \u00f7 6,5 V 0,12 A\u00a0  ~12: 9 \u00f7 12 V~ con 2,4 A (intermitente, s\u00f3lo con cerradura el\u00e9ctrica activa)  11,5 \u00f7 15 V~ avec 0,4 A  Salida PS: 8,0 Vpp min. de 1 a 4 altavoces 45 \u03a9 en paralelo protecci\u00f3n electr\u00f3nica contra cortocircuito  Dimensiones: 54 x 89 x 61mm   La alimentaci\u00f3n Ref. 786\/11 puede emplearse s\u00f3lo en las instalaciones de portero con sistema de 4 n (5 hilos). El dispositivo es apto para montaje sobre barra DIN y a pared por medio de tornillos y espaciadores y tiene que ser montado en lugares secos y reparados. La tensi\u00f3n de alimentaci\u00f3n es \u00fanica de 230V~ seg\u00fan las nuevas normas Europeas.  &nbsp;  DESCARGAR MANUAL","og_url":"https:\/\/peper.com.ar\/tienda\/producto\/786-11\/","og_site_name":"Peper","article_modified_time":"2023-01-18T17:51:16+00:00","og_image":[{"width":1080,"height":1080,"url":"https:\/\/peper.com.ar\/tienda\/wp-content\/uploads\/786-11_peper-1.jpg","type":"image\/jpeg"}],"twitter_card":"summary_large_image","schema":{"@context":"https:\/\/schema.org","@graph":[{"@type":"WebPage","@id":"https:\/\/peper.com.ar\/tienda\/producto\/786-11\/","url":"https:\/\/peper.com.ar\/tienda\/producto\/786-11\/","name":"Fuente de audio - Sistema anal\u00f3gico - Peper","isPartOf":{"@id":"https:\/\/peper.com.ar\/tienda\/#website"},"datePublished":"2020-07-21T20:44:49+00:00","dateModified":"2023-01-18T17:51:16+00:00","breadcrumb":{"@id":"https:\/\/peper.com.ar\/tienda\/producto\/786-11\/#breadcrumb"},"inLanguage":"es","potentialAction":[{"@type":"ReadAction","target":["https:\/\/peper.com.ar\/tienda\/producto\/786-11\/"]}]},{"@type":"BreadcrumbList","@id":"https:\/\/peper.com.ar\/tienda\/producto\/786-11\/#breadcrumb","itemListElement":[{"@type":"ListItem","position":1,"name":"Portada","item":"https:\/\/peper.com.ar\/tienda\/"},{"@type":"ListItem","position":2,"name":"Productos","item":"https:\/\/peper.com.ar\/tienda\/productos\/"},{"@type":"ListItem","position":3,"name":"Fuente de audio &#8211; Sistema anal\u00f3gico"}]},{"@type":"WebSite","@id":"https:\/\/peper.com.ar\/tienda\/#website","url":"https:\/\/peper.com.ar\/tienda\/","name":"Peper","description":"Tecnolog\u00eda que abre puertas","potentialAction":[{"@type":"SearchAction","target":{"@type":"EntryPoint","urlTemplate":"https:\/\/peper.com.ar\/tienda\/?s={search_term_string}"},"query-input":"required name=search_term_string"}],"inLanguage":"es"}]}},"_links":{"self":[{"href":"https:\/\/peper.com.ar\/tienda\/wp-json\/wp\/v2\/product\/2586"}],"collection":[{"href":"https:\/\/peper.com.ar\/tienda\/wp-json\/wp\/v2\/product"}],"about":[{"href":"https:\/\/peper.com.ar\/tienda\/wp-json\/wp\/v2\/types\/product"}],"replies":[{"embeddable":true,"href":"https:\/\/peper.com.ar\/tienda\/wp-json\/wp\/v2\/comments?post=2586"}],"wp:featuredmedia":[{"embeddable":true,"href":"https:\/\/peper.com.ar\/tienda\/wp-json\/wp\/v2\/media\/3134"}],"wp:attachment":[{"href":"https:\/\/peper.com.ar\/tienda\/wp-json\/wp\/v2\/media?parent=2586"}],"wp:term":[{"taxonomy":"product_cat","embeddable":true,"href":"https:\/\/peper.com.ar\/tienda\/wp-json\/wp\/v2\/product_cat?post=2586"},{"taxonomy":"product_tag","embeddable":true,"href":"https:\/\/peper.com.ar\/tienda\/wp-json\/wp\/v2\/product_tag?post=2586"}],"curies":[{"name":"wp","href":"https:\/\/api.w.org\/{rel}","templated":true}]}}