{"id":2583,"date":"2020-07-21T20:44:45","date_gmt":"2020-07-21T20:44:45","guid":{"rendered":"https:\/\/peper.com.ar\/tienda\/?post_type=product&#038;p=2583"},"modified":"2024-02-06T11:43:44","modified_gmt":"2024-02-06T14:43:44","slug":"789-5b","status":"publish","type":"product","link":"https:\/\/peper.com.ar\/tienda\/producto\/789-5b\/","title":{"rendered":"Fuente de video &#8211; Sistema Anal\u00f3gico"},"content":{"rendered":"","protected":false},"excerpt":{"rendered":"<ul>\n<li style=\"font-weight: 400;\"><span style=\"font-weight: 400;\">Alimentaci\u00f3n: 230V~ \u00b1 10% 50\/60Hz<\/span><\/li>\n<li style=\"font-weight: 400;\"><span style=\"font-weight: 400;\">Potencia: 45W<\/span><\/li>\n<li style=\"font-weight: 400;\"><span style=\"font-weight: 400;\">Salidas no temporizadas: 12V~ 0,4A, +R (18Vcc 0,11A), 6V (0,18A)<\/span><\/li>\n<li style=\"font-weight: 400;\"><span style=\"font-weight: 400;\">Salidas temporizadas: 12V~ (2A cerradura), R2 (18Vcc 0,65A), +TC (18Vcc 0,23A)<\/span><\/li>\n<li style=\"font-weight: 400;\"><span style=\"font-weight: 400;\">Timer: 45 \u00f7 180 sec. (ajustado 50 \u00b1 10 sec.)<\/span><\/li>\n<li style=\"font-weight: 400;\"><span style=\"font-weight: 400;\">Abre puertas: 5A<\/span><\/li>\n<li style=\"font-weight: 400;\"><span style=\"font-weight: 400;\">Protecci\u00f3nes: PTC (*)<\/span><\/li>\n<li style=\"font-weight: 400;\"><span style=\"font-weight: 400;\">Temperadura: -5\u00b0C 45\u00b0C<\/span><\/li>\n<li style=\"font-weight: 400;\"><span style=\"font-weight: 400;\">Dimensiones: 180 x 80 x 90mm<\/span><\/li>\n<li style=\"font-weight: 400;\"><span style=\"font-weight: 400;\">(10 modulos DIN)<\/span><\/li>\n<li style=\"font-weight: 400;\"><span style=\"font-weight: 400;\">Peso: 1030gr.<\/span><\/li>\n<\/ul>\n<p><span style=\"font-weight: 400;\">La alimentaci\u00f3n Ref. 789\/5B puede emplearse s\u00f3lo en las instalaciones de videoportero con sistema de llamada electr\u00f3nica. Se puede tambi\u00e9n emplear en instalaciones 5-hilos sin cable coax. El dispositivo es apto para montaje sobre barra DIN y a pared por medio de tornillos y espaciadores y tiene que ser montado en lugares secos y reparados. La tensi\u00f3n de alimentaci\u00f3n es \u00fanica de 230V~ seg\u00fan las nuevas normas Europeas. La alimentaci\u00f3n est\u00e1 suministrada con el temporizador con ajuste a 50\u201d; es posible pasar de 45\u201c a 180\u201d empleando el control especial.<\/span><\/p>\n<p>&nbsp;<\/p>\n<p><a href=\"https:\/\/peper.com.ar\/wp-content\/uploads\/Manual-Analogo-Fuente-video-789-5B.pdf\" target=\"_blank\" rel=\"noopener noreferrer\"><strong>DESCARGAR MANUAL<\/strong><\/a><\/p>\n","protected":false},"featured_media":3131,"comment_status":"open","ping_status":"closed","template":"","meta":[],"product_cat":[162],"product_tag":[143],"yoast_head":"<!-- This site is optimized with the Yoast SEO plugin v21.1 - https:\/\/yoast.com\/wordpress\/plugins\/seo\/ -->\n<title>Fuente de video - Sistema Anal\u00f3gico - Peper<\/title>\n<meta name=\"robots\" content=\"index, follow, max-snippet:-1, max-image-preview:large, max-video-preview:-1\" \/>\n<link rel=\"canonical\" href=\"https:\/\/peper.com.ar\/tienda\/producto\/789-5b\/\" \/>\n<meta property=\"og:locale\" content=\"es_ES\" \/>\n<meta property=\"og:type\" content=\"article\" \/>\n<meta property=\"og:title\" content=\"Fuente de video - Sistema Anal\u00f3gico - Peper\" \/>\n<meta property=\"og:description\" content=\"Alimentaci\u00f3n: 230V~ \u00b1 10% 50\/60Hz  Potencia: 45W  Salidas no temporizadas: 12V~ 0,4A, +R (18Vcc 0,11A), 6V (0,18A)  Salidas temporizadas: 12V~ (2A cerradura), R2 (18Vcc 0,65A), +TC (18Vcc 0,23A)  Timer: 45 \u00f7 180 sec. (ajustado 50 \u00b1 10 sec.)  Abre puertas: 5A  Protecci\u00f3nes: PTC (*)  Temperadura: -5\u00b0C 45\u00b0C  Dimensiones: 180 x 80 x 90mm  (10 modulos DIN)  Peso: 1030gr.  La alimentaci\u00f3n Ref. 789\/5B puede emplearse s\u00f3lo en las instalaciones de videoportero con sistema de llamada electr\u00f3nica. Se puede tambi\u00e9n emplear en instalaciones 5-hilos sin cable coax. El dispositivo es apto para montaje sobre barra DIN y a pared por medio de tornillos y espaciadores y tiene que ser montado en lugares secos y reparados. La tensi\u00f3n de alimentaci\u00f3n es \u00fanica de 230V~ seg\u00fan las nuevas normas Europeas. La alimentaci\u00f3n est\u00e1 suministrada con el temporizador con ajuste a 50\u201d; es posible pasar de 45\u201c a 180\u201d empleando el control especial.  &nbsp;  DESCARGAR MANUAL\" \/>\n<meta property=\"og:url\" content=\"https:\/\/peper.com.ar\/tienda\/producto\/789-5b\/\" \/>\n<meta property=\"og:site_name\" content=\"Peper\" \/>\n<meta property=\"article:modified_time\" content=\"2024-02-06T14:43:44+00:00\" \/>\n<meta property=\"og:image\" content=\"https:\/\/peper.com.ar\/tienda\/wp-content\/uploads\/789-5B_peper-1.jpg\" \/>\n\t<meta property=\"og:image:width\" content=\"1080\" \/>\n\t<meta property=\"og:image:height\" content=\"1080\" \/>\n\t<meta property=\"og:image:type\" content=\"image\/jpeg\" \/>\n<meta name=\"twitter:card\" content=\"summary_large_image\" \/>\n<script type=\"application\/ld+json\" class=\"yoast-schema-graph\">{\"@context\":\"https:\/\/schema.org\",\"@graph\":[{\"@type\":\"WebPage\",\"@id\":\"https:\/\/peper.com.ar\/tienda\/producto\/789-5b\/\",\"url\":\"https:\/\/peper.com.ar\/tienda\/producto\/789-5b\/\",\"name\":\"Fuente de video - Sistema Anal\u00f3gico - Peper\",\"isPartOf\":{\"@id\":\"https:\/\/peper.com.ar\/tienda\/#website\"},\"datePublished\":\"2020-07-21T20:44:45+00:00\",\"dateModified\":\"2024-02-06T14:43:44+00:00\",\"breadcrumb\":{\"@id\":\"https:\/\/peper.com.ar\/tienda\/producto\/789-5b\/#breadcrumb\"},\"inLanguage\":\"es\",\"potentialAction\":[{\"@type\":\"ReadAction\",\"target\":[\"https:\/\/peper.com.ar\/tienda\/producto\/789-5b\/\"]}]},{\"@type\":\"BreadcrumbList\",\"@id\":\"https:\/\/peper.com.ar\/tienda\/producto\/789-5b\/#breadcrumb\",\"itemListElement\":[{\"@type\":\"ListItem\",\"position\":1,\"name\":\"Portada\",\"item\":\"https:\/\/peper.com.ar\/tienda\/\"},{\"@type\":\"ListItem\",\"position\":2,\"name\":\"Productos\",\"item\":\"https:\/\/peper.com.ar\/tienda\/productos\/\"},{\"@type\":\"ListItem\",\"position\":3,\"name\":\"Fuente de video &#8211; Sistema Anal\u00f3gico\"}]},{\"@type\":\"WebSite\",\"@id\":\"https:\/\/peper.com.ar\/tienda\/#website\",\"url\":\"https:\/\/peper.com.ar\/tienda\/\",\"name\":\"Peper\",\"description\":\"Tecnolog\u00eda que abre puertas\",\"potentialAction\":[{\"@type\":\"SearchAction\",\"target\":{\"@type\":\"EntryPoint\",\"urlTemplate\":\"https:\/\/peper.com.ar\/tienda\/?s={search_term_string}\"},\"query-input\":\"required name=search_term_string\"}],\"inLanguage\":\"es\"}]}<\/script>\n<!-- \/ Yoast SEO plugin. -->","yoast_head_json":{"title":"Fuente de video - Sistema Anal\u00f3gico - Peper","robots":{"index":"index","follow":"follow","max-snippet":"max-snippet:-1","max-image-preview":"max-image-preview:large","max-video-preview":"max-video-preview:-1"},"canonical":"https:\/\/peper.com.ar\/tienda\/producto\/789-5b\/","og_locale":"es_ES","og_type":"article","og_title":"Fuente de video - Sistema Anal\u00f3gico - Peper","og_description":"Alimentaci\u00f3n: 230V~ \u00b1 10% 50\/60Hz  Potencia: 45W  Salidas no temporizadas: 12V~ 0,4A, +R (18Vcc 0,11A), 6V (0,18A)  Salidas temporizadas: 12V~ (2A cerradura), R2 (18Vcc 0,65A), +TC (18Vcc 0,23A)  Timer: 45 \u00f7 180 sec. (ajustado 50 \u00b1 10 sec.)  Abre puertas: 5A  Protecci\u00f3nes: PTC (*)  Temperadura: -5\u00b0C 45\u00b0C  Dimensiones: 180 x 80 x 90mm  (10 modulos DIN)  Peso: 1030gr.  La alimentaci\u00f3n Ref. 789\/5B puede emplearse s\u00f3lo en las instalaciones de videoportero con sistema de llamada electr\u00f3nica. Se puede tambi\u00e9n emplear en instalaciones 5-hilos sin cable coax. El dispositivo es apto para montaje sobre barra DIN y a pared por medio de tornillos y espaciadores y tiene que ser montado en lugares secos y reparados. La tensi\u00f3n de alimentaci\u00f3n es \u00fanica de 230V~ seg\u00fan las nuevas normas Europeas. La alimentaci\u00f3n est\u00e1 suministrada con el temporizador con ajuste a 50\u201d; es posible pasar de 45\u201c a 180\u201d empleando el control especial.  &nbsp;  DESCARGAR MANUAL","og_url":"https:\/\/peper.com.ar\/tienda\/producto\/789-5b\/","og_site_name":"Peper","article_modified_time":"2024-02-06T14:43:44+00:00","og_image":[{"width":1080,"height":1080,"url":"https:\/\/peper.com.ar\/tienda\/wp-content\/uploads\/789-5B_peper-1.jpg","type":"image\/jpeg"}],"twitter_card":"summary_large_image","schema":{"@context":"https:\/\/schema.org","@graph":[{"@type":"WebPage","@id":"https:\/\/peper.com.ar\/tienda\/producto\/789-5b\/","url":"https:\/\/peper.com.ar\/tienda\/producto\/789-5b\/","name":"Fuente de video - Sistema Anal\u00f3gico - Peper","isPartOf":{"@id":"https:\/\/peper.com.ar\/tienda\/#website"},"datePublished":"2020-07-21T20:44:45+00:00","dateModified":"2024-02-06T14:43:44+00:00","breadcrumb":{"@id":"https:\/\/peper.com.ar\/tienda\/producto\/789-5b\/#breadcrumb"},"inLanguage":"es","potentialAction":[{"@type":"ReadAction","target":["https:\/\/peper.com.ar\/tienda\/producto\/789-5b\/"]}]},{"@type":"BreadcrumbList","@id":"https:\/\/peper.com.ar\/tienda\/producto\/789-5b\/#breadcrumb","itemListElement":[{"@type":"ListItem","position":1,"name":"Portada","item":"https:\/\/peper.com.ar\/tienda\/"},{"@type":"ListItem","position":2,"name":"Productos","item":"https:\/\/peper.com.ar\/tienda\/productos\/"},{"@type":"ListItem","position":3,"name":"Fuente de video &#8211; Sistema Anal\u00f3gico"}]},{"@type":"WebSite","@id":"https:\/\/peper.com.ar\/tienda\/#website","url":"https:\/\/peper.com.ar\/tienda\/","name":"Peper","description":"Tecnolog\u00eda que abre puertas","potentialAction":[{"@type":"SearchAction","target":{"@type":"EntryPoint","urlTemplate":"https:\/\/peper.com.ar\/tienda\/?s={search_term_string}"},"query-input":"required name=search_term_string"}],"inLanguage":"es"}]}},"_links":{"self":[{"href":"https:\/\/peper.com.ar\/tienda\/wp-json\/wp\/v2\/product\/2583"}],"collection":[{"href":"https:\/\/peper.com.ar\/tienda\/wp-json\/wp\/v2\/product"}],"about":[{"href":"https:\/\/peper.com.ar\/tienda\/wp-json\/wp\/v2\/types\/product"}],"replies":[{"embeddable":true,"href":"https:\/\/peper.com.ar\/tienda\/wp-json\/wp\/v2\/comments?post=2583"}],"wp:featuredmedia":[{"embeddable":true,"href":"https:\/\/peper.com.ar\/tienda\/wp-json\/wp\/v2\/media\/3131"}],"wp:attachment":[{"href":"https:\/\/peper.com.ar\/tienda\/wp-json\/wp\/v2\/media?parent=2583"}],"wp:term":[{"taxonomy":"product_cat","embeddable":true,"href":"https:\/\/peper.com.ar\/tienda\/wp-json\/wp\/v2\/product_cat?post=2583"},{"taxonomy":"product_tag","embeddable":true,"href":"https:\/\/peper.com.ar\/tienda\/wp-json\/wp\/v2\/product_tag?post=2583"}],"curies":[{"name":"wp","href":"https:\/\/api.w.org\/{rel}","templated":true}]}}