{"id":2580,"date":"2020-07-21T20:38:11","date_gmt":"2020-07-21T20:38:11","guid":{"rendered":"https:\/\/peper.com.ar\/tienda\/?post_type=product&#038;p=2580"},"modified":"2023-01-18T17:45:26","modified_gmt":"2023-01-18T17:45:26","slug":"1072-42","status":"publish","type":"product","link":"https:\/\/peper.com.ar\/tienda\/producto\/1072-42\/","title":{"rendered":"Central de conserjer\u00eda &#8211; Sistema Bibus"},"content":{"rendered":"<p><span style=\"font-weight: 400;\">La centralita interf\u00f3nica Ref. 1072\/42 se utiliza en el sistema BIBUS II Ed. exclusivamente para realizar:<\/span><\/p>\n<ul>\n<li><span style=\"font-weight: 400;\">El servicio de comunicaci\u00f3n desde y hacia los Aparatos interiores, con capacidad de memorizaci\u00f3n de las llamadas no atendidas (hasta 50).\u00a0<\/span><\/li>\n<li><span style=\"font-weight: 400;\">El servicio de porter\u00eda D\u00eda\/Noche (interceptando o no las llamadas provenientes de los Puestos <\/span><span style=\"font-weight: 400;\">de Llamada Principales y dirigidas a los Aparatos interiores).<\/span><\/li>\n<\/ul>\n<p><span style=\"font-weight: 400;\">La centralita Ref. 1072\/42 se realiza en l\u00ednea SCAITEL en una sola versi\u00f3n que se puede adaptar para el uso de sobremesa o de fijaci\u00f3n mural.<\/span><\/p>\n<p>&nbsp;<\/p>\n","protected":false},"excerpt":{"rendered":"<ul>\n<li style=\"font-weight: 400;\"><span style=\"font-weight: 400;\">Posibilidad de captura de llamada desde placas principales<\/span><\/li>\n<li style=\"font-weight: 400;\"><span style=\"font-weight: 400;\">Funci\u00f3n d\u00eda\/noche<\/span><\/li>\n<li style=\"font-weight: 400;\"><span style=\"font-weight: 400;\">Posibilidad de guardar hasta 50 llamadas perdidas<\/span><\/li>\n<li style=\"font-weight: 400;\"><span style=\"font-weight: 400;\">Directorio de viviendas<\/span><\/li>\n<li style=\"font-weight: 400;\"><span style=\"font-weight: 400;\">Indicaci\u00f3n por led de puerta abierta<\/span><\/li>\n<\/ul>\n<p>&nbsp;<\/p>\n<p><strong><a href=\"https:\/\/peper.com.ar\/wp-content\/uploads\/Manual-Bibus-Central-conserjeria-1072-42.pdf\" target=\"_blank\" rel=\"noopener noreferrer\">DESCARGAR MANUAL<\/a><\/strong><\/p>\n<p>&nbsp;<\/p>\n","protected":false},"featured_media":3128,"comment_status":"open","ping_status":"closed","template":"","meta":[],"product_cat":[150],"product_tag":[144],"yoast_head":"<!-- This site is optimized with the Yoast SEO plugin v21.1 - https:\/\/yoast.com\/wordpress\/plugins\/seo\/ -->\n<title>Central de conserjer\u00eda - Sistema Bibus - Peper<\/title>\n<meta name=\"robots\" content=\"index, follow, max-snippet:-1, max-image-preview:large, max-video-preview:-1\" \/>\n<link rel=\"canonical\" href=\"https:\/\/peper.com.ar\/tienda\/producto\/1072-42\/\" \/>\n<meta property=\"og:locale\" content=\"es_ES\" \/>\n<meta property=\"og:type\" content=\"article\" \/>\n<meta property=\"og:title\" content=\"Central de conserjer\u00eda - Sistema Bibus - Peper\" \/>\n<meta property=\"og:description\" content=\"Posibilidad de captura de llamada desde placas principales  Funci\u00f3n d\u00eda\/noche  Posibilidad de guardar hasta 50 llamadas perdidas  Directorio de viviendas  Indicaci\u00f3n por led de puerta abierta  &nbsp;  DESCARGAR MANUAL  &nbsp;\" \/>\n<meta property=\"og:url\" content=\"https:\/\/peper.com.ar\/tienda\/producto\/1072-42\/\" \/>\n<meta property=\"og:site_name\" content=\"Peper\" \/>\n<meta property=\"article:modified_time\" content=\"2023-01-18T17:45:26+00:00\" \/>\n<meta property=\"og:image\" content=\"https:\/\/peper.com.ar\/tienda\/wp-content\/uploads\/1072-42_peper-1.jpg\" \/>\n\t<meta property=\"og:image:width\" content=\"1080\" \/>\n\t<meta property=\"og:image:height\" content=\"1080\" \/>\n\t<meta property=\"og:image:type\" content=\"image\/jpeg\" \/>\n<meta name=\"twitter:card\" content=\"summary_large_image\" \/>\n<script type=\"application\/ld+json\" class=\"yoast-schema-graph\">{\"@context\":\"https:\/\/schema.org\",\"@graph\":[{\"@type\":\"WebPage\",\"@id\":\"https:\/\/peper.com.ar\/tienda\/producto\/1072-42\/\",\"url\":\"https:\/\/peper.com.ar\/tienda\/producto\/1072-42\/\",\"name\":\"Central de conserjer\u00eda - Sistema Bibus - Peper\",\"isPartOf\":{\"@id\":\"https:\/\/peper.com.ar\/tienda\/#website\"},\"datePublished\":\"2020-07-21T20:38:11+00:00\",\"dateModified\":\"2023-01-18T17:45:26+00:00\",\"breadcrumb\":{\"@id\":\"https:\/\/peper.com.ar\/tienda\/producto\/1072-42\/#breadcrumb\"},\"inLanguage\":\"es\",\"potentialAction\":[{\"@type\":\"ReadAction\",\"target\":[\"https:\/\/peper.com.ar\/tienda\/producto\/1072-42\/\"]}]},{\"@type\":\"BreadcrumbList\",\"@id\":\"https:\/\/peper.com.ar\/tienda\/producto\/1072-42\/#breadcrumb\",\"itemListElement\":[{\"@type\":\"ListItem\",\"position\":1,\"name\":\"Portada\",\"item\":\"https:\/\/peper.com.ar\/tienda\/\"},{\"@type\":\"ListItem\",\"position\":2,\"name\":\"Productos\",\"item\":\"https:\/\/peper.com.ar\/tienda\/productos\/\"},{\"@type\":\"ListItem\",\"position\":3,\"name\":\"Central de conserjer\u00eda &#8211; Sistema Bibus\"}]},{\"@type\":\"WebSite\",\"@id\":\"https:\/\/peper.com.ar\/tienda\/#website\",\"url\":\"https:\/\/peper.com.ar\/tienda\/\",\"name\":\"Peper\",\"description\":\"Tecnolog\u00eda que abre puertas\",\"potentialAction\":[{\"@type\":\"SearchAction\",\"target\":{\"@type\":\"EntryPoint\",\"urlTemplate\":\"https:\/\/peper.com.ar\/tienda\/?s={search_term_string}\"},\"query-input\":\"required name=search_term_string\"}],\"inLanguage\":\"es\"}]}<\/script>\n<!-- \/ Yoast SEO plugin. -->","yoast_head_json":{"title":"Central de conserjer\u00eda - Sistema Bibus - Peper","robots":{"index":"index","follow":"follow","max-snippet":"max-snippet:-1","max-image-preview":"max-image-preview:large","max-video-preview":"max-video-preview:-1"},"canonical":"https:\/\/peper.com.ar\/tienda\/producto\/1072-42\/","og_locale":"es_ES","og_type":"article","og_title":"Central de conserjer\u00eda - Sistema Bibus - Peper","og_description":"Posibilidad de captura de llamada desde placas principales  Funci\u00f3n d\u00eda\/noche  Posibilidad de guardar hasta 50 llamadas perdidas  Directorio de viviendas  Indicaci\u00f3n por led de puerta abierta  &nbsp;  DESCARGAR MANUAL  &nbsp;","og_url":"https:\/\/peper.com.ar\/tienda\/producto\/1072-42\/","og_site_name":"Peper","article_modified_time":"2023-01-18T17:45:26+00:00","og_image":[{"width":1080,"height":1080,"url":"https:\/\/peper.com.ar\/tienda\/wp-content\/uploads\/1072-42_peper-1.jpg","type":"image\/jpeg"}],"twitter_card":"summary_large_image","schema":{"@context":"https:\/\/schema.org","@graph":[{"@type":"WebPage","@id":"https:\/\/peper.com.ar\/tienda\/producto\/1072-42\/","url":"https:\/\/peper.com.ar\/tienda\/producto\/1072-42\/","name":"Central de conserjer\u00eda - Sistema Bibus - Peper","isPartOf":{"@id":"https:\/\/peper.com.ar\/tienda\/#website"},"datePublished":"2020-07-21T20:38:11+00:00","dateModified":"2023-01-18T17:45:26+00:00","breadcrumb":{"@id":"https:\/\/peper.com.ar\/tienda\/producto\/1072-42\/#breadcrumb"},"inLanguage":"es","potentialAction":[{"@type":"ReadAction","target":["https:\/\/peper.com.ar\/tienda\/producto\/1072-42\/"]}]},{"@type":"BreadcrumbList","@id":"https:\/\/peper.com.ar\/tienda\/producto\/1072-42\/#breadcrumb","itemListElement":[{"@type":"ListItem","position":1,"name":"Portada","item":"https:\/\/peper.com.ar\/tienda\/"},{"@type":"ListItem","position":2,"name":"Productos","item":"https:\/\/peper.com.ar\/tienda\/productos\/"},{"@type":"ListItem","position":3,"name":"Central de conserjer\u00eda &#8211; Sistema Bibus"}]},{"@type":"WebSite","@id":"https:\/\/peper.com.ar\/tienda\/#website","url":"https:\/\/peper.com.ar\/tienda\/","name":"Peper","description":"Tecnolog\u00eda que abre puertas","potentialAction":[{"@type":"SearchAction","target":{"@type":"EntryPoint","urlTemplate":"https:\/\/peper.com.ar\/tienda\/?s={search_term_string}"},"query-input":"required name=search_term_string"}],"inLanguage":"es"}]}},"_links":{"self":[{"href":"https:\/\/peper.com.ar\/tienda\/wp-json\/wp\/v2\/product\/2580"}],"collection":[{"href":"https:\/\/peper.com.ar\/tienda\/wp-json\/wp\/v2\/product"}],"about":[{"href":"https:\/\/peper.com.ar\/tienda\/wp-json\/wp\/v2\/types\/product"}],"replies":[{"embeddable":true,"href":"https:\/\/peper.com.ar\/tienda\/wp-json\/wp\/v2\/comments?post=2580"}],"wp:featuredmedia":[{"embeddable":true,"href":"https:\/\/peper.com.ar\/tienda\/wp-json\/wp\/v2\/media\/3128"}],"wp:attachment":[{"href":"https:\/\/peper.com.ar\/tienda\/wp-json\/wp\/v2\/media?parent=2580"}],"wp:term":[{"taxonomy":"product_cat","embeddable":true,"href":"https:\/\/peper.com.ar\/tienda\/wp-json\/wp\/v2\/product_cat?post=2580"},{"taxonomy":"product_tag","embeddable":true,"href":"https:\/\/peper.com.ar\/tienda\/wp-json\/wp\/v2\/product_tag?post=2580"}],"curies":[{"name":"wp","href":"https:\/\/api.w.org\/{rel}","templated":true}]}}