{"id":2579,"date":"2020-07-21T20:19:34","date_gmt":"2020-07-21T20:19:34","guid":{"rendered":"https:\/\/peper.com.ar\/tienda\/?post_type=product&#038;p=2579"},"modified":"2023-01-18T17:46:50","modified_gmt":"2023-01-18T17:46:50","slug":"1133-15","status":"publish","type":"product","link":"https:\/\/peper.com.ar\/tienda\/producto\/1133-15\/","title":{"rendered":"Tel\u00e9fono Atl\u00e1ntico Universal"},"content":{"rendered":"","protected":false},"excerpt":{"rendered":"<ul>\n<li style=\"font-weight: 400\"><span style=\"font-weight: 400\">Bot\u00f3n de apertura de la puerta<\/span><\/li>\n<li style=\"font-weight: 400\"><span style=\"font-weight: 400\">3 botones para hacer llamadas de intercomunicaci\u00f3n<\/span><\/li>\n<li style=\"font-weight: 400\"><span style=\"font-weight: 400\">Volumen de llamada regulable de timbre<\/span><\/li>\n<li style=\"font-weight: 400\"><span style=\"font-weight: 400\">Volumen de llamada regulable de audio de entrada y salida<\/span><\/li>\n<li style=\"font-weight: 400\"><span style=\"font-weight: 400\">Compatible con diferentes marcas.<\/span><\/li>\n<li style=\"font-weight: 400\"><span style=\"font-weight: 400\">Dimensiones 255x102x67mm (altura x ancho x profundidad)<\/span><\/li>\n<li style=\"font-weight: 400\"><span style=\"font-weight: 400\">Cuerpo blanco con acabado mate<\/span><\/li>\n<\/ul>\n<p><span style=\"font-weight: 400\">Adecuado para montaje en pared. Tiene un bot\u00f3n de apertura de puerta (retroiluminado) y otros para servicios adicionales (para llamar a un conserje, para llamar a otros tel\u00e9fonos) <\/span><span style=\"font-weight: 400\">En sistemas anal\u00f3gicos, atl\u00e1ntico universal es compatible con todos los sistemas 4 n (5 hilos), 1 n (2 hilos)\u00a0 de diferentes marcas.<\/span><\/p>\n","protected":false},"featured_media":3127,"comment_status":"open","ping_status":"closed","template":"","meta":[],"product_cat":[161,154],"product_tag":[143],"yoast_head":"<!-- This site is optimized with the Yoast SEO plugin v21.1 - https:\/\/yoast.com\/wordpress\/plugins\/seo\/ -->\n<title>Tel\u00e9fono Atl\u00e1ntico Universal - Peper<\/title>\n<meta name=\"robots\" content=\"index, follow, max-snippet:-1, max-image-preview:large, max-video-preview:-1\" \/>\n<link rel=\"canonical\" href=\"https:\/\/peper.com.ar\/tienda\/producto\/1133-15\/\" \/>\n<meta property=\"og:locale\" content=\"es_ES\" \/>\n<meta property=\"og:type\" content=\"article\" \/>\n<meta property=\"og:title\" content=\"Tel\u00e9fono Atl\u00e1ntico Universal - Peper\" \/>\n<meta property=\"og:description\" content=\"Bot\u00f3n de apertura de la puerta  3 botones para hacer llamadas de intercomunicaci\u00f3n  Volumen de llamada regulable de timbre  Volumen de llamada regulable de audio de entrada y salida  Compatible con diferentes marcas.  Dimensiones 255x102x67mm (altura x ancho x profundidad)  Cuerpo blanco con acabado mate  Adecuado para montaje en pared. Tiene un bot\u00f3n de apertura de puerta (retroiluminado) y otros para servicios adicionales (para llamar a un conserje, para llamar a otros tel\u00e9fonos) En sistemas anal\u00f3gicos, atl\u00e1ntico universal es compatible con todos los sistemas 4 n (5 hilos), 1 n (2 hilos)\u00a0 de diferentes marcas.\" \/>\n<meta property=\"og:url\" content=\"https:\/\/peper.com.ar\/tienda\/producto\/1133-15\/\" \/>\n<meta property=\"og:site_name\" content=\"Peper\" \/>\n<meta property=\"article:modified_time\" content=\"2023-01-18T17:46:50+00:00\" \/>\n<meta property=\"og:image\" content=\"https:\/\/peper.com.ar\/tienda\/wp-content\/uploads\/1133-15_peper-1.jpg\" \/>\n\t<meta property=\"og:image:width\" content=\"1080\" \/>\n\t<meta property=\"og:image:height\" content=\"1080\" \/>\n\t<meta property=\"og:image:type\" content=\"image\/jpeg\" \/>\n<meta name=\"twitter:card\" content=\"summary_large_image\" \/>\n<script type=\"application\/ld+json\" class=\"yoast-schema-graph\">{\"@context\":\"https:\/\/schema.org\",\"@graph\":[{\"@type\":\"WebPage\",\"@id\":\"https:\/\/peper.com.ar\/tienda\/producto\/1133-15\/\",\"url\":\"https:\/\/peper.com.ar\/tienda\/producto\/1133-15\/\",\"name\":\"Tel\u00e9fono Atl\u00e1ntico Universal - Peper\",\"isPartOf\":{\"@id\":\"https:\/\/peper.com.ar\/tienda\/#website\"},\"datePublished\":\"2020-07-21T20:19:34+00:00\",\"dateModified\":\"2023-01-18T17:46:50+00:00\",\"breadcrumb\":{\"@id\":\"https:\/\/peper.com.ar\/tienda\/producto\/1133-15\/#breadcrumb\"},\"inLanguage\":\"es\",\"potentialAction\":[{\"@type\":\"ReadAction\",\"target\":[\"https:\/\/peper.com.ar\/tienda\/producto\/1133-15\/\"]}]},{\"@type\":\"BreadcrumbList\",\"@id\":\"https:\/\/peper.com.ar\/tienda\/producto\/1133-15\/#breadcrumb\",\"itemListElement\":[{\"@type\":\"ListItem\",\"position\":1,\"name\":\"Portada\",\"item\":\"https:\/\/peper.com.ar\/tienda\/\"},{\"@type\":\"ListItem\",\"position\":2,\"name\":\"Productos\",\"item\":\"https:\/\/peper.com.ar\/tienda\/productos\/\"},{\"@type\":\"ListItem\",\"position\":3,\"name\":\"Tel\u00e9fono Atl\u00e1ntico Universal\"}]},{\"@type\":\"WebSite\",\"@id\":\"https:\/\/peper.com.ar\/tienda\/#website\",\"url\":\"https:\/\/peper.com.ar\/tienda\/\",\"name\":\"Peper\",\"description\":\"Tecnolog\u00eda que abre puertas\",\"potentialAction\":[{\"@type\":\"SearchAction\",\"target\":{\"@type\":\"EntryPoint\",\"urlTemplate\":\"https:\/\/peper.com.ar\/tienda\/?s={search_term_string}\"},\"query-input\":\"required name=search_term_string\"}],\"inLanguage\":\"es\"}]}<\/script>\n<!-- \/ Yoast SEO plugin. -->","yoast_head_json":{"title":"Tel\u00e9fono Atl\u00e1ntico Universal - Peper","robots":{"index":"index","follow":"follow","max-snippet":"max-snippet:-1","max-image-preview":"max-image-preview:large","max-video-preview":"max-video-preview:-1"},"canonical":"https:\/\/peper.com.ar\/tienda\/producto\/1133-15\/","og_locale":"es_ES","og_type":"article","og_title":"Tel\u00e9fono Atl\u00e1ntico Universal - Peper","og_description":"Bot\u00f3n de apertura de la puerta  3 botones para hacer llamadas de intercomunicaci\u00f3n  Volumen de llamada regulable de timbre  Volumen de llamada regulable de audio de entrada y salida  Compatible con diferentes marcas.  Dimensiones 255x102x67mm (altura x ancho x profundidad)  Cuerpo blanco con acabado mate  Adecuado para montaje en pared. Tiene un bot\u00f3n de apertura de puerta (retroiluminado) y otros para servicios adicionales (para llamar a un conserje, para llamar a otros tel\u00e9fonos) En sistemas anal\u00f3gicos, atl\u00e1ntico universal es compatible con todos los sistemas 4 n (5 hilos), 1 n (2 hilos)\u00a0 de diferentes marcas.","og_url":"https:\/\/peper.com.ar\/tienda\/producto\/1133-15\/","og_site_name":"Peper","article_modified_time":"2023-01-18T17:46:50+00:00","og_image":[{"width":1080,"height":1080,"url":"https:\/\/peper.com.ar\/tienda\/wp-content\/uploads\/1133-15_peper-1.jpg","type":"image\/jpeg"}],"twitter_card":"summary_large_image","schema":{"@context":"https:\/\/schema.org","@graph":[{"@type":"WebPage","@id":"https:\/\/peper.com.ar\/tienda\/producto\/1133-15\/","url":"https:\/\/peper.com.ar\/tienda\/producto\/1133-15\/","name":"Tel\u00e9fono Atl\u00e1ntico Universal - Peper","isPartOf":{"@id":"https:\/\/peper.com.ar\/tienda\/#website"},"datePublished":"2020-07-21T20:19:34+00:00","dateModified":"2023-01-18T17:46:50+00:00","breadcrumb":{"@id":"https:\/\/peper.com.ar\/tienda\/producto\/1133-15\/#breadcrumb"},"inLanguage":"es","potentialAction":[{"@type":"ReadAction","target":["https:\/\/peper.com.ar\/tienda\/producto\/1133-15\/"]}]},{"@type":"BreadcrumbList","@id":"https:\/\/peper.com.ar\/tienda\/producto\/1133-15\/#breadcrumb","itemListElement":[{"@type":"ListItem","position":1,"name":"Portada","item":"https:\/\/peper.com.ar\/tienda\/"},{"@type":"ListItem","position":2,"name":"Productos","item":"https:\/\/peper.com.ar\/tienda\/productos\/"},{"@type":"ListItem","position":3,"name":"Tel\u00e9fono Atl\u00e1ntico Universal"}]},{"@type":"WebSite","@id":"https:\/\/peper.com.ar\/tienda\/#website","url":"https:\/\/peper.com.ar\/tienda\/","name":"Peper","description":"Tecnolog\u00eda que abre puertas","potentialAction":[{"@type":"SearchAction","target":{"@type":"EntryPoint","urlTemplate":"https:\/\/peper.com.ar\/tienda\/?s={search_term_string}"},"query-input":"required name=search_term_string"}],"inLanguage":"es"}]}},"_links":{"self":[{"href":"https:\/\/peper.com.ar\/tienda\/wp-json\/wp\/v2\/product\/2579"}],"collection":[{"href":"https:\/\/peper.com.ar\/tienda\/wp-json\/wp\/v2\/product"}],"about":[{"href":"https:\/\/peper.com.ar\/tienda\/wp-json\/wp\/v2\/types\/product"}],"replies":[{"embeddable":true,"href":"https:\/\/peper.com.ar\/tienda\/wp-json\/wp\/v2\/comments?post=2579"}],"wp:featuredmedia":[{"embeddable":true,"href":"https:\/\/peper.com.ar\/tienda\/wp-json\/wp\/v2\/media\/3127"}],"wp:attachment":[{"href":"https:\/\/peper.com.ar\/tienda\/wp-json\/wp\/v2\/media?parent=2579"}],"wp:term":[{"taxonomy":"product_cat","embeddable":true,"href":"https:\/\/peper.com.ar\/tienda\/wp-json\/wp\/v2\/product_cat?post=2579"},{"taxonomy":"product_tag","embeddable":true,"href":"https:\/\/peper.com.ar\/tienda\/wp-json\/wp\/v2\/product_tag?post=2579"}],"curies":[{"name":"wp","href":"https:\/\/api.w.org\/{rel}","templated":true}]}}