{"id":2578,"date":"2020-07-21T20:19:33","date_gmt":"2020-07-21T20:19:33","guid":{"rendered":"https:\/\/peper.com.ar\/tienda\/?post_type=product&#038;p=2578"},"modified":"2023-01-18T17:48:32","modified_gmt":"2023-01-18T17:48:32","slug":"1172-40","status":"publish","type":"product","link":"https:\/\/peper.com.ar\/tienda\/producto\/1172-40\/","title":{"rendered":"Tel\u00e9fono Atl\u00e1ntico &#8211; Sistema Bibus"},"content":{"rendered":"","protected":false},"excerpt":{"rendered":"<ul>\n<li style=\"font-weight: 400;\"><span style=\"font-weight: 400;\">Bot\u00f3n de apertura de la puerta<\/span><\/li>\n<li style=\"font-weight: 400;\"><span style=\"font-weight: 400;\">3 botones para hacer llamadas de intercomunicaci\u00f3n<\/span><\/li>\n<li style=\"font-weight: 400;\"><span style=\"font-weight: 400;\">Dimensiones 255x102x67mm (altura x ancho x profundidad)<\/span><\/li>\n<li style=\"font-weight: 400;\"><span style=\"font-weight: 400;\">Cuerpo blanco con acabado mate\u00a0<\/span><\/li>\n<\/ul>\n<p><span style=\"font-weight: 400;\">Adecuado para montaje en pared o empotrable. Tiene un bot\u00f3n de apertura de puerta (retroiluminado) y otros para servicios adicionales (para llamar a un conserje, para llamar a otros tel\u00e9fonos). <\/span><\/p>\n","protected":false},"featured_media":2537,"comment_status":"open","ping_status":"closed","template":"","meta":[],"product_cat":[161,154],"product_tag":[144],"yoast_head":"<!-- This site is optimized with the Yoast SEO plugin v21.1 - https:\/\/yoast.com\/wordpress\/plugins\/seo\/ -->\n<title>Tel\u00e9fono Atl\u00e1ntico - Sistema Bibus - Peper<\/title>\n<meta name=\"robots\" content=\"index, follow, max-snippet:-1, max-image-preview:large, max-video-preview:-1\" \/>\n<link rel=\"canonical\" href=\"https:\/\/peper.com.ar\/tienda\/producto\/1172-40\/\" \/>\n<meta property=\"og:locale\" content=\"es_ES\" \/>\n<meta property=\"og:type\" content=\"article\" \/>\n<meta property=\"og:title\" content=\"Tel\u00e9fono Atl\u00e1ntico - Sistema Bibus - Peper\" \/>\n<meta property=\"og:description\" content=\"Bot\u00f3n de apertura de la puerta  3 botones para hacer llamadas de intercomunicaci\u00f3n  Dimensiones 255x102x67mm (altura x ancho x profundidad)  Cuerpo blanco con acabado mate\u00a0  Adecuado para montaje en pared o empotrable. Tiene un bot\u00f3n de apertura de puerta (retroiluminado) y otros para servicios adicionales (para llamar a un conserje, para llamar a otros tel\u00e9fonos).\" \/>\n<meta property=\"og:url\" content=\"https:\/\/peper.com.ar\/tienda\/producto\/1172-40\/\" \/>\n<meta property=\"og:site_name\" content=\"Peper\" \/>\n<meta property=\"article:modified_time\" content=\"2023-01-18T17:48:32+00:00\" \/>\n<meta property=\"og:image\" content=\"https:\/\/peper.com.ar\/tienda\/wp-content\/uploads\/1172-40.jpg\" \/>\n\t<meta property=\"og:image:width\" content=\"1080\" \/>\n\t<meta property=\"og:image:height\" content=\"1080\" \/>\n\t<meta property=\"og:image:type\" content=\"image\/jpeg\" \/>\n<meta name=\"twitter:card\" content=\"summary_large_image\" \/>\n<script type=\"application\/ld+json\" class=\"yoast-schema-graph\">{\"@context\":\"https:\/\/schema.org\",\"@graph\":[{\"@type\":\"WebPage\",\"@id\":\"https:\/\/peper.com.ar\/tienda\/producto\/1172-40\/\",\"url\":\"https:\/\/peper.com.ar\/tienda\/producto\/1172-40\/\",\"name\":\"Tel\u00e9fono Atl\u00e1ntico - Sistema Bibus - Peper\",\"isPartOf\":{\"@id\":\"https:\/\/peper.com.ar\/tienda\/#website\"},\"datePublished\":\"2020-07-21T20:19:33+00:00\",\"dateModified\":\"2023-01-18T17:48:32+00:00\",\"breadcrumb\":{\"@id\":\"https:\/\/peper.com.ar\/tienda\/producto\/1172-40\/#breadcrumb\"},\"inLanguage\":\"es\",\"potentialAction\":[{\"@type\":\"ReadAction\",\"target\":[\"https:\/\/peper.com.ar\/tienda\/producto\/1172-40\/\"]}]},{\"@type\":\"BreadcrumbList\",\"@id\":\"https:\/\/peper.com.ar\/tienda\/producto\/1172-40\/#breadcrumb\",\"itemListElement\":[{\"@type\":\"ListItem\",\"position\":1,\"name\":\"Portada\",\"item\":\"https:\/\/peper.com.ar\/tienda\/\"},{\"@type\":\"ListItem\",\"position\":2,\"name\":\"Productos\",\"item\":\"https:\/\/peper.com.ar\/tienda\/productos\/\"},{\"@type\":\"ListItem\",\"position\":3,\"name\":\"Tel\u00e9fono Atl\u00e1ntico &#8211; Sistema Bibus\"}]},{\"@type\":\"WebSite\",\"@id\":\"https:\/\/peper.com.ar\/tienda\/#website\",\"url\":\"https:\/\/peper.com.ar\/tienda\/\",\"name\":\"Peper\",\"description\":\"Tecnolog\u00eda que abre puertas\",\"potentialAction\":[{\"@type\":\"SearchAction\",\"target\":{\"@type\":\"EntryPoint\",\"urlTemplate\":\"https:\/\/peper.com.ar\/tienda\/?s={search_term_string}\"},\"query-input\":\"required name=search_term_string\"}],\"inLanguage\":\"es\"}]}<\/script>\n<!-- \/ Yoast SEO plugin. -->","yoast_head_json":{"title":"Tel\u00e9fono Atl\u00e1ntico - Sistema Bibus - Peper","robots":{"index":"index","follow":"follow","max-snippet":"max-snippet:-1","max-image-preview":"max-image-preview:large","max-video-preview":"max-video-preview:-1"},"canonical":"https:\/\/peper.com.ar\/tienda\/producto\/1172-40\/","og_locale":"es_ES","og_type":"article","og_title":"Tel\u00e9fono Atl\u00e1ntico - Sistema Bibus - Peper","og_description":"Bot\u00f3n de apertura de la puerta  3 botones para hacer llamadas de intercomunicaci\u00f3n  Dimensiones 255x102x67mm (altura x ancho x profundidad)  Cuerpo blanco con acabado mate\u00a0  Adecuado para montaje en pared o empotrable. Tiene un bot\u00f3n de apertura de puerta (retroiluminado) y otros para servicios adicionales (para llamar a un conserje, para llamar a otros tel\u00e9fonos).","og_url":"https:\/\/peper.com.ar\/tienda\/producto\/1172-40\/","og_site_name":"Peper","article_modified_time":"2023-01-18T17:48:32+00:00","og_image":[{"width":1080,"height":1080,"url":"https:\/\/peper.com.ar\/tienda\/wp-content\/uploads\/1172-40.jpg","type":"image\/jpeg"}],"twitter_card":"summary_large_image","schema":{"@context":"https:\/\/schema.org","@graph":[{"@type":"WebPage","@id":"https:\/\/peper.com.ar\/tienda\/producto\/1172-40\/","url":"https:\/\/peper.com.ar\/tienda\/producto\/1172-40\/","name":"Tel\u00e9fono Atl\u00e1ntico - Sistema Bibus - Peper","isPartOf":{"@id":"https:\/\/peper.com.ar\/tienda\/#website"},"datePublished":"2020-07-21T20:19:33+00:00","dateModified":"2023-01-18T17:48:32+00:00","breadcrumb":{"@id":"https:\/\/peper.com.ar\/tienda\/producto\/1172-40\/#breadcrumb"},"inLanguage":"es","potentialAction":[{"@type":"ReadAction","target":["https:\/\/peper.com.ar\/tienda\/producto\/1172-40\/"]}]},{"@type":"BreadcrumbList","@id":"https:\/\/peper.com.ar\/tienda\/producto\/1172-40\/#breadcrumb","itemListElement":[{"@type":"ListItem","position":1,"name":"Portada","item":"https:\/\/peper.com.ar\/tienda\/"},{"@type":"ListItem","position":2,"name":"Productos","item":"https:\/\/peper.com.ar\/tienda\/productos\/"},{"@type":"ListItem","position":3,"name":"Tel\u00e9fono Atl\u00e1ntico &#8211; Sistema Bibus"}]},{"@type":"WebSite","@id":"https:\/\/peper.com.ar\/tienda\/#website","url":"https:\/\/peper.com.ar\/tienda\/","name":"Peper","description":"Tecnolog\u00eda que abre puertas","potentialAction":[{"@type":"SearchAction","target":{"@type":"EntryPoint","urlTemplate":"https:\/\/peper.com.ar\/tienda\/?s={search_term_string}"},"query-input":"required name=search_term_string"}],"inLanguage":"es"}]}},"_links":{"self":[{"href":"https:\/\/peper.com.ar\/tienda\/wp-json\/wp\/v2\/product\/2578"}],"collection":[{"href":"https:\/\/peper.com.ar\/tienda\/wp-json\/wp\/v2\/product"}],"about":[{"href":"https:\/\/peper.com.ar\/tienda\/wp-json\/wp\/v2\/types\/product"}],"replies":[{"embeddable":true,"href":"https:\/\/peper.com.ar\/tienda\/wp-json\/wp\/v2\/comments?post=2578"}],"wp:featuredmedia":[{"embeddable":true,"href":"https:\/\/peper.com.ar\/tienda\/wp-json\/wp\/v2\/media\/2537"}],"wp:attachment":[{"href":"https:\/\/peper.com.ar\/tienda\/wp-json\/wp\/v2\/media?parent=2578"}],"wp:term":[{"taxonomy":"product_cat","embeddable":true,"href":"https:\/\/peper.com.ar\/tienda\/wp-json\/wp\/v2\/product_cat?post=2578"},{"taxonomy":"product_tag","embeddable":true,"href":"https:\/\/peper.com.ar\/tienda\/wp-json\/wp\/v2\/product_tag?post=2578"}],"curies":[{"name":"wp","href":"https:\/\/api.w.org\/{rel}","templated":true}]}}