{"id":2310,"date":"2020-07-03T20:26:17","date_gmt":"2020-07-03T20:26:17","guid":{"rendered":"https:\/\/peper.com.ar\/tienda\/?post_type=product&#038;p=2310"},"modified":"2023-01-18T17:50:29","modified_gmt":"2023-01-18T17:50:29","slug":"1750-6","status":"publish","type":"product","link":"https:\/\/peper.com.ar\/tienda\/producto\/1750-6\/","title":{"rendered":"Monitor M\u00ecro manos libres"},"content":{"rendered":"<ul>\n<li><span style=\"font-weight: 400\">Pantalla color 4.3\u201d<\/span><\/li>\n<li><span style=\"font-weight: 400\">Dimensiones: 129x160x23mm (altura x ancho x profundidad)<\/span><\/li>\n<li><span style=\"font-weight: 400\">Posibilidad de instalaci\u00f3n mixta entre monitores y tel\u00e9fonos.<\/span><\/li>\n<li><span style=\"font-weight: 400\">Funci\u00f3n apertura de puerta autom\u00e1tica<\/span><\/li>\n<li><span style=\"font-weight: 400\">Predisposici\u00f3n para personas con deficiencia auditiva<\/span><\/li>\n<li><span style=\"font-weight: 400\">2 botones programables<\/span><\/li>\n<li><span style=\"font-weight: 400\">Funci\u00f3n silencio<\/span><\/li>\n<\/ul>\n<p><span style=\"font-weight: 400\">Videoportero con un bot\u00f3n de apertura de puerta (retroiluminado) y 3 botones m\u00e1s para servicios adicionales (para abrir una segunda entrada de coche, para encender la luz de la escalera, para llamar a un conserje, para llamar a otros monitores, etc.).<\/span><\/p>\n<p><span style=\"font-weight: 400\">Un led indica las funciones activas (MUTE ON, la puerta autom\u00e1tica abierta ON) o situaciones particulares (puerta abierta, llamada activa).<\/span><\/p>\n<p><span style=\"font-weight: 400\">Es posible elegir el tono de llamada para las llamadas entrantes y para la llamada de piso entre 5 sonidos diferentes y una cadencia r\u00edtmica diferente da la indicaci\u00f3n precisa de la fuente de llamada entrante.<\/span><\/p>\n","protected":false},"excerpt":{"rendered":"<ul>\n<li><span style=\"font-weight: 400\">Pantalla color 4.3\u201d<\/span><\/li>\n<li><span style=\"font-weight: 400\">Dimensiones: 129x160x23mm (altura x ancho x profundidad)<\/span><\/li>\n<li><span style=\"font-weight: 400\">Posibilidad de instalaci\u00f3n mixta entre monitores y tel\u00e9fonos.<\/span><\/li>\n<li><span style=\"font-weight: 400\">Funci\u00f3n apertura de puerta autom\u00e1tica<\/span><\/li>\n<li><span style=\"font-weight: 400\">Predisposici\u00f3n para personas con deficiencia auditiva<\/span><\/li>\n<li><span style=\"font-weight: 400\">2 botones programables<\/span><\/li>\n<li><span style=\"font-weight: 400\">Funci\u00f3n silencio<\/span><\/li>\n<\/ul>\n<p>&nbsp;<\/p>\n<p><a href=\"https:\/\/www.urmet.com\/Portals\/0\/U_ST_Miro_vivavoce_UK_150710.pdf\" target=\"_blank\" rel=\"noopener noreferrer\"><strong>DESCARGAR DATASHEET<\/strong><\/a><\/p>\n<p><a href=\"https:\/\/peper.com.ar\/wp-content\/uploads\/Manual-2Voice-Terminal-Monitor-manos-libre-1750-6.pdf\" target=\"_blank\" rel=\"noopener noreferrer\"><strong>DESCARGAR MANUAL<\/strong><\/a><\/p>\n","protected":false},"featured_media":3060,"comment_status":"open","ping_status":"closed","template":"","meta":[],"product_cat":[160,154],"product_tag":[145],"yoast_head":"<!-- This site is optimized with the Yoast SEO plugin v21.1 - https:\/\/yoast.com\/wordpress\/plugins\/seo\/ -->\n<title>Monitor M\u00ecro manos libres - Peper<\/title>\n<meta name=\"robots\" content=\"index, follow, max-snippet:-1, max-image-preview:large, max-video-preview:-1\" \/>\n<link rel=\"canonical\" href=\"https:\/\/peper.com.ar\/tienda\/producto\/1750-6\/\" \/>\n<meta property=\"og:locale\" content=\"es_ES\" \/>\n<meta property=\"og:type\" content=\"article\" \/>\n<meta property=\"og:title\" content=\"Monitor M\u00ecro manos libres - Peper\" \/>\n<meta property=\"og:description\" content=\"Pantalla color 4.3\u201d  Dimensiones: 129x160x23mm (altura x ancho x profundidad)  Posibilidad de instalaci\u00f3n mixta entre monitores y tel\u00e9fonos.  Funci\u00f3n apertura de puerta autom\u00e1tica  Predisposici\u00f3n para personas con deficiencia auditiva  2 botones programables  Funci\u00f3n silencio  &nbsp;  DESCARGAR DATASHEET  DESCARGAR MANUAL\" \/>\n<meta property=\"og:url\" content=\"https:\/\/peper.com.ar\/tienda\/producto\/1750-6\/\" \/>\n<meta property=\"og:site_name\" content=\"Peper\" \/>\n<meta property=\"article:modified_time\" content=\"2023-01-18T17:50:29+00:00\" \/>\n<meta property=\"og:image\" content=\"https:\/\/peper.com.ar\/tienda\/wp-content\/uploads\/monitor-miro-1.png\" \/>\n\t<meta property=\"og:image:width\" content=\"640\" \/>\n\t<meta property=\"og:image:height\" content=\"640\" \/>\n\t<meta property=\"og:image:type\" content=\"image\/png\" \/>\n<meta name=\"twitter:card\" content=\"summary_large_image\" \/>\n<meta name=\"twitter:label1\" content=\"Tiempo de lectura\" \/>\n\t<meta name=\"twitter:data1\" content=\"1 minuto\" \/>\n<script type=\"application\/ld+json\" class=\"yoast-schema-graph\">{\"@context\":\"https:\/\/schema.org\",\"@graph\":[{\"@type\":\"WebPage\",\"@id\":\"https:\/\/peper.com.ar\/tienda\/producto\/1750-6\/\",\"url\":\"https:\/\/peper.com.ar\/tienda\/producto\/1750-6\/\",\"name\":\"Monitor M\u00ecro manos libres - Peper\",\"isPartOf\":{\"@id\":\"https:\/\/peper.com.ar\/tienda\/#website\"},\"datePublished\":\"2020-07-03T20:26:17+00:00\",\"dateModified\":\"2023-01-18T17:50:29+00:00\",\"breadcrumb\":{\"@id\":\"https:\/\/peper.com.ar\/tienda\/producto\/1750-6\/#breadcrumb\"},\"inLanguage\":\"es\",\"potentialAction\":[{\"@type\":\"ReadAction\",\"target\":[\"https:\/\/peper.com.ar\/tienda\/producto\/1750-6\/\"]}]},{\"@type\":\"BreadcrumbList\",\"@id\":\"https:\/\/peper.com.ar\/tienda\/producto\/1750-6\/#breadcrumb\",\"itemListElement\":[{\"@type\":\"ListItem\",\"position\":1,\"name\":\"Portada\",\"item\":\"https:\/\/peper.com.ar\/tienda\/\"},{\"@type\":\"ListItem\",\"position\":2,\"name\":\"Productos\",\"item\":\"https:\/\/peper.com.ar\/tienda\/productos\/\"},{\"@type\":\"ListItem\",\"position\":3,\"name\":\"Monitor M\u00ecro manos libres\"}]},{\"@type\":\"WebSite\",\"@id\":\"https:\/\/peper.com.ar\/tienda\/#website\",\"url\":\"https:\/\/peper.com.ar\/tienda\/\",\"name\":\"Peper\",\"description\":\"Tecnolog\u00eda que abre puertas\",\"potentialAction\":[{\"@type\":\"SearchAction\",\"target\":{\"@type\":\"EntryPoint\",\"urlTemplate\":\"https:\/\/peper.com.ar\/tienda\/?s={search_term_string}\"},\"query-input\":\"required name=search_term_string\"}],\"inLanguage\":\"es\"}]}<\/script>\n<!-- \/ Yoast SEO plugin. -->","yoast_head_json":{"title":"Monitor M\u00ecro manos libres - Peper","robots":{"index":"index","follow":"follow","max-snippet":"max-snippet:-1","max-image-preview":"max-image-preview:large","max-video-preview":"max-video-preview:-1"},"canonical":"https:\/\/peper.com.ar\/tienda\/producto\/1750-6\/","og_locale":"es_ES","og_type":"article","og_title":"Monitor M\u00ecro manos libres - Peper","og_description":"Pantalla color 4.3\u201d  Dimensiones: 129x160x23mm (altura x ancho x profundidad)  Posibilidad de instalaci\u00f3n mixta entre monitores y tel\u00e9fonos.  Funci\u00f3n apertura de puerta autom\u00e1tica  Predisposici\u00f3n para personas con deficiencia auditiva  2 botones programables  Funci\u00f3n silencio  &nbsp;  DESCARGAR DATASHEET  DESCARGAR MANUAL","og_url":"https:\/\/peper.com.ar\/tienda\/producto\/1750-6\/","og_site_name":"Peper","article_modified_time":"2023-01-18T17:50:29+00:00","og_image":[{"width":640,"height":640,"url":"https:\/\/peper.com.ar\/tienda\/wp-content\/uploads\/monitor-miro-1.png","type":"image\/png"}],"twitter_card":"summary_large_image","twitter_misc":{"Tiempo de lectura":"1 minuto"},"schema":{"@context":"https:\/\/schema.org","@graph":[{"@type":"WebPage","@id":"https:\/\/peper.com.ar\/tienda\/producto\/1750-6\/","url":"https:\/\/peper.com.ar\/tienda\/producto\/1750-6\/","name":"Monitor M\u00ecro manos libres - Peper","isPartOf":{"@id":"https:\/\/peper.com.ar\/tienda\/#website"},"datePublished":"2020-07-03T20:26:17+00:00","dateModified":"2023-01-18T17:50:29+00:00","breadcrumb":{"@id":"https:\/\/peper.com.ar\/tienda\/producto\/1750-6\/#breadcrumb"},"inLanguage":"es","potentialAction":[{"@type":"ReadAction","target":["https:\/\/peper.com.ar\/tienda\/producto\/1750-6\/"]}]},{"@type":"BreadcrumbList","@id":"https:\/\/peper.com.ar\/tienda\/producto\/1750-6\/#breadcrumb","itemListElement":[{"@type":"ListItem","position":1,"name":"Portada","item":"https:\/\/peper.com.ar\/tienda\/"},{"@type":"ListItem","position":2,"name":"Productos","item":"https:\/\/peper.com.ar\/tienda\/productos\/"},{"@type":"ListItem","position":3,"name":"Monitor M\u00ecro manos libres"}]},{"@type":"WebSite","@id":"https:\/\/peper.com.ar\/tienda\/#website","url":"https:\/\/peper.com.ar\/tienda\/","name":"Peper","description":"Tecnolog\u00eda que abre puertas","potentialAction":[{"@type":"SearchAction","target":{"@type":"EntryPoint","urlTemplate":"https:\/\/peper.com.ar\/tienda\/?s={search_term_string}"},"query-input":"required name=search_term_string"}],"inLanguage":"es"}]}},"_links":{"self":[{"href":"https:\/\/peper.com.ar\/tienda\/wp-json\/wp\/v2\/product\/2310"}],"collection":[{"href":"https:\/\/peper.com.ar\/tienda\/wp-json\/wp\/v2\/product"}],"about":[{"href":"https:\/\/peper.com.ar\/tienda\/wp-json\/wp\/v2\/types\/product"}],"replies":[{"embeddable":true,"href":"https:\/\/peper.com.ar\/tienda\/wp-json\/wp\/v2\/comments?post=2310"}],"wp:featuredmedia":[{"embeddable":true,"href":"https:\/\/peper.com.ar\/tienda\/wp-json\/wp\/v2\/media\/3060"}],"wp:attachment":[{"href":"https:\/\/peper.com.ar\/tienda\/wp-json\/wp\/v2\/media?parent=2310"}],"wp:term":[{"taxonomy":"product_cat","embeddable":true,"href":"https:\/\/peper.com.ar\/tienda\/wp-json\/wp\/v2\/product_cat?post=2310"},{"taxonomy":"product_tag","embeddable":true,"href":"https:\/\/peper.com.ar\/tienda\/wp-json\/wp\/v2\/product_tag?post=2310"}],"curies":[{"name":"wp","href":"https:\/\/api.w.org\/{rel}","templated":true}]}}