{"id":2307,"date":"2020-07-03T20:20:40","date_gmt":"2020-07-03T20:20:40","guid":{"rendered":"https:\/\/peper.com.ar\/tienda\/?post_type=product&#038;p=2307"},"modified":"2023-01-18T17:49:10","modified_gmt":"2023-01-18T17:49:10","slug":"1719-1","status":"publish","type":"product","link":"https:\/\/peper.com.ar\/tienda\/producto\/1719-1\/","title":{"rendered":"Monitor vModo"},"content":{"rendered":"<ul>\n<li style=\"font-weight: 400;\"><span style=\"font-weight: 400;\">Pantalla color de 7\u201d<\/span><\/li>\n<li style=\"font-weight: 400;\"><span style=\"font-weight: 400;\">Dimensiones: 142 x 202 x 23 mm (Alto x Ancho x Profundidad)<\/span><\/li>\n<li style=\"font-weight: 400;\"><span style=\"font-weight: 400;\">Montaje en pared<\/span><\/li>\n<li style=\"font-weight: 400;\"><span style=\"font-weight: 400;\">1 bot\u00f3n f\u00edsico para la activaci\u00f3n\/desactivaci\u00f3n del sonido<\/span><\/li>\n<li style=\"font-weight: 400;\"><span style=\"font-weight: 400;\">4 botones t\u00e1ctiles suaves<\/span><\/li>\n<li style=\"font-weight: 400;\"><span style=\"font-weight: 400;\">2 canales de radio Yokis<\/span><\/li>\n<li style=\"font-weight: 400;\"><span style=\"font-weight: 400;\">Ayuda de Asistencia auditiva<\/span><\/li>\n<\/ul>\n<p><span style=\"font-weight: 400;\">Videoportero 7&#8243; con 1 bot\u00f3n para activaci\u00f3n\/desactivaci\u00f3n de sonido y 4 botones soft touch para: abrir puerta, abrir port\u00f3n, silencio y una funci\u00f3n de acceso programable.<\/span><\/p>\n<p><span style=\"font-weight: 400;\">Control de 2 canales Yokis.<\/span><\/p>\n<p><span style=\"font-weight: 400;\">El modo de silencio se puede cronometrar por 8 horas.<\/span><\/p>\n","protected":false},"excerpt":{"rendered":"<ul>\n<li style=\"font-weight: 400;\"><span style=\"font-weight: 400;\">Pantalla color de 7\u201d<\/span><\/li>\n<li><span style=\"font-weight: 400;\">Dimensiones: 142 x 202 x 23 mm (Alto x Ancho x Profundidad)<\/span><\/li>\n<li style=\"font-weight: 400;\"><span style=\"font-weight: 400;\">Montaje en pared<\/span><\/li>\n<li style=\"font-weight: 400;\"><span style=\"font-weight: 400;\">1 bot\u00f3n f\u00edsico para la activaci\u00f3n\/desactivaci\u00f3n del sonido<\/span><\/li>\n<li style=\"font-weight: 400;\"><span style=\"font-weight: 400;\">4 botones t\u00e1ctiles suaves<\/span><\/li>\n<li style=\"font-weight: 400;\"><span style=\"font-weight: 400;\">2 canales de radio Yokis<\/span><\/li>\n<li style=\"font-weight: 400;\"><span style=\"font-weight: 400;\">Ayuda de Asistencia auditiva<\/span><\/li>\n<\/ul>\n<p>&nbsp;<\/p>\n<p><a href=\"https:\/\/www.urmet.com\/Portals\/0\/U_ST_vModo-1719-1_EN.pdf\" target=\"_blank\" rel=\"noopener noreferrer\"><strong>DESCARGAR DATASHEET<\/strong><\/a><\/p>\n<p><strong><a href=\"https:\/\/peper.com.ar\/wp-content\/uploads\/Manual-2Voice-Terminal-Monitor-Modo-1719-1.pdf\" target=\"_blank\" rel=\"noopener noreferrer\">DESCARGAR MANUAL<\/a><\/strong><\/p>\n","protected":false},"featured_media":3359,"comment_status":"open","ping_status":"closed","template":"","meta":[],"product_cat":[160,154],"product_tag":[145],"yoast_head":"<!-- This site is optimized with the Yoast SEO plugin v21.1 - https:\/\/yoast.com\/wordpress\/plugins\/seo\/ -->\n<title>Monitor vModo - Peper<\/title>\n<meta name=\"robots\" content=\"index, follow, max-snippet:-1, max-image-preview:large, max-video-preview:-1\" \/>\n<link rel=\"canonical\" href=\"https:\/\/peper.com.ar\/tienda\/producto\/1719-1\/\" \/>\n<meta property=\"og:locale\" content=\"es_ES\" \/>\n<meta property=\"og:type\" content=\"article\" \/>\n<meta property=\"og:title\" content=\"Monitor vModo - Peper\" \/>\n<meta property=\"og:description\" content=\"Pantalla color de 7\u201d  Dimensiones: 142 x 202 x 23 mm (Alto x Ancho x Profundidad)  Montaje en pared  1 bot\u00f3n f\u00edsico para la activaci\u00f3n\/desactivaci\u00f3n del sonido  4 botones t\u00e1ctiles suaves  2 canales de radio Yokis  Ayuda de Asistencia auditiva  &nbsp;  DESCARGAR DATASHEET  DESCARGAR MANUAL\" \/>\n<meta property=\"og:url\" content=\"https:\/\/peper.com.ar\/tienda\/producto\/1719-1\/\" \/>\n<meta property=\"og:site_name\" content=\"Peper\" \/>\n<meta property=\"article:modified_time\" content=\"2023-01-18T17:49:10+00:00\" \/>\n<meta property=\"og:image\" content=\"https:\/\/peper.com.ar\/tienda\/wp-content\/uploads\/Manos-libres-37.1-1.webp\" \/>\n\t<meta property=\"og:image:width\" content=\"640\" \/>\n\t<meta property=\"og:image:height\" content=\"640\" \/>\n\t<meta property=\"og:image:type\" content=\"image\/webp\" \/>\n<meta name=\"twitter:card\" content=\"summary_large_image\" \/>\n<script type=\"application\/ld+json\" class=\"yoast-schema-graph\">{\"@context\":\"https:\/\/schema.org\",\"@graph\":[{\"@type\":\"WebPage\",\"@id\":\"https:\/\/peper.com.ar\/tienda\/producto\/1719-1\/\",\"url\":\"https:\/\/peper.com.ar\/tienda\/producto\/1719-1\/\",\"name\":\"Monitor vModo - Peper\",\"isPartOf\":{\"@id\":\"https:\/\/peper.com.ar\/tienda\/#website\"},\"datePublished\":\"2020-07-03T20:20:40+00:00\",\"dateModified\":\"2023-01-18T17:49:10+00:00\",\"breadcrumb\":{\"@id\":\"https:\/\/peper.com.ar\/tienda\/producto\/1719-1\/#breadcrumb\"},\"inLanguage\":\"es\",\"potentialAction\":[{\"@type\":\"ReadAction\",\"target\":[\"https:\/\/peper.com.ar\/tienda\/producto\/1719-1\/\"]}]},{\"@type\":\"BreadcrumbList\",\"@id\":\"https:\/\/peper.com.ar\/tienda\/producto\/1719-1\/#breadcrumb\",\"itemListElement\":[{\"@type\":\"ListItem\",\"position\":1,\"name\":\"Portada\",\"item\":\"https:\/\/peper.com.ar\/tienda\/\"},{\"@type\":\"ListItem\",\"position\":2,\"name\":\"Productos\",\"item\":\"https:\/\/peper.com.ar\/tienda\/productos\/\"},{\"@type\":\"ListItem\",\"position\":3,\"name\":\"Monitor vModo\"}]},{\"@type\":\"WebSite\",\"@id\":\"https:\/\/peper.com.ar\/tienda\/#website\",\"url\":\"https:\/\/peper.com.ar\/tienda\/\",\"name\":\"Peper\",\"description\":\"Tecnolog\u00eda que abre puertas\",\"potentialAction\":[{\"@type\":\"SearchAction\",\"target\":{\"@type\":\"EntryPoint\",\"urlTemplate\":\"https:\/\/peper.com.ar\/tienda\/?s={search_term_string}\"},\"query-input\":\"required name=search_term_string\"}],\"inLanguage\":\"es\"}]}<\/script>\n<!-- \/ Yoast SEO plugin. -->","yoast_head_json":{"title":"Monitor vModo - Peper","robots":{"index":"index","follow":"follow","max-snippet":"max-snippet:-1","max-image-preview":"max-image-preview:large","max-video-preview":"max-video-preview:-1"},"canonical":"https:\/\/peper.com.ar\/tienda\/producto\/1719-1\/","og_locale":"es_ES","og_type":"article","og_title":"Monitor vModo - Peper","og_description":"Pantalla color de 7\u201d  Dimensiones: 142 x 202 x 23 mm (Alto x Ancho x Profundidad)  Montaje en pared  1 bot\u00f3n f\u00edsico para la activaci\u00f3n\/desactivaci\u00f3n del sonido  4 botones t\u00e1ctiles suaves  2 canales de radio Yokis  Ayuda de Asistencia auditiva  &nbsp;  DESCARGAR DATASHEET  DESCARGAR MANUAL","og_url":"https:\/\/peper.com.ar\/tienda\/producto\/1719-1\/","og_site_name":"Peper","article_modified_time":"2023-01-18T17:49:10+00:00","og_image":[{"width":640,"height":640,"url":"https:\/\/peper.com.ar\/tienda\/wp-content\/uploads\/Manos-libres-37.1-1.webp","type":"image\/webp"}],"twitter_card":"summary_large_image","schema":{"@context":"https:\/\/schema.org","@graph":[{"@type":"WebPage","@id":"https:\/\/peper.com.ar\/tienda\/producto\/1719-1\/","url":"https:\/\/peper.com.ar\/tienda\/producto\/1719-1\/","name":"Monitor vModo - Peper","isPartOf":{"@id":"https:\/\/peper.com.ar\/tienda\/#website"},"datePublished":"2020-07-03T20:20:40+00:00","dateModified":"2023-01-18T17:49:10+00:00","breadcrumb":{"@id":"https:\/\/peper.com.ar\/tienda\/producto\/1719-1\/#breadcrumb"},"inLanguage":"es","potentialAction":[{"@type":"ReadAction","target":["https:\/\/peper.com.ar\/tienda\/producto\/1719-1\/"]}]},{"@type":"BreadcrumbList","@id":"https:\/\/peper.com.ar\/tienda\/producto\/1719-1\/#breadcrumb","itemListElement":[{"@type":"ListItem","position":1,"name":"Portada","item":"https:\/\/peper.com.ar\/tienda\/"},{"@type":"ListItem","position":2,"name":"Productos","item":"https:\/\/peper.com.ar\/tienda\/productos\/"},{"@type":"ListItem","position":3,"name":"Monitor vModo"}]},{"@type":"WebSite","@id":"https:\/\/peper.com.ar\/tienda\/#website","url":"https:\/\/peper.com.ar\/tienda\/","name":"Peper","description":"Tecnolog\u00eda que abre puertas","potentialAction":[{"@type":"SearchAction","target":{"@type":"EntryPoint","urlTemplate":"https:\/\/peper.com.ar\/tienda\/?s={search_term_string}"},"query-input":"required name=search_term_string"}],"inLanguage":"es"}]}},"_links":{"self":[{"href":"https:\/\/peper.com.ar\/tienda\/wp-json\/wp\/v2\/product\/2307"}],"collection":[{"href":"https:\/\/peper.com.ar\/tienda\/wp-json\/wp\/v2\/product"}],"about":[{"href":"https:\/\/peper.com.ar\/tienda\/wp-json\/wp\/v2\/types\/product"}],"replies":[{"embeddable":true,"href":"https:\/\/peper.com.ar\/tienda\/wp-json\/wp\/v2\/comments?post=2307"}],"wp:featuredmedia":[{"embeddable":true,"href":"https:\/\/peper.com.ar\/tienda\/wp-json\/wp\/v2\/media\/3359"}],"wp:attachment":[{"href":"https:\/\/peper.com.ar\/tienda\/wp-json\/wp\/v2\/media?parent=2307"}],"wp:term":[{"taxonomy":"product_cat","embeddable":true,"href":"https:\/\/peper.com.ar\/tienda\/wp-json\/wp\/v2\/product_cat?post=2307"},{"taxonomy":"product_tag","embeddable":true,"href":"https:\/\/peper.com.ar\/tienda\/wp-json\/wp\/v2\/product_tag?post=2307"}],"curies":[{"name":"wp","href":"https:\/\/api.w.org\/{rel}","templated":true}]}}