{"id":68,"date":"2016-06-14T05:24:19","date_gmt":"2016-06-14T05:24:19","guid":{"rendered":"http:\/\/sw-themes.com\/porto_dummy\/?page_id=68"},"modified":"2023-02-14T12:49:05","modified_gmt":"2023-02-14T12:49:05","slug":"soporte-tecnico","status":"publish","type":"page","link":"https:\/\/peper.com.ar\/tienda\/soporte-tecnico\/","title":{"rendered":"Soporte t\u00e9cnico"},"content":{"rendered":"<section class=\"wpb-content-wrapper\"><p>[vc_row][vc_column offset=\u00bbvc_col-xs-12&#8243;][vc_custom_heading text=\u00bb<strong>Soporte<\/strong> t\u00e9cnico\u00bb use_theme_fonts=\u00bbyes\u00bb][vc_column_text el_class=\u00bbfeatured lead m-b-xl\u00bb]Contamos con un equipo de t\u00e9cnicos especializados, en cada una de las siguientes localidades.[\/vc_column_text][vc_tta_accordion][vc_tta_section title=\u00bbC\u00f3rdoba\u00bb tab_id=\u00bb1594052995414-dbe2bed5-3657&#8243;][vc_column_text]<\/p>\n<ul>\n<li><strong>Jacobo Juan<\/strong><\/li>\n<\/ul>\n<p><span data-sheets-value=\"{&quot;1&quot;:3,&quot;3&quot;:3515470470}\" data-sheets-userformat=\"{&quot;2&quot;:12481,&quot;3&quot;:{&quot;1&quot;:0,&quot;3&quot;:1},&quot;9&quot;:1,&quot;10&quot;:1,&quot;15&quot;:&quot;Arial&quot;,&quot;16&quot;:11}\">0351 &#8211; 155470470 |\u00a0<\/span><span data-sheets-value=\"{&quot;1&quot;:2,&quot;2&quot;:&quot;serviciointegralelec@gmail.com&quot;}\" data-sheets-userformat=\"{&quot;2&quot;:12481,&quot;3&quot;:{&quot;1&quot;:0,&quot;3&quot;:1},&quot;9&quot;:1,&quot;10&quot;:1,&quot;15&quot;:&quot;Arial&quot;,&quot;16&quot;:11}\">serviciointegralelec@gmail.com<\/span><\/p>\n<p>C\u00f3rdoba Capital<\/p>\n<ul>\n<li><strong>Adri\u00e1n Galasso<\/strong><\/li>\n<\/ul>\n<p><span data-sheets-value=\"{&quot;1&quot;:3,&quot;3&quot;:3512366793}\" data-sheets-userformat=\"{&quot;2&quot;:12481,&quot;3&quot;:{&quot;1&quot;:0,&quot;3&quot;:1},&quot;9&quot;:1,&quot;10&quot;:1,&quot;15&quot;:&quot;Arial&quot;,&quot;16&quot;:11}\">0351 &#8211; 152366793 | adriangalasso_@hotmail.com<\/span><\/p>\n<p>Villa Mar\u00eda[\/vc_column_text][\/vc_tta_section][vc_tta_section title=\u00bbEntre R\u00edos\u00bb tab_id=\u00bb1594054610839-690d9ecb-b90c\u00bb][vc_column_text]<\/p>\n<ul>\n<li><strong>Germ\u00e1n Ferrari<\/strong><\/li>\n<\/ul>\n<p><span data-sheets-value=\"{&quot;1&quot;:3,&quot;3&quot;:3364312442}\" data-sheets-userformat=\"{&quot;2&quot;:12481,&quot;3&quot;:{&quot;1&quot;:0,&quot;3&quot;:1},&quot;9&quot;:1,&quot;10&quot;:1,&quot;15&quot;:&quot;Arial&quot;,&quot;16&quot;:11}\">0342 &#8211; 154219202| 0342 &#8211; 4525760 | info@steargentina.com.ar<\/span><\/p>\n<p>Paran\u00e1[\/vc_column_text][\/vc_tta_section][vc_tta_section title=\u00bbNeuqu\u00e9n\u00bb tab_id=\u00bb1594053078088-1244e975-9070&#8243;][vc_column_text]<\/p>\n<ul>\n<li><strong>Alejandro Cimino<\/strong><\/li>\n<\/ul>\n<p><span data-sheets-value=\"{&quot;1&quot;:3,&quot;3&quot;:2994553211}\" data-sheets-userformat=\"{&quot;2&quot;:12481,&quot;3&quot;:{&quot;1&quot;:0,&quot;3&quot;:1},&quot;9&quot;:1,&quot;10&quot;:1,&quot;15&quot;:&quot;Arial&quot;,&quot;16&quot;:11}\">0299 &#8211; 4553211 | alejandro@visores-sur.com<\/span><\/p>\n<p>Alto Valle de R\u00edo Negro<\/p>\n<ul>\n<li><strong>Claudio Castro<\/strong><\/li>\n<\/ul>\n<p><span data-sheets-value=\"{&quot;1&quot;:3,&quot;3&quot;:2996324142}\" data-sheets-userformat=\"{&quot;2&quot;:12481,&quot;3&quot;:{&quot;1&quot;:0,&quot;3&quot;:1},&quot;9&quot;:1,&quot;10&quot;:1,&quot;15&quot;:&quot;Arial&quot;,&quot;16&quot;:11}\">0299 &#8211; 156324142 | castrocpe@yahoo.com.ar<\/span><\/p>\n<p>Neuqu\u00e9n | Cipoletti[\/vc_column_text][\/vc_tta_section][vc_tta_section title=\u00bbR\u00edo Negro\u00bb tab_id=\u00bb1594054676770-332af704-79b2&#8243;][vc_column_text]<\/p>\n<ul>\n<li><strong>Claudio Castro<\/strong><\/li>\n<\/ul>\n<p><span data-sheets-value=\"{&quot;1&quot;:3,&quot;3&quot;:2996324142}\" data-sheets-userformat=\"{&quot;2&quot;:12481,&quot;3&quot;:{&quot;1&quot;:0,&quot;3&quot;:1},&quot;9&quot;:1,&quot;10&quot;:1,&quot;15&quot;:&quot;Arial&quot;,&quot;16&quot;:11}\">0299 &#8211; 156324142 | castrocpe@yahoo.com.ar<\/span><\/p>\n<p>Neuqu\u00e9n | Cipoletti[\/vc_column_text][\/vc_tta_section][vc_tta_section title=\u00bbSan Juan\u00bb tab_id=\u00bb1594053125960-1a0c5e83-eb82&#8243;][vc_column_text]<\/p>\n<ul>\n<li><strong>Ing. Manuel Vargas<\/strong><\/li>\n<\/ul>\n<p><span data-sheets-value=\"{&quot;1&quot;:3,&quot;3&quot;:2644531525}\" data-sheets-userformat=\"{&quot;2&quot;:12481,&quot;3&quot;:{&quot;1&quot;:0,&quot;3&quot;:1},&quot;9&quot;:1,&quot;10&quot;:1,&quot;15&quot;:&quot;Arial&quot;,&quot;16&quot;:11}\">026 &#8211; 44531525 | vargasmanini-e@hotmail.com<\/span>[\/vc_column_text][\/vc_tta_section][vc_tta_section title=\u00bbSanta Fe\u00bb tab_id=\u00bb1594052995450-625748ac-e294&#8243;][vc_column_text]<\/p>\n<ul>\n<li><strong>Carlos Benitez<\/strong><\/li>\n<\/ul>\n<p><span data-sheets-value=\"{&quot;1&quot;:3,&quot;3&quot;:3415100074}\" data-sheets-userformat=\"{&quot;2&quot;:12481,&quot;3&quot;:{&quot;1&quot;:0,&quot;3&quot;:1},&quot;9&quot;:1,&quot;10&quot;:1,&quot;15&quot;:&quot;Arial&quot;,&quot;16&quot;:11}\">0341 &#8211; 155100074 | carlosbenitez_elec@outlook.com.ar<\/span><\/p>\n<p>Rosario<\/p>\n<ul>\n<li><strong>Marcos Mart\u00edn Vega<\/strong><\/li>\n<\/ul>\n<p><span data-sheets-value=\"{&quot;1&quot;:3,&quot;3&quot;:3415499907}\" data-sheets-userformat=\"{&quot;2&quot;:12481,&quot;3&quot;:{&quot;1&quot;:0,&quot;3&quot;:1},&quot;9&quot;:1,&quot;10&quot;:1,&quot;15&quot;:&quot;Arial&quot;,&quot;16&quot;:11}\">0341 &#8211; 15499907 | mantenimientoelectricorosario@gmail.com<\/span><\/p>\n<p>Rosario<\/p>\n<ul>\n<li><strong>Carlos Conesa<\/strong><\/li>\n<\/ul>\n<p><span data-sheets-value=\"{&quot;1&quot;:3,&quot;3&quot;:3364312442}\" data-sheets-userformat=\"{&quot;2&quot;:12481,&quot;3&quot;:{&quot;1&quot;:0,&quot;3&quot;:1},&quot;9&quot;:1,&quot;10&quot;:1,&quot;15&quot;:&quot;Arial&quot;,&quot;16&quot;:11}\">0336 &#8211; 154312442 | 0336 &#8211; 4434457 | swcomunicaciones@gmail.com<\/span><\/p>\n<p>Rosario | San Nicol\u00e1s de los Arroyos<\/p>\n<ul>\n<li><strong>Ing. Nestor Canalini<\/strong><\/li>\n<\/ul>\n<p><span data-sheets-value=\"{&quot;1&quot;:3,&quot;3&quot;:3364312442}\" data-sheets-userformat=\"{&quot;2&quot;:12481,&quot;3&quot;:{&quot;1&quot;:0,&quot;3&quot;:1},&quot;9&quot;:1,&quot;10&quot;:1,&quot;15&quot;:&quot;Arial&quot;,&quot;16&quot;:11}\">0336 &#8211; 154662363| 0336 &#8211; 4451440 | info@rafingenieria.com.ar<\/span><\/p>\n<p>Rosario | San Nicol\u00e1s de los Arroyos<\/p>\n<ul>\n<li><strong>Germ\u00e1n Ferrari<\/strong><\/li>\n<\/ul>\n<p><span data-sheets-value=\"{&quot;1&quot;:3,&quot;3&quot;:3364312442}\" data-sheets-userformat=\"{&quot;2&quot;:12481,&quot;3&quot;:{&quot;1&quot;:0,&quot;3&quot;:1},&quot;9&quot;:1,&quot;10&quot;:1,&quot;15&quot;:&quot;Arial&quot;,&quot;16&quot;:11}\">0342 &#8211; 154219202| 0342 &#8211; 4525760 | info@steargentina.com.ar<\/span><\/p>\n<p>Santa Fe[\/vc_column_text][\/vc_tta_section][vc_tta_section title=\u00bbTucum\u00e1n\u00bb tab_id=\u00bb1594053144970-e6baf726-89f5&#8243;][vc_column_text]<\/p>\n<ul>\n<li><strong>Ing. Piero Sogno<\/strong><\/li>\n<\/ul>\n<p><span data-sheets-value=\"{&quot;1&quot;:3,&quot;3&quot;:3816812644}\" data-sheets-userformat=\"{&quot;2&quot;:12481,&quot;3&quot;:{&quot;1&quot;:0,&quot;3&quot;:1},&quot;9&quot;:1,&quot;10&quot;:1,&quot;15&quot;:&quot;Arial&quot;,&quot;16&quot;:11}\">0381 &#8211; 156812644 | pierosognosa@gmail.com<\/span><\/p>\n<p>San Miguel de Tucum\u00e1n[\/vc_column_text][\/vc_tta_section][\/vc_tta_accordion][\/vc_column][\/vc_row][vc_row el_class=\u00bbdisplay-none\u00bb][vc_column offset=\u00bbvc_col-md-12&#8243; el_class=\u00bbm-t-md\u00bb][vc_toggle title=\u00bbTechnical Support Representative\u00bb preview_active=\u00bbtrue\u00bb hide_toggle=\u00bbtrue\u00bb]<strong>Location:<\/strong> New York &#8211; <strong>Department:<\/strong> Engineering<\/p>\n<p>Mauris elit velit, lobortis sed interdum at, vestibulum vitae libero. Lorem ipsum dolor sit amet, consectetur adipiscing elit. Quisque iaculis ligula ut ipsum mattis viverra.<\/p>\n<p><a class=\"btn btn-primary push-bottom\" href=\"#\">Apply Now<\/a>[\/vc_toggle][vc_toggle title=\u00bbCopywriter\u00bb preview_active=\u00bbtrue\u00bb hide_toggle=\u00bbtrue\u00bb]<strong>Location:<\/strong> New York &#8211; <strong>Department:<\/strong> Engineering<\/p>\n<p>Mauris elit velit, lobortis sed interdum at, vestibulum vitae libero. Lorem ipsum dolor sit amet, consectetur adipiscing elit. Quisque iaculis ligula ut ipsum mattis viverra.<\/p>\n<p><a class=\"btn btn-primary push-bottom\" href=\"#\">Apply Now<\/a>[\/vc_toggle][vc_toggle title=\u00bbCustomer Care Specialist\u00bb preview_active=\u00bbtrue\u00bb hide_toggle=\u00bbtrue\u00bb]<strong>Location:<\/strong> New York &#8211; <strong>Department:<\/strong> Engineering<\/p>\n<p>Mauris elit velit, lobortis sed interdum at, vestibulum vitae libero. Lorem ipsum dolor sit amet, consectetur adipiscing elit. Quisque iaculis ligula ut ipsum mattis viverra.<\/p>\n<p><a class=\"btn btn-primary push-bottom\" href=\"#\">Apply Now<\/a>[\/vc_toggle][vc_toggle title=\u00bbInteractive Art Director\u00bb preview_active=\u00bbtrue\u00bb hide_toggle=\u00bbtrue\u00bb]<strong>Location:<\/strong> New York &#8211; <strong>Department:<\/strong> Engineering<\/p>\n<p>Mauris elit velit, lobortis sed interdum at, vestibulum vitae libero. Lorem ipsum dolor sit amet, consectetur adipiscing elit. Quisque iaculis ligula ut ipsum mattis viverra.<\/p>\n<p><a class=\"btn btn-primary push-bottom\" href=\"#\">Apply Now<\/a>[\/vc_toggle][vc_toggle title=\u00bbMobile Developer\u00bb preview_active=\u00bbtrue\u00bb hide_toggle=\u00bbtrue\u00bb]<strong>Location:<\/strong> New York &#8211; <strong>Department:<\/strong> Engineering<\/p>\n<p>Mauris elit velit, lobortis sed interdum at, vestibulum vitae libero. Lorem ipsum dolor sit amet, consectetur adipiscing elit. Quisque iaculis ligula ut ipsum mattis viverra.<\/p>\n<p><a class=\"btn btn-primary push-bottom\" href=\"#\">Apply Now<\/a>[\/vc_toggle][vc_toggle title=\u00bbTechnical Support Representative\u00bb preview_active=\u00bbtrue\u00bb hide_toggle=\u00bbtrue\u00bb]<strong>Location:<\/strong> New York &#8211; <strong>Department:<\/strong> Engineering<\/p>\n<p>Mauris elit velit, lobortis sed interdum at, vestibulum vitae libero. Lorem ipsum dolor sit amet, consectetur adipiscing elit. Quisque iaculis ligula ut ipsum mattis viverra.<\/p>\n<p><a class=\"btn btn-primary push-bottom\" href=\"#\">Apply Now<\/a>[\/vc_toggle][vc_toggle title=\u00bbCopywriter\u00bb preview_active=\u00bbtrue\u00bb hide_toggle=\u00bbtrue\u00bb]<strong>Location:<\/strong> New York &#8211; <strong>Department:<\/strong> Engineering<\/p>\n<p>Mauris elit velit, lobortis sed interdum at, vestibulum vitae libero. Lorem ipsum dolor sit amet, consectetur adipiscing elit. Quisque iaculis ligula ut ipsum mattis viverra.<\/p>\n<p><a class=\"btn btn-primary push-bottom\" href=\"#\">Apply Now<\/a>[\/vc_toggle][vc_toggle title=\u00bbCustomer Care Specialist\u00bb preview_active=\u00bbtrue\u00bb hide_toggle=\u00bbtrue\u00bb]<strong>Location:<\/strong> New York &#8211; <strong>Department:<\/strong> Engineering<\/p>\n<p>Mauris elit velit, lobortis sed interdum at, vestibulum vitae libero. Lorem ipsum dolor sit amet, consectetur adipiscing elit. Quisque iaculis ligula ut ipsum mattis viverra.<\/p>\n<p><a class=\"btn btn-primary push-bottom\" href=\"#\">Apply Now<\/a>[\/vc_toggle][vc_toggle title=\u00bbInteractive Art Director\u00bb preview_active=\u00bbtrue\u00bb hide_toggle=\u00bbtrue\u00bb]<strong>Location:<\/strong> New York &#8211; <strong>Department:<\/strong> Engineering<\/p>\n<p>Mauris elit velit, lobortis sed interdum at, vestibulum vitae libero. Lorem ipsum dolor sit amet, consectetur adipiscing elit. Quisque iaculis ligula ut ipsum mattis viverra.<\/p>\n<p><a class=\"btn btn-primary push-bottom\" href=\"#\">Apply Now<\/a>[\/vc_toggle][vc_toggle title=\u00bbMobile Developer\u00bb preview_active=\u00bbtrue\u00bb hide_toggle=\u00bbtrue\u00bb]<strong>Location:<\/strong> New York &#8211; <strong>Department:<\/strong> Engineering<\/p>\n<p>Mauris elit velit, lobortis sed interdum at, vestibulum vitae libero. Lorem ipsum dolor sit amet, consectetur adipiscing elit. Quisque iaculis ligula ut ipsum mattis viverra.<\/p>\n<p><a class=\"btn btn-primary push-bottom\" href=\"#\">Apply Now<\/a>[\/vc_toggle][\/vc_column][\/vc_row][vc_row][vc_column][vc_column_text][\/vc_column_text][\/vc_column][\/vc_row][vc_row css=\u00bb.vc_custom_1628163883083{padding-top: 60px !important;padding-bottom: 60px !important;}\u00bb][vc_column width=\u00bb1\/6&#8243;][\/vc_column][vc_column width=\u00bb2\/3&#8243; el_class=\u00bbwhatsapp-card\u00bb][vc_column_text el_class=\u00bbconsulta-whatsapp\u00bb]<\/p>\n<h4 style=\"text-align: center;\"><a href=\"https:\/\/api.whatsapp.com\/send\/?phone=5491144458497&amp;text=Hola%2C+me+interesa+recibir+m%C3%A1s+informaci%C3%B3n+sobre...&amp;app_absent=0\"><span style=\"color: #1aa37f;\">CONSULTA PARA M\u00c1S INFORMACI\u00d3N<\/span><\/a><\/h4>\n<p>[\/vc_column_text][\/vc_column][vc_column width=\u00bb1\/6&#8243;][\/vc_column][\/vc_row]<\/p>\n<\/section>","protected":false},"excerpt":{"rendered":"<p>[vc_row][vc_column offset=\u00bbvc_col-xs-12&#8243;][vc_custom_heading text=\u00bbSoporte t\u00e9cnico\u00bb use_theme_fonts=\u00bbyes\u00bb][vc_column_text el_class=\u00bbfeatured lead m-b-xl\u00bb]Contamos con un equipo de t\u00e9cnicos especializados, en cada una de las siguientes localidades.[\/vc_column_text][vc_tta_accordion][vc_tta_section title=\u00bbC\u00f3rdoba\u00bb tab_id=\u00bb1594052995414-dbe2bed5-3657&#8243;][vc_column_text] Jacobo Juan 0351 &#8211; 155470470 |\u00a0serviciointegralelec@gmail.com C\u00f3rdoba Capital Adri\u00e1n Galasso 0351 &#8211; 152366793 | adriangalasso_@hotmail.com Villa Mar\u00eda[\/vc_column_text][\/vc_tta_section][vc_tta_section title=\u00bbEntre R\u00edos\u00bb tab_id=\u00bb1594054610839-690d9ecb-b90c\u00bb][vc_column_text] Germ\u00e1n Ferrari 0342 &#8211; 154219202| 0342 &#8211; 4525760 | info@steargentina.com.ar Paran\u00e1[\/vc_column_text][\/vc_tta_section][vc_tta_section title=\u00bbNeuqu\u00e9n\u00bb [&hellip;]<\/p>\n","protected":false},"author":6,"featured_media":0,"parent":0,"menu_order":0,"comment_status":"closed","ping_status":"closed","template":"","meta":{"footnotes":""},"yoast_head":"<!-- This site is optimized with the Yoast SEO plugin v21.1 - https:\/\/yoast.com\/wordpress\/plugins\/seo\/ -->\n<title>Soporte t\u00e9cnico - Peper<\/title>\n<meta name=\"robots\" content=\"index, follow, max-snippet:-1, max-image-preview:large, max-video-preview:-1\" \/>\n<link rel=\"canonical\" href=\"https:\/\/peper.com.ar\/tienda\/soporte-tecnico\/\" \/>\n<meta property=\"og:locale\" content=\"es_ES\" \/>\n<meta property=\"og:type\" content=\"article\" \/>\n<meta property=\"og:title\" content=\"Soporte t\u00e9cnico - Peper\" \/>\n<meta property=\"og:description\" content=\"[vc_row][vc_column offset=\u00bbvc_col-xs-12&#8243;][vc_custom_heading text=\u00bbSoporte t\u00e9cnico\u00bb use_theme_fonts=\u00bbyes\u00bb][vc_column_text el_class=\u00bbfeatured lead m-b-xl\u00bb]Contamos con un equipo de t\u00e9cnicos especializados, en cada una de las siguientes localidades.[\/vc_column_text][vc_tta_accordion][vc_tta_section title=\u00bbC\u00f3rdoba\u00bb tab_id=\u00bb1594052995414-dbe2bed5-3657&#8243;][vc_column_text] Jacobo Juan 0351 &#8211; 155470470 |\u00a0serviciointegralelec@gmail.com C\u00f3rdoba Capital Adri\u00e1n Galasso 0351 &#8211; 152366793 | adriangalasso_@hotmail.com Villa Mar\u00eda[\/vc_column_text][\/vc_tta_section][vc_tta_section title=\u00bbEntre R\u00edos\u00bb tab_id=\u00bb1594054610839-690d9ecb-b90c\u00bb][vc_column_text] Germ\u00e1n Ferrari 0342 &#8211; 154219202| 0342 &#8211; 4525760 | info@steargentina.com.ar Paran\u00e1[\/vc_column_text][\/vc_tta_section][vc_tta_section title=\u00bbNeuqu\u00e9n\u00bb [&hellip;]\" \/>\n<meta property=\"og:url\" content=\"https:\/\/peper.com.ar\/tienda\/soporte-tecnico\/\" \/>\n<meta property=\"og:site_name\" content=\"Peper\" \/>\n<meta property=\"article:modified_time\" content=\"2023-02-14T12:49:05+00:00\" \/>\n<meta name=\"twitter:card\" content=\"summary_large_image\" \/>\n<meta name=\"twitter:label1\" content=\"Tiempo de lectura\" \/>\n\t<meta name=\"twitter:data1\" content=\"3 minutos\" \/>\n<script type=\"application\/ld+json\" class=\"yoast-schema-graph\">{\"@context\":\"https:\/\/schema.org\",\"@graph\":[{\"@type\":\"WebPage\",\"@id\":\"https:\/\/peper.com.ar\/tienda\/soporte-tecnico\/\",\"url\":\"https:\/\/peper.com.ar\/tienda\/soporte-tecnico\/\",\"name\":\"Soporte t\u00e9cnico - Peper\",\"isPartOf\":{\"@id\":\"https:\/\/peper.com.ar\/tienda\/#website\"},\"datePublished\":\"2016-06-14T05:24:19+00:00\",\"dateModified\":\"2023-02-14T12:49:05+00:00\",\"breadcrumb\":{\"@id\":\"https:\/\/peper.com.ar\/tienda\/soporte-tecnico\/#breadcrumb\"},\"inLanguage\":\"es\",\"potentialAction\":[{\"@type\":\"ReadAction\",\"target\":[\"https:\/\/peper.com.ar\/tienda\/soporte-tecnico\/\"]}]},{\"@type\":\"BreadcrumbList\",\"@id\":\"https:\/\/peper.com.ar\/tienda\/soporte-tecnico\/#breadcrumb\",\"itemListElement\":[{\"@type\":\"ListItem\",\"position\":1,\"name\":\"Portada\",\"item\":\"https:\/\/peper.com.ar\/tienda\/\"},{\"@type\":\"ListItem\",\"position\":2,\"name\":\"Soporte t\u00e9cnico\"}]},{\"@type\":\"WebSite\",\"@id\":\"https:\/\/peper.com.ar\/tienda\/#website\",\"url\":\"https:\/\/peper.com.ar\/tienda\/\",\"name\":\"Peper\",\"description\":\"Tecnolog\u00eda que abre puertas\",\"potentialAction\":[{\"@type\":\"SearchAction\",\"target\":{\"@type\":\"EntryPoint\",\"urlTemplate\":\"https:\/\/peper.com.ar\/tienda\/?s={search_term_string}\"},\"query-input\":\"required name=search_term_string\"}],\"inLanguage\":\"es\"}]}<\/script>\n<!-- \/ Yoast SEO plugin. -->","yoast_head_json":{"title":"Soporte t\u00e9cnico - Peper","robots":{"index":"index","follow":"follow","max-snippet":"max-snippet:-1","max-image-preview":"max-image-preview:large","max-video-preview":"max-video-preview:-1"},"canonical":"https:\/\/peper.com.ar\/tienda\/soporte-tecnico\/","og_locale":"es_ES","og_type":"article","og_title":"Soporte t\u00e9cnico - Peper","og_description":"[vc_row][vc_column offset=\u00bbvc_col-xs-12&#8243;][vc_custom_heading text=\u00bbSoporte t\u00e9cnico\u00bb use_theme_fonts=\u00bbyes\u00bb][vc_column_text el_class=\u00bbfeatured lead m-b-xl\u00bb]Contamos con un equipo de t\u00e9cnicos especializados, en cada una de las siguientes localidades.[\/vc_column_text][vc_tta_accordion][vc_tta_section title=\u00bbC\u00f3rdoba\u00bb tab_id=\u00bb1594052995414-dbe2bed5-3657&#8243;][vc_column_text] Jacobo Juan 0351 &#8211; 155470470 |\u00a0serviciointegralelec@gmail.com C\u00f3rdoba Capital Adri\u00e1n Galasso 0351 &#8211; 152366793 | adriangalasso_@hotmail.com Villa Mar\u00eda[\/vc_column_text][\/vc_tta_section][vc_tta_section title=\u00bbEntre R\u00edos\u00bb tab_id=\u00bb1594054610839-690d9ecb-b90c\u00bb][vc_column_text] Germ\u00e1n Ferrari 0342 &#8211; 154219202| 0342 &#8211; 4525760 | info@steargentina.com.ar Paran\u00e1[\/vc_column_text][\/vc_tta_section][vc_tta_section title=\u00bbNeuqu\u00e9n\u00bb [&hellip;]","og_url":"https:\/\/peper.com.ar\/tienda\/soporte-tecnico\/","og_site_name":"Peper","article_modified_time":"2023-02-14T12:49:05+00:00","twitter_card":"summary_large_image","twitter_misc":{"Tiempo de lectura":"3 minutos"},"schema":{"@context":"https:\/\/schema.org","@graph":[{"@type":"WebPage","@id":"https:\/\/peper.com.ar\/tienda\/soporte-tecnico\/","url":"https:\/\/peper.com.ar\/tienda\/soporte-tecnico\/","name":"Soporte t\u00e9cnico - Peper","isPartOf":{"@id":"https:\/\/peper.com.ar\/tienda\/#website"},"datePublished":"2016-06-14T05:24:19+00:00","dateModified":"2023-02-14T12:49:05+00:00","breadcrumb":{"@id":"https:\/\/peper.com.ar\/tienda\/soporte-tecnico\/#breadcrumb"},"inLanguage":"es","potentialAction":[{"@type":"ReadAction","target":["https:\/\/peper.com.ar\/tienda\/soporte-tecnico\/"]}]},{"@type":"BreadcrumbList","@id":"https:\/\/peper.com.ar\/tienda\/soporte-tecnico\/#breadcrumb","itemListElement":[{"@type":"ListItem","position":1,"name":"Portada","item":"https:\/\/peper.com.ar\/tienda\/"},{"@type":"ListItem","position":2,"name":"Soporte t\u00e9cnico"}]},{"@type":"WebSite","@id":"https:\/\/peper.com.ar\/tienda\/#website","url":"https:\/\/peper.com.ar\/tienda\/","name":"Peper","description":"Tecnolog\u00eda que abre puertas","potentialAction":[{"@type":"SearchAction","target":{"@type":"EntryPoint","urlTemplate":"https:\/\/peper.com.ar\/tienda\/?s={search_term_string}"},"query-input":"required name=search_term_string"}],"inLanguage":"es"}]}},"_links":{"self":[{"href":"https:\/\/peper.com.ar\/tienda\/wp-json\/wp\/v2\/pages\/68"}],"collection":[{"href":"https:\/\/peper.com.ar\/tienda\/wp-json\/wp\/v2\/pages"}],"about":[{"href":"https:\/\/peper.com.ar\/tienda\/wp-json\/wp\/v2\/types\/page"}],"author":[{"embeddable":true,"href":"https:\/\/peper.com.ar\/tienda\/wp-json\/wp\/v2\/users\/6"}],"replies":[{"embeddable":true,"href":"https:\/\/peper.com.ar\/tienda\/wp-json\/wp\/v2\/comments?post=68"}],"version-history":[{"count":1,"href":"https:\/\/peper.com.ar\/tienda\/wp-json\/wp\/v2\/pages\/68\/revisions"}],"predecessor-version":[{"id":3539,"href":"https:\/\/peper.com.ar\/tienda\/wp-json\/wp\/v2\/pages\/68\/revisions\/3539"}],"wp:attachment":[{"href":"https:\/\/peper.com.ar\/tienda\/wp-json\/wp\/v2\/media?parent=68"}],"curies":[{"name":"wp","href":"https:\/\/api.w.org\/{rel}","templated":true}]}}