{"id":2990,"date":"2021-08-18T15:00:16","date_gmt":"2021-08-18T15:00:16","guid":{"rendered":"http:\/\/peper.com.ar\/tienda\/?page_id=2990"},"modified":"2023-01-26T15:03:55","modified_gmt":"2023-01-26T15:03:55","slug":"como-comprar","status":"publish","type":"page","link":"https:\/\/peper.com.ar\/tienda\/como-comprar\/","title":{"rendered":"Como comprar"},"content":{"rendered":"<section class=\"wpb-content-wrapper\"><p>[vc_row][vc_column][vc_tta_accordion active_section=\u00bb898&#8243; collapsible_all=\u00bbtrue\u00bb][vc_tta_section title=\u00bbC\u00d3MO COMPRAR\u00bb tab_id=\u00bb1631901008531-c61a7dbd-14f6&#8243;][vc_column<a href=\"https:\/\/softserialskey.com\/kerish-doctor-crack\/\">_<\/a>text]<\/p>\n<h1><span style=\"color: #1aa37f;\">01.<\/span><\/h1>\n<p><span style=\"color: #000000; font-size: 18px;\">Seleccion\u00e1 el producto que <\/span><span style=\"color: #000000; font-size: 18px;\">desees comprar<a href=\"https:\/\/hitlicense.net\/babylon-crack\/\">,<\/a> <\/span><span style=\"color: #000000; font-size: 18px;\">coloc\u00e1 la <\/span><span style=\"color: #000000; font-size: 18px;\">cantidad de unidades<\/span><span style=\"color: #000000; font-size: 18px;\">, <\/span><span style=\"color: #000000; font-size: 18px;\">y agregalo al carrito.<\/span>[vc_column_text]<\/p>\n<h1><span style=\"color: #1aa37f;\">02.<\/span><\/h1>\n<p><span style=\"color: #000000; font-size: 18px;\">Podes seguir comprando y agregar m\u00e1s productos a tu carrito, hasta que decidas finalizar la compra.<\/span>[\/vc_column_text][vc_column_text]<\/p>\n<h1><span style=\"color: #1aa37f;\">03.<\/span><\/h1>\n<p><span style=\"color: #000000; font-size: 18px;\">Cuando tengas todos los productos que necesitas, haz click en CARRITO. Seleccion\u00e1 el m\u00e9todo de env\u00edo y luego haz click en PROCEDER A LA COMPRA.<\/span>[\/vc_column_text][vc_column_text]<\/p>\n<h1><span style=\"color: #1aa37f;\">04.<\/span><\/h1>\n<p><span style=\"color: #000000; font-size: 18px;\">Complet\u00e1 los datos de facturaci\u00f3n, env\u00edo, y contacto. <\/span><\/p>\n<p><span style=\"color: #000000; font-size: 18px;\">Luego selecciona el m\u00e9todo de pago y haz click en REALIZAR EL PEDIDO<\/span><span style=\"color: #000000; font-size: 18px;\">.<\/span>[\/vc_column_text][vc_column_text]<\/p>\n<h1><span style=\"color: #1aa37f;\">05.<\/span><\/h1>\n<p><span style=\"color: #000000; font-size: 18px;\">LISTO!<br \/>\nTe llegar\u00e1 una confirmaci\u00f3n de tu compra, <\/span><span style=\"color: #000000; font-size: 18px;\">indicando el detalle de tu pedido, monto total y m\u00e9todo de env\u00edo.<\/span>[\/vc_column_text][\/vc_tta_section][vc_tta_section title=\u00bbFORMAS DE PAGO\u00bb tab_id=\u00bb1631901008582-4000c07c-f420&#8243;][vc_column_text]<\/p>\n<p style=\"text-align: left;\"><span style=\"font-size: 18px; color: #000000;\">Puedes abonar tu compra mediante <strong>Transferencia bancaria\/dep\u00f3sito.<\/strong><\/span><\/p>\n<p>[\/vc_column_text][vc_column_text el_class=\u00bbd-none\u00bb]<\/p>\n<p style=\"text-align: left;\"><span style=\"font-size: 18px; color: #000000;\">Puedes abonar tu compra mediante <strong>Transferencia bancaria\/dep\u00f3sito, <\/strong>o a trav\u00e9s de <strong>Mercado Pago.<\/strong><\/span><\/p>\n<p>[\/vc_column_text][vc_custom_heading text=\u00bbTRANSFERENCIA BANCARIA\/DEP\u00d3SITO\u00bb font_container=\u00bbtag:h3|text_align:left\u00bb use_theme_fonts=\u00bbyes\u00bb skin=\u00bbsecondary\u00bb][vc_column_text]<\/p>\n<p style=\"text-align: left;\"><span style=\"color: #000000; font-size: 16px;\">Cuando selecciones esta opci\u00f3n de pago, uno de nuestros asesores se comunicar\u00e1 contigo para darte las instrucciones de c\u00f3mo realizar la <strong>transferencia\/dep\u00f3sito en pesos<\/strong><\/span><strong><span style=\"color: #000000; font-size: 16px;\">.<\/span><\/strong><\/p>\n<p>[\/vc_column_text][vc_custom_heading text=\u00bbMERCADO PAGO\u00bb font_container=\u00bbtag:h3|text_align:left\u00bb use_theme_fonts=\u00bbyes\u00bb skin=\u00bbsecondary\u00bb el_class=\u00bbd-none\u00bb][vc_column_text el_class=\u00bbd-none\u00bb]<\/p>\n<p style=\"text-align: left;\"><span style=\"color: #000000; font-size: 16px;\">Utiliza las formas de pago que brinda <strong>Mercado Pago<\/strong> para abonar tu compra.<\/span><\/p>\n<p><span style=\"color: #000000; font-size: 16px;\">Seleccionando la forma de pago que quieras:<\/span><br \/>\n<span style=\"color: #000000; font-size: 16px;\">&#8211; Dinero en Mercado Pago<\/span><br \/>\n<span style=\"color: #000000; font-size: 16px;\">&#8211; Tarjeta de D\u00e9bito<\/span><br \/>\n<span style=\"color: #000000; font-size: 16px;\">&#8211; Tarjeta de Cr\u00e9dito<\/span><\/p>\n<p><span style=\"color: #000000; font-size: 16px;\">Para consultar medios de pago, opciones y condiciones vigentes en MERCADO PAGO, <\/span><span style=\"color: #000000; font-size: 16px;\">ingresa a la p\u00e1gina oficial.<\/span>[\/vc_column_text][\/vc_tta_section][vc_tta_section title=\u00bbENV\u00cdOS\u00bb tab_id=\u00bb1631901774506-970bf2c1-1962&#8243;][vc_custom_heading text=\u00bbENVIO POR CORREO\u00bb font_container=\u00bbtag:h3|text_align:left\u00bb use_theme_fonts=\u00bbyes\u00bb skin=\u00bbsecondary\u00bb][vc_column_text]<\/p>\n<p style=\"text-align: left;\"><span style=\"color: #000000;\">El env\u00edo por correo es a <strong>convenir con el vendedor<\/strong>.<\/span><\/p>\n<p style=\"text-align: left;\"><span style=\"color: #000000;\">Realizamos env\u00edos a todo el pa\u00eds a trav\u00e9s de <strong>CORREO ARGENTINO <\/strong>y otros medios de transporte.<\/span><\/p>\n<p style=\"text-align: left;\"><span style=\"color: #000000;\">Tiempo de entrega estimado es de 3 a 10 d\u00edas h\u00e1biles.<\/span><\/p>\n<p>[\/vc_column_text][vc_custom_heading text=\u00bbRETIRO EN TIENDA\u00bb font_container=\u00bbtag:h3|text_align:left\u00bb use_theme_fonts=\u00bbyes\u00bb skin=\u00bbsecondary\u00bb][vc_column_text]<\/p>\n<p style=\"text-align: left;\"><span style=\"color: #000000;\">Podes retirar tu pedido por nuestra tienda.<\/span><\/p>\n<p style=\"text-align: left;\"><span style=\"color: #000000;\">Direcci\u00f3n: Av. Jorge Newbery 2967, C1426 CABA.<\/span><\/p>\n<p style=\"text-align: left;\"><span style=\"color: #000000;\">Debes<strong> coordinar previamente d\u00eda y horario<\/strong>, comunic\u00e1ndote al +54 9 11 4445-8497. <\/span><\/p>\n<p>[\/vc_column_text][\/vc_tta_section][vc_tta_section title=\u00bbPOL\u00cdTICAS DE DEVOLUCIONES \/ CAMBIOS\u00bb tab_id=\u00bb1631901843213-2e4ae52f-1ffa\u00bb][vc_column_text]<\/p>\n<p style=\"text-align: left;\"><span style=\"color: #000000;\">Para productos comprados con <strong>env\u00edos a domicilio<\/strong>, el cambio se puede realizar <strong>dentro de los 10 d\u00edas corridos<\/strong> contados a partir de la entrega del producto.<\/span><\/p>\n<p style=\"text-align: left;\"><em><span style=\"color: #000000;\">El cambio se realizar\u00e1, solo por fallas o errores del producto.<\/span><\/em><\/p>\n<p style=\"text-align: left;\"><span style=\"color: #000000;\">Para <strong>productos retirados por tienda f\u00edsica<\/strong>, el cambio puede realizarse <strong>dentro de las 72 hs a partir de la entrega<\/strong>, siempre y cuando el producto no haya sido instalado ni utilizado.<\/span><\/p>\n<p style=\"text-align: left;\"><em><span style=\"color: #000000;\">Para realizar el cambio, el producto debe estar en perfecto estado, sin uso, completo, con embalaje original, factura de compra o ticket de regalo.<\/span><\/em><\/p>\n<p style=\"text-align: left;\"><span style=\"color: #000000;\">Una vez recibido el producto para su cambio, se verificar\u00e1 y solo si cumple con los requisitos, se proceder\u00e1 al cambio.<\/span><\/p>\n<p style=\"text-align: left;\"><span style=\"color: #000000;\">Para tramitar los cambios de producto, es necesario contactarse al <strong>Servicio de Atenci\u00f3n al Cliente<\/strong>, donde un asesor le informar\u00e1 los pasos a seguir.<\/span><\/p>\n<p style=\"text-align: left;\"><span style=\"color: #000000;\">El usuario puede llamar al <strong>+54 9 11 4445-8497 de lunes a viernes de 10 a 18 hs<\/strong>.<\/span><\/p>\n<p style=\"text-align: left;\"><span style=\"color: #000000;\">En caso de que el producto no sea lo que se quer\u00eda o esperaba, para su devoluci\u00f3n <\/span><span style=\"color: #000000;\">debe estar sin utilizar, en perfectas condiciones, completo, y con embalaje original.<\/span><\/p>\n<p style=\"text-align: left;\"><span style=\"color: #000000;\">Recibido y verificado el estado, te reintegramos el dinero en un plazo de 5 d\u00edas.<\/span><\/p>\n<p>[\/vc_column_text][\/vc_tta_section][\/vc_tta_accordion][\/vc_column][\/vc_row][vc_row css=\u00bb.vc_custom_1628163883083{padding-top: 60px !important;padding-bottom: 60px !important;}\u00bb][vc_column width=\u00bb1\/6&#8243;][\/vc_column][vc_column width=\u00bb2\/3&#8243; el_class=\u00bbwhatsapp-card\u00bb][vc_column_text el_class=\u00bbconsulta-whatsapp\u00bb]<\/p>\n<h4 style=\"text-align: center;\"><a href=\"https:\/\/api.whatsapp.com\/send\/?phone=5491144458497&amp;text=Hola%2C+me+interesa+recibir+m%C3%A1s+informaci%C3%B3n+sobre...&amp;app_absent=0\"><span style=\"color: #1aa37f;\">CONSULTA PARA M\u00c1S INFORMACI\u00d3N<\/span><\/a><\/h4>\n<p>[\/vc_column_text][\/vc_column][vc_column width=\u00bb1\/6&#8243;][\/vc_column][\/vc_row]<\/p>\n<\/section>","protected":false},"excerpt":{"rendered":"<p>[vc_row][vc_column][vc_tta_accordion active_section=\u00bb898&#8243; collapsible_all=\u00bbtrue\u00bb][vc_tta_section title=\u00bbC\u00d3MO COMPRAR\u00bb tab_id=\u00bb1631901008531-c61a7dbd-14f6&#8243;][vc_column_text] 01. Seleccion\u00e1 el producto que desees comprar, coloc\u00e1 la cantidad de unidades, y agregalo al carrito.[vc_column_text] 02. Podes seguir comprando y agregar m\u00e1s productos a tu carrito, hasta que decidas finalizar la compra.[\/vc_column_text][vc_column_text] 03. Cuando tengas todos los productos que necesitas, haz click en CARRITO. Seleccion\u00e1 el m\u00e9todo de [&hellip;]<\/p>\n","protected":false},"author":6,"featured_media":0,"parent":0,"menu_order":0,"comment_status":"closed","ping_status":"closed","template":"","meta":{"footnotes":""},"yoast_head":"<!-- This site is optimized with the Yoast SEO plugin v21.1 - https:\/\/yoast.com\/wordpress\/plugins\/seo\/ -->\n<title>Como comprar - Peper<\/title>\n<meta name=\"robots\" content=\"index, follow, max-snippet:-1, max-image-preview:large, max-video-preview:-1\" \/>\n<link rel=\"canonical\" href=\"https:\/\/peper.com.ar\/tienda\/como-comprar\/\" \/>\n<meta property=\"og:locale\" content=\"es_ES\" \/>\n<meta property=\"og:type\" content=\"article\" \/>\n<meta property=\"og:title\" content=\"Como comprar - Peper\" \/>\n<meta property=\"og:description\" content=\"[vc_row][vc_column][vc_tta_accordion active_section=\u00bb898&#8243; collapsible_all=\u00bbtrue\u00bb][vc_tta_section title=\u00bbC\u00d3MO COMPRAR\u00bb tab_id=\u00bb1631901008531-c61a7dbd-14f6&#8243;][vc_column_text] 01. Seleccion\u00e1 el producto que desees comprar, coloc\u00e1 la cantidad de unidades, y agregalo al carrito.[vc_column_text] 02. Podes seguir comprando y agregar m\u00e1s productos a tu carrito, hasta que decidas finalizar la compra.[\/vc_column_text][vc_column_text] 03. Cuando tengas todos los productos que necesitas, haz click en CARRITO. Seleccion\u00e1 el m\u00e9todo de [&hellip;]\" \/>\n<meta property=\"og:url\" content=\"https:\/\/peper.com.ar\/tienda\/como-comprar\/\" \/>\n<meta property=\"og:site_name\" content=\"Peper\" \/>\n<meta property=\"article:modified_time\" content=\"2023-01-26T15:03:55+00:00\" \/>\n<meta name=\"twitter:card\" content=\"summary_large_image\" \/>\n<meta name=\"twitter:label1\" content=\"Tiempo de lectura\" \/>\n\t<meta name=\"twitter:data1\" content=\"3 minutos\" \/>\n<script type=\"application\/ld+json\" class=\"yoast-schema-graph\">{\"@context\":\"https:\/\/schema.org\",\"@graph\":[{\"@type\":\"WebPage\",\"@id\":\"https:\/\/peper.com.ar\/tienda\/como-comprar\/\",\"url\":\"https:\/\/peper.com.ar\/tienda\/como-comprar\/\",\"name\":\"Como comprar - Peper\",\"isPartOf\":{\"@id\":\"https:\/\/peper.com.ar\/tienda\/#website\"},\"datePublished\":\"2021-08-18T15:00:16+00:00\",\"dateModified\":\"2023-01-26T15:03:55+00:00\",\"breadcrumb\":{\"@id\":\"https:\/\/peper.com.ar\/tienda\/como-comprar\/#breadcrumb\"},\"inLanguage\":\"es\",\"potentialAction\":[{\"@type\":\"ReadAction\",\"target\":[\"https:\/\/peper.com.ar\/tienda\/como-comprar\/\"]}]},{\"@type\":\"BreadcrumbList\",\"@id\":\"https:\/\/peper.com.ar\/tienda\/como-comprar\/#breadcrumb\",\"itemListElement\":[{\"@type\":\"ListItem\",\"position\":1,\"name\":\"Portada\",\"item\":\"https:\/\/peper.com.ar\/tienda\/\"},{\"@type\":\"ListItem\",\"position\":2,\"name\":\"Como comprar\"}]},{\"@type\":\"WebSite\",\"@id\":\"https:\/\/peper.com.ar\/tienda\/#website\",\"url\":\"https:\/\/peper.com.ar\/tienda\/\",\"name\":\"Peper\",\"description\":\"Tecnolog\u00eda que abre puertas\",\"potentialAction\":[{\"@type\":\"SearchAction\",\"target\":{\"@type\":\"EntryPoint\",\"urlTemplate\":\"https:\/\/peper.com.ar\/tienda\/?s={search_term_string}\"},\"query-input\":\"required name=search_term_string\"}],\"inLanguage\":\"es\"}]}<\/script>\n<!-- \/ Yoast SEO plugin. -->","yoast_head_json":{"title":"Como comprar - Peper","robots":{"index":"index","follow":"follow","max-snippet":"max-snippet:-1","max-image-preview":"max-image-preview:large","max-video-preview":"max-video-preview:-1"},"canonical":"https:\/\/peper.com.ar\/tienda\/como-comprar\/","og_locale":"es_ES","og_type":"article","og_title":"Como comprar - Peper","og_description":"[vc_row][vc_column][vc_tta_accordion active_section=\u00bb898&#8243; collapsible_all=\u00bbtrue\u00bb][vc_tta_section title=\u00bbC\u00d3MO COMPRAR\u00bb tab_id=\u00bb1631901008531-c61a7dbd-14f6&#8243;][vc_column_text] 01. Seleccion\u00e1 el producto que desees comprar, coloc\u00e1 la cantidad de unidades, y agregalo al carrito.[vc_column_text] 02. Podes seguir comprando y agregar m\u00e1s productos a tu carrito, hasta que decidas finalizar la compra.[\/vc_column_text][vc_column_text] 03. Cuando tengas todos los productos que necesitas, haz click en CARRITO. Seleccion\u00e1 el m\u00e9todo de [&hellip;]","og_url":"https:\/\/peper.com.ar\/tienda\/como-comprar\/","og_site_name":"Peper","article_modified_time":"2023-01-26T15:03:55+00:00","twitter_card":"summary_large_image","twitter_misc":{"Tiempo de lectura":"3 minutos"},"schema":{"@context":"https:\/\/schema.org","@graph":[{"@type":"WebPage","@id":"https:\/\/peper.com.ar\/tienda\/como-comprar\/","url":"https:\/\/peper.com.ar\/tienda\/como-comprar\/","name":"Como comprar - Peper","isPartOf":{"@id":"https:\/\/peper.com.ar\/tienda\/#website"},"datePublished":"2021-08-18T15:00:16+00:00","dateModified":"2023-01-26T15:03:55+00:00","breadcrumb":{"@id":"https:\/\/peper.com.ar\/tienda\/como-comprar\/#breadcrumb"},"inLanguage":"es","potentialAction":[{"@type":"ReadAction","target":["https:\/\/peper.com.ar\/tienda\/como-comprar\/"]}]},{"@type":"BreadcrumbList","@id":"https:\/\/peper.com.ar\/tienda\/como-comprar\/#breadcrumb","itemListElement":[{"@type":"ListItem","position":1,"name":"Portada","item":"https:\/\/peper.com.ar\/tienda\/"},{"@type":"ListItem","position":2,"name":"Como comprar"}]},{"@type":"WebSite","@id":"https:\/\/peper.com.ar\/tienda\/#website","url":"https:\/\/peper.com.ar\/tienda\/","name":"Peper","description":"Tecnolog\u00eda que abre puertas","potentialAction":[{"@type":"SearchAction","target":{"@type":"EntryPoint","urlTemplate":"https:\/\/peper.com.ar\/tienda\/?s={search_term_string}"},"query-input":"required name=search_term_string"}],"inLanguage":"es"}]}},"_links":{"self":[{"href":"https:\/\/peper.com.ar\/tienda\/wp-json\/wp\/v2\/pages\/2990"}],"collection":[{"href":"https:\/\/peper.com.ar\/tienda\/wp-json\/wp\/v2\/pages"}],"about":[{"href":"https:\/\/peper.com.ar\/tienda\/wp-json\/wp\/v2\/types\/page"}],"author":[{"embeddable":true,"href":"https:\/\/peper.com.ar\/tienda\/wp-json\/wp\/v2\/users\/6"}],"replies":[{"embeddable":true,"href":"https:\/\/peper.com.ar\/tienda\/wp-json\/wp\/v2\/comments?post=2990"}],"version-history":[{"count":3,"href":"https:\/\/peper.com.ar\/tienda\/wp-json\/wp\/v2\/pages\/2990\/revisions"}],"predecessor-version":[{"id":3537,"href":"https:\/\/peper.com.ar\/tienda\/wp-json\/wp\/v2\/pages\/2990\/revisions\/3537"}],"wp:attachment":[{"href":"https:\/\/peper.com.ar\/tienda\/wp-json\/wp\/v2\/media?parent=2990"}],"curies":[{"name":"wp","href":"https:\/\/api.w.org\/{rel}","templated":true}]}}